{"id":12555,"date":"2020-10-08T09:37:51","date_gmt":"2020-10-08T06:37:51","guid":{"rendered":"https:\/\/hookahshop.lt\/?post_type=product&#038;p=12555"},"modified":"2026-04-19T23:29:05","modified_gmt":"2026-04-19T20:29:05","slug":"kaljano-komplektas-alpha-hookah-x-bronze","status":"publish","type":"product","link":"https:\/\/hookahshop.lt\/pl\/produkt\/zestaw-do-fajki-wodnej-alfa-szisza-x-braz\/","title":{"rendered":"Zestaw haczyk\u00f3w ALPHA HOOKAH X Bronze"},"content":{"rendered":"<h2>Zestaw haczyk\u00f3w ALPHA HOOKAH X Bronze<\/h2>\n<p>Alpha Hookah Model X, prostytutka roku na John Calliano Awards 2018 i Hookah Club Show 2020.<br \/>\nJest kompaktowy, \u0142atwy w u\u017cyciu. Wystarczaj\u0105co lekkie jak na fajk\u0119 wodn\u0105, wszystkie jej elementy wykonane s\u0105 z wysokiej jako\u015bci nowoczesnych materia\u0142\u00f3w, zapewniaj\u0105cych doskona\u0142y smak i trwa\u0142o\u015b\u0107 nawet przy regularnym u\u017cytkowaniu.<\/p>\n<p>Wysoko\u015b\u0107 fajki wodnej = 420 mm<\/p>\n<p>Ekwipunek:<br \/>\nWa\u0142 -1 szt.<br \/>\nTalerz do fajki wodnej - 1 szt.<br \/>\nUstnik - 1 szt.<br \/>\nW\u0105\u017c silikonowy - 1 szt.<br \/>\nUszczelki - 2 szt.<br \/>\nKolba - 1 szt.<br \/>\nSzczypce - 1 szt.<br \/>\nKomora grzewcza - 1 szt.<br \/>\nKubek - 1 szt.<br \/>\nW\u0119giel 1kg - 1szt.<br \/>\nP\u0142yta - 1szt.<\/p>\n<p>Czy masz jakie\u015b pytania? Skontaktuj si\u0119 z nami <a href=\"https:\/\/hookahshop.lt\/pl\/lacznosc\/\">strona z kontaktami<\/a> lub napisz do nas na adres <a href=\"https:\/\/facebook.com\/HookahShop.lt\/\" target=\"_blank\" rel=\"noopener noreferrer\">konto na Facebooku<\/a> a my odpowiemy na Twoj\u0105 pro\u015bb\u0119 tego samego dnia.<\/p>","protected":false},"excerpt":{"rendered":"<p>Zestaw fajki wodnej ALPHA HOOKAH X Bronze \u201eAlpha Hookah Model X\u201d, fajka wodna roku wed\u0142ug \u201eJohn Calliano Awards 2018\u201d i \u201eHookah Club Show 2020\u201d. Jest kompaktowa, \u0142atwa w obs\u0142udze. Do\u015b\u0107 lekka fajka wodna, wszystkie jej elementy wykonane s\u0105 z wysokiej jako\u015bci nowoczesnych materia\u0142\u00f3w, co zapewnia doskona\u0142y smak i trwa\u0142o\u015b\u0107 nawet przy regularnym u\u017cytkowaniu. Wysoko\u015b\u0107 fajki wodnej = 420 mm Kompletny zestaw: Trzonek [\u2026]<\/p>","protected":false},"featured_media":28014,"comment_status":"open","ping_status":"closed","template":"","meta":[],"_links":{"self":[{"href":"https:\/\/hookahshop.lt\/pl\/wp-json\/wp\/v2\/product\/12555"}],"collection":[{"href":"https:\/\/hookahshop.lt\/pl\/wp-json\/wp\/v2\/product"}],"about":[{"href":"https:\/\/hookahshop.lt\/pl\/wp-json\/wp\/v2\/types\/product"}],"replies":[{"embeddable":true,"href":"https:\/\/hookahshop.lt\/pl\/wp-json\/wp\/v2\/comments?post=12555"}],"version-history":[{"count":6,"href":"https:\/\/hookahshop.lt\/pl\/wp-json\/wp\/v2\/product\/12555\/revisions"}],"predecessor-version":[{"id":34566,"href":"https:\/\/hookahshop.lt\/pl\/wp-json\/wp\/v2\/product\/12555\/revisions\/34566"}],"wp:featuredmedia":[{"embeddable":true,"href":"https:\/\/hookahshop.lt\/pl\/wp-json\/wp\/v2\/media\/28014"}],"wp:attachment":[{"href":"https:\/\/hookahshop.lt\/pl\/wp-json\/wp\/v2\/media?parent=12555"}],"curies":[{"name":"wp","href":"https:\/\/api.w.org\/{rel}","templated":true}]}}