{"id":12603,"date":"2020-10-19T15:51:29","date_gmt":"2020-10-19T12:51:29","guid":{"rendered":"https:\/\/hookahshop.lt\/?post_type=product&#038;p=12603"},"modified":"2026-04-19T23:28:49","modified_gmt":"2026-04-19T20:28:49","slug":"individualus-kaljano-kandiklis-mun-daily-smoke-with-style","status":"publish","type":"product","link":"https:\/\/hookahshop.lt\/pl\/produkt\/indywidualny-ustnik-szisza-mun-daily-dym-w-stylu\/","title":{"rendered":"Niestandardowy ustnik do fajki wodnej MUN Daily Smoke With Style"},"content":{"rendered":"<h2>Indywidualny ustnik do fajki wodnej MUN Daily Smoke With Style (plastik)<\/h2>\n<p>to \u015bwietny osobisty ustnik wykonany z tworzywa sztucznego.<\/p>\n<p>Czy masz jakie\u015b pytania? Skontaktuj si\u0119 z nami <a href=\"https:\/\/hookahshop.lt\/pl\/lacznosc\/\">strona z kontaktami<\/a> lub napisz do nas na adres <a href=\"https:\/\/facebook.com\/HookahShop.lt\/\" target=\"_blank\" rel=\"noopener noreferrer\">konto na Facebooku<\/a> a my odpowiemy na Twoj\u0105 pro\u015bb\u0119 tego samego dnia.<\/p>","protected":false},"excerpt":{"rendered":"<p>Spersonalizowany ustnik do fajki wodnej MUN Daily Smoke With Style (plastik) to pi\u0119knie zaprojektowany osobisty ustnik wykonany z tworzywa sztucznego. Czy masz jakie\u015b pytania? Skontaktuj si\u0119 z nami na stronie kontaktowej lub napisz do nas na naszym koncie na Facebooku, a my odpowiemy na Twoj\u0105 pro\u015bb\u0119 jeszcze tego samego dnia.<\/p>","protected":false},"featured_media":12609,"comment_status":"open","ping_status":"closed","template":"","meta":[],"_links":{"self":[{"href":"https:\/\/hookahshop.lt\/pl\/wp-json\/wp\/v2\/product\/12603"}],"collection":[{"href":"https:\/\/hookahshop.lt\/pl\/wp-json\/wp\/v2\/product"}],"about":[{"href":"https:\/\/hookahshop.lt\/pl\/wp-json\/wp\/v2\/types\/product"}],"replies":[{"embeddable":true,"href":"https:\/\/hookahshop.lt\/pl\/wp-json\/wp\/v2\/comments?post=12603"}],"version-history":[{"count":2,"href":"https:\/\/hookahshop.lt\/pl\/wp-json\/wp\/v2\/product\/12603\/revisions"}],"predecessor-version":[{"id":25897,"href":"https:\/\/hookahshop.lt\/pl\/wp-json\/wp\/v2\/product\/12603\/revisions\/25897"}],"wp:featuredmedia":[{"embeddable":true,"href":"https:\/\/hookahshop.lt\/pl\/wp-json\/wp\/v2\/media\/12609"}],"wp:attachment":[{"href":"https:\/\/hookahshop.lt\/pl\/wp-json\/wp\/v2\/media?parent=12603"}],"curies":[{"name":"wp","href":"https:\/\/api.w.org\/{rel}","templated":true}]}}