{"id":12623,"date":"2020-10-19T22:03:00","date_gmt":"2020-10-19T19:03:00","guid":{"rendered":"https:\/\/hookahshop.lt\/?post_type=product&#038;p=12623"},"modified":"2026-04-22T23:29:21","modified_gmt":"2026-04-22T20:29:21","slug":"sepetys-kaljano-kolbai-arma","status":"publish","type":"product","link":"https:\/\/hookahshop.lt\/pl\/produkt\/kosze-fajki-fajki-arma\/","title":{"rendered":"Szczotka do fajki wodnej ARMA"},"content":{"rendered":"<h2>SZCZOTKI DO BUTELEK DO SZISZY ARMA<\/h2>\n<p>P\u0119dzel przeznaczony jest do czyszczenia kolby na fajk\u0119 wodn\u0105, zaleca si\u0119 stosowa\u0107 razem ze \u015brodkami czyszcz\u0105cymi. Dociera i pomaga oczy\u015bci\u0107 wszelkie zanieczyszczenia.<br \/>\nAby palenie by\u0142o wygodniejsze i aby fajka trwa\u0142a d\u0142u\u017cej, nale\u017cy j\u0105 dobrze umy\u0107.<br \/>\nSzczotka do kolb ARMA usuwa ma\u0142e cz\u0105steczki i osady, kt\u00f3re mog\u0105 pozosta\u0107 w kolbie, jednocze\u015bnie przepuszczaj\u0105c \u015bwiat\u0142o.<\/p>\n<p>Charakterystyka:<br \/>\nD\u0142ugo\u015b\u0107 p\u0119dzla: 40cm<br \/>\nD\u0142ugo\u015b\u0107 w\u0142osia: 18cm<br \/>\nSzeroko\u015b\u0107 w\u0142osia: 11cm<br \/>\nD\u0142ugo\u015b\u0107 r\u0105czki: 12 cm<br \/>\nR\u0119koje\u015b\u0107: drewno<br \/>\nWaga: oko\u0142o 70g.<\/p>\n<p>Czy masz jakie\u015b pytania? Skontaktuj si\u0119 z nami <a href=\"https:\/\/hookahshop.lt\/pl\/lacznosc\/\">strona z kontaktami<\/a> lub napisz do nas na adres <a href=\"https:\/\/facebook.com\/HookahShop.lt\/\" target=\"_blank\" rel=\"noopener noreferrer\">konto na Facebooku<\/a> a my odpowiemy na Twoj\u0105 pro\u015bb\u0119 tego samego dnia.<\/p>\n<p>&nbsp;<\/p>","protected":false},"excerpt":{"rendered":"<p>P\u0118DZEL DO FLAGI SZISZY ARMA P\u0119dzel przeznaczony jest do czyszczenia kolby do fajki wodnej, zaleca si\u0119 stosowa\u0107 \u0142\u0105cznie ze \u015brodkami czyszcz\u0105cymi. Dociera i pomaga oczy\u015bci\u0107 wszelkie zanieczyszczenia. Aby palenie by\u0142o wygodniejsze i aby fajka trwa\u0142a d\u0142u\u017cej, nale\u017cy j\u0105 dobrze umy\u0107. Szczotka do kolb ARMA usuwa ma\u0142e cz\u0105steczki i osady, kt\u00f3re mog\u0105 pozosta\u0107 w kolbie, jednocze\u015bnie przepuszczaj\u0105c \u015bwiat\u0142o. Charakterystyka: D\u0142ugo\u015b\u0107 p\u0119dzla: 40cm W\u0142osie [\u2026]<\/p>","protected":false},"featured_media":12624,"comment_status":"open","ping_status":"closed","template":"","meta":[],"_links":{"self":[{"href":"https:\/\/hookahshop.lt\/pl\/wp-json\/wp\/v2\/product\/12623"}],"collection":[{"href":"https:\/\/hookahshop.lt\/pl\/wp-json\/wp\/v2\/product"}],"about":[{"href":"https:\/\/hookahshop.lt\/pl\/wp-json\/wp\/v2\/types\/product"}],"replies":[{"embeddable":true,"href":"https:\/\/hookahshop.lt\/pl\/wp-json\/wp\/v2\/comments?post=12623"}],"version-history":[{"count":2,"href":"https:\/\/hookahshop.lt\/pl\/wp-json\/wp\/v2\/product\/12623\/revisions"}],"predecessor-version":[{"id":29312,"href":"https:\/\/hookahshop.lt\/pl\/wp-json\/wp\/v2\/product\/12623\/revisions\/29312"}],"wp:featuredmedia":[{"embeddable":true,"href":"https:\/\/hookahshop.lt\/pl\/wp-json\/wp\/v2\/media\/12624"}],"wp:attachment":[{"href":"https:\/\/hookahshop.lt\/pl\/wp-json\/wp\/v2\/media?parent=12623"}],"curies":[{"name":"wp","href":"https:\/\/api.w.org\/{rel}","templated":true}]}}