{"id":12640,"date":"2020-10-19T23:02:31","date_gmt":"2020-10-19T20:02:31","guid":{"rendered":"https:\/\/hookahshop.lt\/?post_type=product&#038;p=12640"},"modified":"2026-04-13T16:23:22","modified_gmt":"2026-04-13T13:23:22","slug":"kolba-kaljanui-daly-pearl-blue","status":"publish","type":"product","link":"https:\/\/hookahshop.lt\/pl\/produkt\/kolba-do-sziszy-daly-perlowo-niebieska\/","title":{"rendered":"Kolba do fajki wodnej DALY Pearl Blue"},"content":{"rendered":"<h2>Kolba do fajki wodnej DALY Pearl Blue<\/h2>\n<p>Kolba wykonana jest z wysokiej jako\u015bci grubego szk\u0142a.<\/p>\n<p>Kolba ma per\u0142owo-niebieski kolor, kt\u00f3ry pi\u0119knie mieni si\u0119 w \u015bwietle, a b\u0142yszcz\u0105ce wyko\u0144czenie nadaje jej jeszcze bardziej szykownego i wyrazistego kolorystycznego wygl\u0105du. Pasuje do prawie wszystkich nowoczesnych fajek wodnych. Kraw\u0119d\u017a termosu u\u0142atwi wygodne trzymanie fajki wodnej, dzi\u0119ki czemu nie wy\u015blizgnie si\u0119 ona z r\u0105k. Kolb\u0119 pokryto wysokiej jako\u015bci farb\u0105, kt\u00f3ra sprawi, \u017ce z biegiem czasu b\u0119dzie wygl\u0105da\u0107 jak nowa, nawet po wielu u\u017cyciach. Ta kolba ma grube \u015bcianki. Grube \u015bcianki zapewni\u0105 doskona\u0142\u0105 izolacj\u0119 akustyczn\u0105, co jest o tyle wa\u017cne, gdy palimy bez dyfuzora.<\/p>\n<p><strong><span title=\"\">Specyfikacje:<\/span><\/strong><br \/>\nWysoko\u015b\u0107: 260 mm<br \/>\nSvoris: ~ 2020 g<br \/>\n\u015arednica zewn\u0119trzna otworu: 72 mm<br \/>\n\u015arednica otworu wewn\u0119trznego: 46 mm<br \/>\nMateria\u0142 produktu: szk\u0142o<\/p>\n<p>Czy masz jakie\u015b pytania? Skontaktuj si\u0119 z nami <a href=\"https:\/\/hookahshop.lt\/pl\/lacznosc\/\">strona z kontaktami<\/a> lub napisz do nas na adres <a href=\"https:\/\/facebook.com\/HookahShop.lt\/\" target=\"_blank\" rel=\"noopener noreferrer\">konto na Facebooku<\/a> a my odpowiemy na Twoj\u0105 pro\u015bb\u0119 tego samego dnia.<\/p>","protected":false},"excerpt":{"rendered":"<p>Piersi\u00f3wka do fajki wodnej DALY Pearl Blue Kolba wykonana jest z wysokiej jako\u015bci grubego szk\u0142a. Kolba ma per\u0142owo-niebieski kolor, kt\u00f3ry pi\u0119knie mieni si\u0119 w \u015bwietle, a b\u0142yszcz\u0105ce wyko\u0144czenie nadaje jej jeszcze bardziej szykownego i wyrazistego kolorystycznego wygl\u0105du. Pasuje do prawie wszystkich nowoczesnych fajek wodnych. Kraw\u0119d\u017a termosu u\u0142atwi wygodne trzymanie fajki wodnej, dzi\u0119ki czemu nie wy\u015blizgnie si\u0119 ona z r\u0105k. Kolb\u0119 t\u0119 pokryto pow\u0142ok\u0105 o wysokiej [\u2026]<\/p>","protected":false},"featured_media":12641,"comment_status":"open","ping_status":"closed","template":"","meta":[],"_links":{"self":[{"href":"https:\/\/hookahshop.lt\/pl\/wp-json\/wp\/v2\/product\/12640"}],"collection":[{"href":"https:\/\/hookahshop.lt\/pl\/wp-json\/wp\/v2\/product"}],"about":[{"href":"https:\/\/hookahshop.lt\/pl\/wp-json\/wp\/v2\/types\/product"}],"replies":[{"embeddable":true,"href":"https:\/\/hookahshop.lt\/pl\/wp-json\/wp\/v2\/comments?post=12640"}],"version-history":[{"count":7,"href":"https:\/\/hookahshop.lt\/pl\/wp-json\/wp\/v2\/product\/12640\/revisions"}],"predecessor-version":[{"id":45121,"href":"https:\/\/hookahshop.lt\/pl\/wp-json\/wp\/v2\/product\/12640\/revisions\/45121"}],"wp:featuredmedia":[{"embeddable":true,"href":"https:\/\/hookahshop.lt\/pl\/wp-json\/wp\/v2\/media\/12641"}],"wp:attachment":[{"href":"https:\/\/hookahshop.lt\/pl\/wp-json\/wp\/v2\/media?parent=12640"}],"curies":[{"name":"wp","href":"https:\/\/api.w.org\/{rel}","templated":true}]}}