{"id":12651,"date":"2020-10-19T23:22:48","date_gmt":"2020-10-19T20:22:48","guid":{"rendered":"https:\/\/hookahshop.lt\/?post_type=product&#038;p=12651"},"modified":"2026-04-14T23:29:07","modified_gmt":"2026-04-14T20:29:07","slug":"kolba-kaljanui-hookahtree-c3-black-alabaster","status":"publish","type":"product","link":"https:\/\/hookahshop.lt\/pl\/produkt\/szisza-butelka-hookahtree-c3-czarny-alabaster\/","title":{"rendered":"Termos na \u0142ysienie HOOKAHTREE C3 Czarny Alabaster"},"content":{"rendered":"<h2>Termos na \u0142ysienie HOOKAHTREE C3 Czarny Alabaster<\/h2>\n<p>Ta r\u0119cznie robiona kolba wykonana jest z wysokiej jako\u015bci szk\u0142a o grubo\u015bci 5 mm.<\/p>\n<p>Kolba jest bogata w kolory, ozdobiona czarnymi kropkami, a dzi\u0119ki b\u0142yszcz\u0105cej powierzchni ma jeszcze bardziej szykowny i ekskluzywny kolorystycznie wygl\u0105d. Nadaje si\u0119 do prawie wszystkich nowoczesnych fajek wodnych. Kraw\u0119d\u017a flakonu pomo\u017ce Ci wygodnie trzyma\u0107 fajk\u0119 wodn\u0105, tak aby nie wy\u015blizgn\u0119\u0142a si\u0119 z r\u0105k. Ten bidon jest pokryty wysokiej jako\u015bci farb\u0105, dzi\u0119ki kt\u00f3rej nawet po wielu u\u017cyciach b\u0119dzie wygl\u0105da\u0142 jak nowy przez d\u0142ugi czas. Ta kolba jest grubo\u015bcienna. Grube \u015bcianki zapewni\u0105 doskona\u0142\u0105 izolacj\u0119 akustyczn\u0105, co jest o tyle wa\u017cne przy paleniu bez dyfuzora.<\/p>\n<p><strong><span title=\"\">Specyfikacje:<\/span><\/strong><br \/>\nWysoko\u015b\u0107: 252 mm<br \/>\nSvoris: ~ 1540 g<br \/>\n\u015arednica otworu zewn\u0119trznego: 69 mm<br \/>\nWewn\u0119trzna \u015brednica otworu: 48 mm<br \/>\nMateria\u0142 produktu: szk\u0142o<\/p>\n<p>Czy masz jakie\u015b pytania? Skontaktuj si\u0119 z nami <a href=\"https:\/\/hookahshop.lt\/pl\/lacznosc\/\">strona z kontaktami<\/a> lub napisz do nas na adres <a href=\"https:\/\/facebook.com\/HookahShop.lt\/\" target=\"_blank\" rel=\"noopener noreferrer\">konto na Facebooku<\/a> a my odpowiemy na Twoj\u0105 pro\u015bb\u0119 tego samego dnia.<\/p>","protected":false},"excerpt":{"rendered":"<p>Piersi\u00f3wka do fajki wodnej HOOKAHTREE C3 Czarny Alabaster Ta r\u0119cznie robiona kolba wykonana jest z wysokiej jako\u015bci szk\u0142a o grubo\u015bci 5 mm. Flakon jest bogaty w kolory, ozdobiony czarnymi kropkami, a dzi\u0119ki b\u0142yszcz\u0105cej powierzchni ma jeszcze bardziej elegancki i ekskluzywny wygl\u0105d kolorystyczny. Pasuje do prawie wszystkich nowoczesnych fajek wodnych. Kraw\u0119d\u017a termosu u\u0142atwi wygodne trzymanie fajki wodnej, dzi\u0119ki czemu nie wy\u015blizgnie si\u0119 ona z r\u0105k. Ta kolba [\u2026]<\/p>","protected":false},"featured_media":12652,"comment_status":"open","ping_status":"closed","template":"","meta":[],"_links":{"self":[{"href":"https:\/\/hookahshop.lt\/pl\/wp-json\/wp\/v2\/product\/12651"}],"collection":[{"href":"https:\/\/hookahshop.lt\/pl\/wp-json\/wp\/v2\/product"}],"about":[{"href":"https:\/\/hookahshop.lt\/pl\/wp-json\/wp\/v2\/types\/product"}],"replies":[{"embeddable":true,"href":"https:\/\/hookahshop.lt\/pl\/wp-json\/wp\/v2\/comments?post=12651"}],"version-history":[{"count":5,"href":"https:\/\/hookahshop.lt\/pl\/wp-json\/wp\/v2\/product\/12651\/revisions"}],"predecessor-version":[{"id":45136,"href":"https:\/\/hookahshop.lt\/pl\/wp-json\/wp\/v2\/product\/12651\/revisions\/45136"}],"wp:featuredmedia":[{"embeddable":true,"href":"https:\/\/hookahshop.lt\/pl\/wp-json\/wp\/v2\/media\/12652"}],"wp:attachment":[{"href":"https:\/\/hookahshop.lt\/pl\/wp-json\/wp\/v2\/media?parent=12651"}],"curies":[{"name":"wp","href":"https:\/\/api.w.org\/{rel}","templated":true}]}}