{"id":12655,"date":"2020-10-19T23:42:11","date_gmt":"2020-10-19T20:42:11","guid":{"rendered":"https:\/\/hookahshop.lt\/?post_type=product&#038;p=12655"},"modified":"2026-04-10T23:29:12","modified_gmt":"2026-04-10T20:29:12","slug":"kolba-kaljanui-hookahtree-c3-amber","status":"publish","type":"product","link":"https:\/\/hookahshop.lt\/pl\/produkt\/kolba-szisza-szisza-c3-amber\/","title":{"rendered":"Termos na \u0142ysienie HOOKAHTREE C3 Amber"},"content":{"rendered":"<h2>Termos na \u0142ysienie HOOKAHTREE C3 Amber<\/h2>\n<p>Ta r\u0119cznie robiona kolba wykonana jest z wysokiej jako\u015bci szk\u0142a o grubo\u015bci 5 mm.<\/p>\n<p>Kolba jest dost\u0119pna w bogatych br\u0105zowych i z\u0142otych kolorach, a b\u0142yszcz\u0105ca powierzchnia nadaje jej jeszcze bardziej elegancki i ekskluzywny wygl\u0105d. Pasuje do prawie wszystkich nowoczesnych fajek wodnych. Kraw\u0119d\u017a termosu u\u0142atwi wygodne trzymanie fajki wodnej, dzi\u0119ki czemu nie wy\u015blizgnie si\u0119 ona z r\u0105k. Kolb\u0119 pokryto wysokiej jako\u015bci farb\u0105, kt\u00f3ra sprawi, \u017ce z biegiem czasu b\u0119dzie wygl\u0105da\u0107 jak nowa, nawet po wielu u\u017cyciach. Ta kolba ma grube \u015bcianki. Grube \u015bcianki zapewni\u0105 doskona\u0142\u0105 izolacj\u0119 akustyczn\u0105, co jest o tyle wa\u017cne, gdy palimy bez dyfuzora.<\/p>\n<p><strong><span title=\"\">Specyfikacje:<\/span><\/strong><br \/>\nWysoko\u015b\u0107: 252 mm<br \/>\nWaga: ~ 1600 g<br \/>\n\u015arednica otworu zewn\u0119trznego: 71 mm<br \/>\nWewn\u0119trzna \u015brednica otworu: 48 mm<br \/>\nMateria\u0142 produktu: szk\u0142o<\/p>\n<p>Czy masz jakie\u015b pytania? Skontaktuj si\u0119 z nami <a href=\"https:\/\/hookahshop.lt\/pl\/lacznosc\/\">strona z kontaktami<\/a> lub napisz do nas na adres <a href=\"https:\/\/facebook.com\/HookahShop.lt\/\" target=\"_blank\" rel=\"noopener noreferrer\">konto na Facebooku<\/a> a my odpowiemy na Twoj\u0105 pro\u015bb\u0119 tego samego dnia.<\/p>","protected":false},"excerpt":{"rendered":"<p>Piersi\u00f3wka do fajki wodnej HOOKAHTREE C3 Amber Ta r\u0119cznie robiona kolba wykonana jest z wysokiej jako\u015bci szk\u0142a o grubo\u015bci 5 mm. Kolba jest dost\u0119pna w bogatych br\u0105zowych i z\u0142otych kolorach, a b\u0142yszcz\u0105ca powierzchnia nadaje jej jeszcze bardziej elegancki i ekskluzywny wygl\u0105d. Pasuje do prawie wszystkich nowoczesnych fajek wodnych. Kraw\u0119d\u017a termosu u\u0142atwi wygodne trzymanie fajki wodnej, dzi\u0119ki czemu nie wy\u015blizgnie si\u0119 ona z r\u0105k. Kolba ta jest pokryta [\u2026]<\/p>","protected":false},"featured_media":12656,"comment_status":"open","ping_status":"closed","template":"","meta":[],"_links":{"self":[{"href":"https:\/\/hookahshop.lt\/pl\/wp-json\/wp\/v2\/product\/12655"}],"collection":[{"href":"https:\/\/hookahshop.lt\/pl\/wp-json\/wp\/v2\/product"}],"about":[{"href":"https:\/\/hookahshop.lt\/pl\/wp-json\/wp\/v2\/types\/product"}],"replies":[{"embeddable":true,"href":"https:\/\/hookahshop.lt\/pl\/wp-json\/wp\/v2\/comments?post=12655"}],"version-history":[{"count":7,"href":"https:\/\/hookahshop.lt\/pl\/wp-json\/wp\/v2\/product\/12655\/revisions"}],"predecessor-version":[{"id":45134,"href":"https:\/\/hookahshop.lt\/pl\/wp-json\/wp\/v2\/product\/12655\/revisions\/45134"}],"wp:featuredmedia":[{"embeddable":true,"href":"https:\/\/hookahshop.lt\/pl\/wp-json\/wp\/v2\/media\/12656"}],"wp:attachment":[{"href":"https:\/\/hookahshop.lt\/pl\/wp-json\/wp\/v2\/media?parent=12655"}],"curies":[{"name":"wp","href":"https:\/\/api.w.org\/{rel}","templated":true}]}}