{"id":12671,"date":"2020-10-20T00:21:45","date_gmt":"2020-10-19T21:21:45","guid":{"rendered":"https:\/\/hookahshop.lt\/?post_type=product&#038;p=12671"},"modified":"2026-04-06T23:28:56","modified_gmt":"2026-04-06T20:28:56","slug":"kandiklis-kaljanui-arma-black-silver","status":"publish","type":"product","link":"https:\/\/hookahshop.lt\/pl\/produkt\/ustnik-do-sziszy-arma-czarno-srebrny\/","title":{"rendered":"Zawieszka do fajki wodnej ARMA Czarna Srebrna"},"content":{"rendered":"<h2>Zawieszka do fajki wodnej ARMA Czarna Srebrna<\/h2>\n<p>Wykonane z aluminium. W zestawie znajduje si\u0119 z\u0142\u0105cze.<br \/>\nUstnik + \u0142\u0105cznik ARMA dobrze le\u017cy w d\u0142oni i nadaje si\u0119 do r\u00f3\u017cnych fajek wodnych.<\/p>\n<p>Specyfikacja:<br \/>\nD\u0142ugo\u015b\u0107 t\u0142umika: 345mm<br \/>\nWewn\u0119trzna \u015brednica ustnika: 9mm<br \/>\nD\u0142ugo\u015b\u0107 z\u0142\u0105cza: 57mm<br \/>\nD\u0142ugo\u015b\u0107 z\u0142\u0105cza wewn\u0119trznego: 10mm<br \/>\nCa\u0142kowita waga ustnika wraz z \u0142\u0105cznikiem wynosi 140g.<\/p>\n<p>Czy masz jakie\u015b pytania? Skontaktuj si\u0119 z nami <a href=\"https:\/\/hookahshop.lt\/pl\/lacznosc\/\">strona z kontaktami<\/a> lub napisz do nas na adres <a href=\"https:\/\/facebook.com\/HookahShop.lt\/\" target=\"_blank\" rel=\"noopener noreferrer\">konto na Facebooku<\/a> a my odpowiemy na Twoj\u0105 pro\u015bb\u0119 tego samego dnia.<\/p>","protected":false},"excerpt":{"rendered":"<p>Ustnik do fajki wodnej ARMA Czarny Srebrny Wykonany z aluminium. W zestawie znajduje si\u0119 z\u0142\u0105cze. Ustnik + \u0142\u0105cznik ARMA dobrze le\u017cy w d\u0142oni i nadaje si\u0119 do r\u00f3\u017cnych fajek wodnych. Specyfikacja: D\u0142ugo\u015b\u0107 t\u0142umika: 345mm \u015arednica wewn\u0119trzna t\u0142umika: 9mm D\u0142ugo\u015b\u0107 z\u0142\u0105cza: 57mm D\u0142ugo\u015b\u0107 wewn\u0119trzna z\u0142\u0105cza: 10mm Ca\u0142kowita waga t\u0142umika ze z\u0142\u0105czem 140g. Czy masz jakie\u015b pytania? Skontaktuj si\u0119 z nami na stronie kontaktowej lub napisz do nas na Facebooku [\u2026]<\/p>","protected":false},"featured_media":12672,"comment_status":"open","ping_status":"closed","template":"","meta":[],"_links":{"self":[{"href":"https:\/\/hookahshop.lt\/pl\/wp-json\/wp\/v2\/product\/12671"}],"collection":[{"href":"https:\/\/hookahshop.lt\/pl\/wp-json\/wp\/v2\/product"}],"about":[{"href":"https:\/\/hookahshop.lt\/pl\/wp-json\/wp\/v2\/types\/product"}],"replies":[{"embeddable":true,"href":"https:\/\/hookahshop.lt\/pl\/wp-json\/wp\/v2\/comments?post=12671"}],"version-history":[{"count":6,"href":"https:\/\/hookahshop.lt\/pl\/wp-json\/wp\/v2\/product\/12671\/revisions"}],"predecessor-version":[{"id":35290,"href":"https:\/\/hookahshop.lt\/pl\/wp-json\/wp\/v2\/product\/12671\/revisions\/35290"}],"wp:featuredmedia":[{"embeddable":true,"href":"https:\/\/hookahshop.lt\/pl\/wp-json\/wp\/v2\/media\/12672"}],"wp:attachment":[{"href":"https:\/\/hookahshop.lt\/pl\/wp-json\/wp\/v2\/media?parent=12671"}],"curies":[{"name":"wp","href":"https:\/\/api.w.org\/{rel}","templated":true}]}}