{"id":12675,"date":"2020-10-20T00:42:25","date_gmt":"2020-10-19T21:42:25","guid":{"rendered":"https:\/\/hookahshop.lt\/?post_type=product&#038;p=12675"},"modified":"2026-04-10T23:29:18","modified_gmt":"2026-04-10T20:29:18","slug":"taurele-kaljanui-havona-moai-classic","status":"publish","type":"product","link":"https:\/\/hookahshop.lt\/pl\/produkt\/kubek-szisza-havona-moai-klasyczny\/","title":{"rendered":"Kubek do fajki wodnej HAVONA Moai Classic"},"content":{"rendered":"<h2>Kubek do fajki wodnej HAVONA Moai Classic<\/h2>\n<p>Kubek do fajki wodnej Havona Moai Classic - to wysokiej jako\u015bci, r\u0119cznie robiony, limitowany kubek z bia\u0142ej gliny.<\/p>\n<p>Miseczki Moai s\u0105 bardzo wygodne, po\u0142\u0105czenie pasuje do wszystkich uszczelek.<\/p>\n<p>Fili\u017canki Havona Moai Classic b\u0119d\u0105 wspania\u0142ym dodatkiem do Twojej kolekcji, a stylowe opakowanie sprawia, \u017ce idealnie nadaj\u0105 si\u0119 na prezent.<\/p>\n<p>Projekt ka\u017cdego kubka jest ciekawy i indywidualny, kupuj\u0105c ten kubek masz pewno\u015b\u0107, \u017ce Tw\u00f3j kubek ma niepowtarzalny kolor. Ka\u017cdy kubek jest dobrze zaprojektowany.<\/p>\n<p>Specyfikacje:<\/p>\n<p>Wysoko\u015b\u0107: 107 mm<br \/>\n\u015arednica (zewn\u0119trzna): 78mm<br \/>\n\u015arednica (wewn\u0119trzna): 65 mm<br \/>\nG\u0142\u0119boko\u015b\u0107: 14 mm<br \/>\n\u015arednica otworu: 10 mm<br \/>\nIlo\u015b\u0107 otwor\u00f3w: 6 szt<br \/>\nWaga: oko\u0142o 270 gram\u00f3w.<\/p>\n<p>Czy masz jakie\u015b pytania? Skontaktuj si\u0119 z nami <a href=\"https:\/\/hookahshop.lt\/pl\/lacznosc\/\">strona z kontaktami<\/a> lub napisz do nas na adres <a href=\"https:\/\/facebook.com\/HookahShop.lt\/\" target=\"_blank\" rel=\"noopener noreferrer\">konto na Facebooku<\/a> a my odpowiemy na Twoj\u0105 pro\u015bb\u0119 tego samego dnia.<\/p>","protected":false},"excerpt":{"rendered":"<p>Kubek na fajk\u0119 wodn\u0105 HAVONA Moai Classic Kubek na fajk\u0119 wodn\u0105 Havona Moai Classic - to wysokiej jako\u015bci, r\u0119cznie wykonany, limitowany kubek z bia\u0142ej glinki. Miseczki Moai s\u0105 bardzo wygodne, po\u0142\u0105czenie pasuje do wszystkich uszczelek. Kubki od Havona Moai Classic b\u0119d\u0105 doskona\u0142ym dodatkiem do Twojej kolekcji, a stylowe opakowanie sprawia, \u017ce idealnie nadaj\u0105 si\u0119 na prezent. Projekt ka\u017cdego kubka jest ciekawy i indywidualny, je\u015bli kupisz ten [\u2026]<\/p>","protected":false},"featured_media":12676,"comment_status":"open","ping_status":"closed","template":"","meta":[],"_links":{"self":[{"href":"https:\/\/hookahshop.lt\/pl\/wp-json\/wp\/v2\/product\/12675"}],"collection":[{"href":"https:\/\/hookahshop.lt\/pl\/wp-json\/wp\/v2\/product"}],"about":[{"href":"https:\/\/hookahshop.lt\/pl\/wp-json\/wp\/v2\/types\/product"}],"replies":[{"embeddable":true,"href":"https:\/\/hookahshop.lt\/pl\/wp-json\/wp\/v2\/comments?post=12675"}],"version-history":[{"count":3,"href":"https:\/\/hookahshop.lt\/pl\/wp-json\/wp\/v2\/product\/12675\/revisions"}],"predecessor-version":[{"id":39809,"href":"https:\/\/hookahshop.lt\/pl\/wp-json\/wp\/v2\/product\/12675\/revisions\/39809"}],"wp:featuredmedia":[{"embeddable":true,"href":"https:\/\/hookahshop.lt\/pl\/wp-json\/wp\/v2\/media\/12676"}],"wp:attachment":[{"href":"https:\/\/hookahshop.lt\/pl\/wp-json\/wp\/v2\/media?parent=12675"}],"curies":[{"name":"wp","href":"https:\/\/api.w.org\/{rel}","templated":true}]}}