{"id":12679,"date":"2020-10-20T00:59:11","date_gmt":"2020-10-19T21:59:11","guid":{"rendered":"https:\/\/hookahshop.lt\/?post_type=product&#038;p=12679"},"modified":"2026-05-13T23:29:31","modified_gmt":"2026-05-13T20:29:31","slug":"taurele-kaljanui-havona-moai-phunnel","status":"publish","type":"product","link":"https:\/\/hookahshop.lt\/pl\/produkt\/kubek-szisza-havona-moai-phunnel\/","title":{"rendered":"Kubek do fajki wodnej HAVONA Moai Phunnel"},"content":{"rendered":"<h2>Kubek do fajki wodnej HAVONA Moai Phunnel<\/h2>\n<p>Jest to wysokiej jako\u015bci, r\u0119cznie robiony, limitowany kubek z bia\u0142ej gliny.<\/p>\n<p>Miseczki Moai s\u0105 bardzo wygodne, po\u0142\u0105czenie pasuje do wszystkich uszczelek.<\/p>\n<p>Kubki od Havona Moai Phunnel b\u0119d\u0105 doskona\u0142ym dodatkiem do Twojej kolekcji, a stylowe opakowanie sprawia, \u017ce idealnie nadaj\u0105 si\u0119 na prezent.<\/p>\n<p>Projekt ka\u017cdego kubka jest ciekawy i indywidualny, kupuj\u0105c ten kubek masz pewno\u015b\u0107, \u017ce Tw\u00f3j kubek ma niepowtarzalny kolor. Ka\u017cdy kubek jest dobrze zaprojektowany.<\/p>\n<p>Specyfikacje:<\/p>\n<p>Wysoko\u015b\u0107: 107 mm<br \/>\n\u015arednica (zewn\u0119trzna): 78mm<br \/>\n\u015arednica (wewn\u0119trzna): 65 mm<br \/>\nG\u0142\u0119boko\u015b\u0107: 14 mm<br \/>\n\u015arednica otworu: 10 mm<br \/>\nLiczba otwor\u00f3w: 1 szt<br \/>\nWaga: oko\u0142o 297 g.<\/p>\n<p>Czy masz jakie\u015b pytania? Skontaktuj si\u0119 z nami <a href=\"https:\/\/hookahshop.lt\/pl\/lacznosc\/\">strona z kontaktami<\/a> lub napisz do nas na adres <a href=\"https:\/\/facebook.com\/HookahShop.lt\/\" target=\"_blank\" rel=\"noopener noreferrer\">konto na Facebooku<\/a> a my odpowiemy na Twoj\u0105 pro\u015bb\u0119 tego samego dnia.<\/p>","protected":false},"excerpt":{"rendered":"<p>Miska na fajki wodne HAVONA Moai Phunnel Jest to wysokiej jako\u015bci, r\u0119cznie robiona, limitowana edycja, miska z bia\u0142ej gliny. Miseczki Moai s\u0105 bardzo wygodne, po\u0142\u0105czenie pasuje do wszystkich uszczelek. Kubki od Havona Moai Phunnel b\u0119d\u0105 doskona\u0142ym dodatkiem do Twojej kolekcji, a stylowe opakowanie sprawia, \u017ce idealnie nadaj\u0105 si\u0119 na prezent. Design ka\u017cdego kubka jest ciekawy i indywidualny, kupuj\u0105c ten kubek masz pewno\u015b\u0107, \u017ce [\u2026]<\/p>","protected":false},"featured_media":12684,"comment_status":"open","ping_status":"closed","template":"","meta":[],"_links":{"self":[{"href":"https:\/\/hookahshop.lt\/pl\/wp-json\/wp\/v2\/product\/12679"}],"collection":[{"href":"https:\/\/hookahshop.lt\/pl\/wp-json\/wp\/v2\/product"}],"about":[{"href":"https:\/\/hookahshop.lt\/pl\/wp-json\/wp\/v2\/types\/product"}],"replies":[{"embeddable":true,"href":"https:\/\/hookahshop.lt\/pl\/wp-json\/wp\/v2\/comments?post=12679"}],"version-history":[{"count":3,"href":"https:\/\/hookahshop.lt\/pl\/wp-json\/wp\/v2\/product\/12679\/revisions"}],"predecessor-version":[{"id":34858,"href":"https:\/\/hookahshop.lt\/pl\/wp-json\/wp\/v2\/product\/12679\/revisions\/34858"}],"wp:featuredmedia":[{"embeddable":true,"href":"https:\/\/hookahshop.lt\/pl\/wp-json\/wp\/v2\/media\/12684"}],"wp:attachment":[{"href":"https:\/\/hookahshop.lt\/pl\/wp-json\/wp\/v2\/media?parent=12679"}],"curies":[{"name":"wp","href":"https:\/\/api.w.org\/{rel}","templated":true}]}}