{"id":12687,"date":"2020-10-20T01:21:02","date_gmt":"2020-10-19T22:21:02","guid":{"rendered":"https:\/\/hookahshop.lt\/?post_type=product&#038;p=12687"},"modified":"2026-04-19T23:29:23","modified_gmt":"2026-04-19T20:29:23","slug":"taurele-kaljanui-smokelab-mummy","status":"publish","type":"product","link":"https:\/\/hookahshop.lt\/pl\/produkt\/mumia-filizanka-do-fajki-wodnej\/","title":{"rendered":"Kubek do fajki wodnej SMOKELAB Mumia"},"content":{"rendered":"<h2>Kubek do fajki wodnej SMOKELAB Mumia<\/h2>\n<p>Jest to odmiana Smokelab z obr\u00f3bk\u0105 podgrzewania mleka. Cienkie \u015bcianki pozwalaj\u0105 na \u0142atw\u0105 regulacj\u0119 temperatury, aby zmaksymalizowa\u0107 si\u0142\u0119 i lekko\u015b\u0107 tytoniu.<\/p>\n<p>Bez przegrzania tego kubka ka\u017cdy tyto\u0144 b\u0119dzie pali\u0142 delikatniej i p\u0142ynniej.<\/p>\n<p>Idealna do palenia zar\u00f3wno w komorze grzewczej jak i folii. Obj\u0119to\u015b\u0107 tytoniu wynosi 12-24 gram\u00f3w.<\/p>\n<p>Specyfikacje:<br \/>\nWysoko\u015b\u0107: 110mm<br \/>\n\u015arednica (zewn\u0119trzna): 83 mm<br \/>\n\u015arednica (wewn\u0119trzna): 76 mm<br \/>\nG\u0142\u0119boko\u015b\u0107: 15 mm<br \/>\n\u015arednica otworu: 15mm<br \/>\nLiczba otwor\u00f3w: 1<br \/>\nWaga: oko\u0142o 213 gram\u00f3w<\/p>\n<p>Czy masz jakie\u015b pytania? Skontaktuj si\u0119 z nami <a href=\"https:\/\/hookahshop.lt\/pl\/lacznosc\/\">strona z kontaktami<\/a> lub napisz do nas na adres <a href=\"https:\/\/facebook.com\/HookahShop.lt\/\" target=\"_blank\" rel=\"noopener noreferrer\">konto na Facebooku<\/a> a my odpowiemy na Twoj\u0105 pro\u015bb\u0119 tego samego dnia.<\/p>","protected":false},"excerpt":{"rendered":"<p>Fili\u017canka do fajki wodnej SMOKELAB Mummy Jest to odmiana Smokelab z procesem podgrzewania mleka. Cienkie \u015bcianki pozwalaj\u0105 na \u0142atw\u0105 regulacj\u0119 temperatury, aby zmaksymalizowa\u0107 si\u0142\u0119 i lekko\u015b\u0107 tytoniu. Bez przegrzania tego kubka ka\u017cdy tyto\u0144 b\u0119dzie pali\u0142 delikatniej i p\u0142ynniej. Idealna do palenia zar\u00f3wno w komorze grzewczej jak i folii. Obj\u0119to\u015b\u0107 tytoniu wynosi 12-24 gram\u00f3w. Dane techniczne: Wysoko\u015b\u0107: 110 mm \u015arednica [\u2026]<\/p>","protected":false},"featured_media":12688,"comment_status":"open","ping_status":"closed","template":"","meta":[],"_links":{"self":[{"href":"https:\/\/hookahshop.lt\/pl\/wp-json\/wp\/v2\/product\/12687"}],"collection":[{"href":"https:\/\/hookahshop.lt\/pl\/wp-json\/wp\/v2\/product"}],"about":[{"href":"https:\/\/hookahshop.lt\/pl\/wp-json\/wp\/v2\/types\/product"}],"replies":[{"embeddable":true,"href":"https:\/\/hookahshop.lt\/pl\/wp-json\/wp\/v2\/comments?post=12687"}],"version-history":[{"count":5,"href":"https:\/\/hookahshop.lt\/pl\/wp-json\/wp\/v2\/product\/12687\/revisions"}],"predecessor-version":[{"id":23185,"href":"https:\/\/hookahshop.lt\/pl\/wp-json\/wp\/v2\/product\/12687\/revisions\/23185"}],"wp:featuredmedia":[{"embeddable":true,"href":"https:\/\/hookahshop.lt\/pl\/wp-json\/wp\/v2\/media\/12688"}],"wp:attachment":[{"href":"https:\/\/hookahshop.lt\/pl\/wp-json\/wp\/v2\/media?parent=12687"}],"curies":[{"name":"wp","href":"https:\/\/api.w.org\/{rel}","templated":true}]}}