{"id":12695,"date":"2020-10-20T01:39:25","date_gmt":"2020-10-19T22:39:25","guid":{"rendered":"https:\/\/hookahshop.lt\/?post_type=product&#038;p=12695"},"modified":"2026-04-21T23:29:52","modified_gmt":"2026-04-21T20:29:52","slug":"taurele-kaljanui-smokelab-rocks-black","status":"publish","type":"product","link":"https:\/\/hookahshop.lt\/pl\/produkt\/kubek-szisza-smokelab-rocks-czarny\/","title":{"rendered":"Kubek do fajki wodnej SMOKELAB Rocks Black"},"content":{"rendered":"<h2>Kubek do fajki wodnej SMOKELAB Rocks Black<\/h2>\n<p>Miska Smokelab Rocks jest naprawd\u0119 wszechstronna, gdy\u017c grube \u015bcianki miski r\u00f3wnomiernie podgrzewaj\u0105 nie\u017caroodporne tytonie bez przegrzewania, co wystarcza do uzyskania smacznego dymu, mocnego palenia tytoniu.<\/p>\n<p>Specyfikacje:<br \/>\nWysoko\u015b\u0107: 81 mm<br \/>\n\u015arednica (zewn\u0119trzna): 76 mm<br \/>\n\u015arednica (wewn\u0119trzna): 67 mm<br \/>\nG\u0142\u0119boko\u015b\u0107: 16mm<br \/>\n\u015arednica otworu: 8mm<br \/>\nLiczba otwor\u00f3w: 5<br \/>\nWaga: oko\u0142o 319 gram\u00f3w<\/p>\n<p>Czy masz jakie\u015b pytania? Skontaktuj si\u0119 z nami <a href=\"https:\/\/hookahshop.lt\/pl\/lacznosc\/\">strona z kontaktami<\/a> lub napisz do nas na adres <a href=\"https:\/\/facebook.com\/HookahShop.lt\/\" target=\"_blank\" rel=\"noopener noreferrer\">konto na Facebooku<\/a> a my odpowiemy na Twoj\u0105 pro\u015bb\u0119 tego samego dnia.<\/p>","protected":false},"excerpt":{"rendered":"<p>Kubek do fajki wodnej SMOKELAB Rocks Black Kubek \u201eSmokelab Rocks\u201d jest naprawd\u0119 uniwersalny, gdy\u017c grube \u015bcianki kubka r\u00f3wnomiernie podgrzewaj\u0105 nie\u017caroodporne tytonie, zapobiegaj\u0105c ich przegrzaniu, co wystarczy do smacznego, mocnego palenia tytoniu. Dane techniczne: Wysoko\u015b\u0107: 81 mm \u015arednica (zewn\u0119trzna): 76 mm \u015arednica (wewn\u0119trzna): 67 mm G\u0142\u0119boko\u015b\u0107: 16 mm \u015arednica otworu: 8 mm Ilo\u015b\u0107 otwor\u00f3w: 5 Waga: oko\u0142o 319 gram\u00f3w [\u2026]<\/p>","protected":false},"featured_media":12697,"comment_status":"open","ping_status":"closed","template":"","meta":[],"_links":{"self":[{"href":"https:\/\/hookahshop.lt\/pl\/wp-json\/wp\/v2\/product\/12695"}],"collection":[{"href":"https:\/\/hookahshop.lt\/pl\/wp-json\/wp\/v2\/product"}],"about":[{"href":"https:\/\/hookahshop.lt\/pl\/wp-json\/wp\/v2\/types\/product"}],"replies":[{"embeddable":true,"href":"https:\/\/hookahshop.lt\/pl\/wp-json\/wp\/v2\/comments?post=12695"}],"version-history":[{"count":3,"href":"https:\/\/hookahshop.lt\/pl\/wp-json\/wp\/v2\/product\/12695\/revisions"}],"predecessor-version":[{"id":29357,"href":"https:\/\/hookahshop.lt\/pl\/wp-json\/wp\/v2\/product\/12695\/revisions\/29357"}],"wp:featuredmedia":[{"embeddable":true,"href":"https:\/\/hookahshop.lt\/pl\/wp-json\/wp\/v2\/media\/12697"}],"wp:attachment":[{"href":"https:\/\/hookahshop.lt\/pl\/wp-json\/wp\/v2\/media?parent=12695"}],"curies":[{"name":"wp","href":"https:\/\/api.w.org\/{rel}","templated":true}]}}