{"id":12703,"date":"2020-10-20T01:49:51","date_gmt":"2020-10-19T22:49:51","guid":{"rendered":"https:\/\/hookahshop.lt\/?post_type=product&#038;p=12703"},"modified":"2026-04-24T23:29:37","modified_gmt":"2026-04-24T20:29:37","slug":"taurele-kaljanui-upgrade-form-standard","status":"publish","type":"product","link":"https:\/\/hookahshop.lt\/pl\/produkt\/forma-upgrade-filizanki-szisza-standard\/","title":{"rendered":"Kubek do fajki wodnej UPGRADE Form Standard"},"content":{"rendered":"<h2>Kubek do fajki wodnej UPGRADE Form Standard<\/h2>\n<p>Kubek \u201eUpgrade Form Standart\u201d (Mini) wykonany jest ze specjalnej kompozycji glinkowo-majolikowej, kt\u00f3ra zosta\u0142a dobrana tak, aby uzyska\u0107 optymalne ogrzewanie tytoniu, minimalne spalanie. Kubek ten wyr\u00f3\u017cnia si\u0119 wytrzyma\u0142o\u015bci\u0105, trwa\u0142o\u015bci\u0105 i odporno\u015bci\u0105 na wysokie temperatury. Dodatkowo glina ta po wypaleniu ma bia\u0142\u0105 barw\u0119, co nadaje im stylowy i pi\u0119kny estetyczny wygl\u0105d.<\/p>\n<p>Specyfikacje:<br \/>\nWysoko\u015b\u0107: 82 mm<br \/>\n\u015arednica (zewn\u0119trzna): 70 mm<br \/>\n\u015arednica (wewn\u0119trzna): 60 mm<br \/>\nG\u0142\u0119boko\u015b\u0107: 20 mm<br \/>\n\u015arednica otworu: 5 mm<br \/>\nLiczba otwor\u00f3w: 6<br \/>\nWaga: oko\u0142o 170 gram\u00f3w<\/p>\n<p>Czy masz jakie\u015b pytania? Skontaktuj si\u0119 z nami <a href=\"https:\/\/hookahshop.lt\/pl\/lacznosc\/\">strona z kontaktami<\/a> lub napisz do nas na adres <a href=\"https:\/\/facebook.com\/HookahShop.lt\/\" target=\"_blank\" rel=\"noopener noreferrer\">konto na Facebooku<\/a> a my odpowiemy na Twoj\u0105 pro\u015bb\u0119 tego samego dnia.<\/p>","protected":false},"excerpt":{"rendered":"<p>Kubek do fajki wodnej UPGRADE Form Standard Kubek \u201eUpgrade Form Standard\u201d (Mini) wykonany jest ze specjalnej kompozycji glinkowo-majolikowej, kt\u00f3ra zosta\u0142a dobrana tak, aby uzyska\u0107 optymalne ogrzewanie tytoniu i minimalne spalanie. Kubek ten wyr\u00f3\u017cnia si\u0119 wytrzyma\u0142o\u015bci\u0105, trwa\u0142o\u015bci\u0105 i odporno\u015bci\u0105 na wysokie temperatury. Dodatkowo glina ta po wypaleniu ma bia\u0142\u0105 barw\u0119, co nadaje im stylowy i pi\u0119kny estetyczny wygl\u0105d. Dane techniczne: Wysoko\u015b\u0107: 82 mm [\u2026]<\/p>","protected":false},"featured_media":12704,"comment_status":"open","ping_status":"closed","template":"","meta":[],"_links":{"self":[{"href":"https:\/\/hookahshop.lt\/pl\/wp-json\/wp\/v2\/product\/12703"}],"collection":[{"href":"https:\/\/hookahshop.lt\/pl\/wp-json\/wp\/v2\/product"}],"about":[{"href":"https:\/\/hookahshop.lt\/pl\/wp-json\/wp\/v2\/types\/product"}],"replies":[{"embeddable":true,"href":"https:\/\/hookahshop.lt\/pl\/wp-json\/wp\/v2\/comments?post=12703"}],"version-history":[{"count":5,"href":"https:\/\/hookahshop.lt\/pl\/wp-json\/wp\/v2\/product\/12703\/revisions"}],"predecessor-version":[{"id":30024,"href":"https:\/\/hookahshop.lt\/pl\/wp-json\/wp\/v2\/product\/12703\/revisions\/30024"}],"wp:featuredmedia":[{"embeddable":true,"href":"https:\/\/hookahshop.lt\/pl\/wp-json\/wp\/v2\/media\/12704"}],"wp:attachment":[{"href":"https:\/\/hookahshop.lt\/pl\/wp-json\/wp\/v2\/media?parent=12703"}],"curies":[{"name":"wp","href":"https:\/\/api.w.org\/{rel}","templated":true}]}}