{"id":12713,"date":"2020-10-20T02:12:23","date_gmt":"2020-10-19T23:12:23","guid":{"rendered":"https:\/\/hookahshop.lt\/?post_type=product&#038;p=12713"},"modified":"2026-04-15T23:29:18","modified_gmt":"2026-04-15T20:29:18","slug":"znyples-kaljano-anglims-arma-spikes-black","status":"publish","type":"product","link":"https:\/\/hookahshop.lt\/pl\/produkt\/szisza-wegiel-arma-kolce-czarne\/","title":{"rendered":"Szczypce do fajki wodnej ARMA Spikes Black"},"content":{"rendered":"<h2>Szczypce do fajki wodnej ARMA Spikes czarne<\/h2>\n<p>Te szczypce s\u0105 bardzo wygodne i nie wyginaj\u0105 si\u0119 podczas u\u017cywania.<\/p>\n<p>Czy masz jakie\u015b pytania? Skontaktuj si\u0119 z nami <a href=\"https:\/\/hookahshop.lt\/pl\/lacznosc\/\">strona z kontaktami<\/a> lub napisz do nas na adres <a href=\"https:\/\/facebook.com\/HookahShop.lt\/\" target=\"_blank\" rel=\"noopener noreferrer\">konto na Facebooku<\/a> a my odpowiemy na Twoj\u0105 pro\u015bb\u0119 tego samego dnia.<\/p>","protected":false},"excerpt":{"rendered":"<p>Szczypce do w\u0119gli do fajki wodnej ARMA Spikes czarne Szczypce te maj\u0105 bardzo wygodny rozmiar i nie zapadaj\u0105 si\u0119 podczas u\u017cytkowania. Czy masz jakie\u015b pytania? Skontaktuj si\u0119 z nami na stronie kontaktowej lub napisz do nas na naszym koncie na Facebooku, a my odpowiemy na Twoj\u0105 pro\u015bb\u0119 jeszcze tego samego dnia.<\/p>","protected":false},"featured_media":12717,"comment_status":"open","ping_status":"closed","template":"","meta":[],"_links":{"self":[{"href":"https:\/\/hookahshop.lt\/pl\/wp-json\/wp\/v2\/product\/12713"}],"collection":[{"href":"https:\/\/hookahshop.lt\/pl\/wp-json\/wp\/v2\/product"}],"about":[{"href":"https:\/\/hookahshop.lt\/pl\/wp-json\/wp\/v2\/types\/product"}],"replies":[{"embeddable":true,"href":"https:\/\/hookahshop.lt\/pl\/wp-json\/wp\/v2\/comments?post=12713"}],"version-history":[{"count":6,"href":"https:\/\/hookahshop.lt\/pl\/wp-json\/wp\/v2\/product\/12713\/revisions"}],"predecessor-version":[{"id":44818,"href":"https:\/\/hookahshop.lt\/pl\/wp-json\/wp\/v2\/product\/12713\/revisions\/44818"}],"wp:featuredmedia":[{"embeddable":true,"href":"https:\/\/hookahshop.lt\/pl\/wp-json\/wp\/v2\/media\/12717"}],"wp:attachment":[{"href":"https:\/\/hookahshop.lt\/pl\/wp-json\/wp\/v2\/media?parent=12713"}],"curies":[{"name":"wp","href":"https:\/\/api.w.org\/{rel}","templated":true}]}}