{"id":12720,"date":"2020-10-20T02:19:55","date_gmt":"2020-10-19T23:19:55","guid":{"rendered":"https:\/\/hookahshop.lt\/?post_type=product&#038;p=12720"},"modified":"2026-04-16T23:29:47","modified_gmt":"2026-04-16T20:29:47","slug":"znyples-kaljano-anglims-blade-hookah","status":"publish","type":"product","link":"https:\/\/hookahshop.lt\/pl\/produkt\/szczypce-szisza-wegiel-ostrze-szisza\/","title":{"rendered":"Szczypce do w\u0119gla drzewnego BLADE HOOKAH"},"content":{"rendered":"<h2>Szczypce do w\u0119gla drzewnego BLADE HOOKAH<\/h2>\n<p>Szczypce do fajki wodnej z ostrzem wykonane s\u0105 wy\u0142\u0105cznie ze stali nierdzewnej, maj\u0105 bardzo wygodny rozmiar. Produkt jest oryginalny.<\/p>\n<p>Czy masz jakie\u015b pytania? Skontaktuj si\u0119 z nami <a href=\"https:\/\/hookahshop.lt\/pl\/lacznosc\/\">strona z kontaktami<\/a> lub napisz do nas na adres <a href=\"https:\/\/facebook.com\/HookahShop.lt\/\" target=\"_blank\" rel=\"noopener noreferrer\">konto na Facebooku<\/a> a my odpowiemy na Twoj\u0105 pro\u015bb\u0119 tego samego dnia.<\/p>","protected":false},"excerpt":{"rendered":"<p>Szczypce do w\u0119gla do fajki wodnej OSTRZE SZISZY \u201eBlade Hookah\u201d Szczypce wykonane wy\u0142\u0105cznie ze stali nierdzewnej, o bardzo wygodnym rozmiarze. Produkt jest oryginalny. Czy masz jakie\u015b pytania? Skontaktuj si\u0119 z nami na stronie kontaktowej lub napisz do nas na naszym koncie na Facebooku, a my odpowiemy na Twoj\u0105 pro\u015bb\u0119 jeszcze tego samego dnia.<\/p>","protected":false},"featured_media":12751,"comment_status":"open","ping_status":"closed","template":"","meta":[],"_links":{"self":[{"href":"https:\/\/hookahshop.lt\/pl\/wp-json\/wp\/v2\/product\/12720"}],"collection":[{"href":"https:\/\/hookahshop.lt\/pl\/wp-json\/wp\/v2\/product"}],"about":[{"href":"https:\/\/hookahshop.lt\/pl\/wp-json\/wp\/v2\/types\/product"}],"replies":[{"embeddable":true,"href":"https:\/\/hookahshop.lt\/pl\/wp-json\/wp\/v2\/comments?post=12720"}],"version-history":[{"count":4,"href":"https:\/\/hookahshop.lt\/pl\/wp-json\/wp\/v2\/product\/12720\/revisions"}],"predecessor-version":[{"id":23324,"href":"https:\/\/hookahshop.lt\/pl\/wp-json\/wp\/v2\/product\/12720\/revisions\/23324"}],"wp:featuredmedia":[{"embeddable":true,"href":"https:\/\/hookahshop.lt\/pl\/wp-json\/wp\/v2\/media\/12751"}],"wp:attachment":[{"href":"https:\/\/hookahshop.lt\/pl\/wp-json\/wp\/v2\/media?parent=12720"}],"curies":[{"name":"wp","href":"https:\/\/api.w.org\/{rel}","templated":true}]}}