{"id":12736,"date":"2020-10-20T02:49:51","date_gmt":"2020-10-19T23:49:51","guid":{"rendered":"https:\/\/hookahshop.lt\/?post_type=product&#038;p=12736"},"modified":"2026-04-18T23:28:57","modified_gmt":"2026-04-18T20:28:57","slug":"kolba-kaljanui-daly-smoke","status":"publish","type":"product","link":"https:\/\/hookahshop.lt\/pl\/produkt\/kolba-na-szisza-daly-dym\/","title":{"rendered":"Kolba do fajki wodnej DALY Smoke"},"content":{"rendered":"<h2>Kolba do fajki wodnej DALY Smoke<\/h2>\n<p>Kolba ma przezroczysty kolor z efektem dymu, a dzi\u0119ki b\u0142yszcz\u0105cej powierzchni ma jeszcze bardziej szykowny i ekskluzywny wygl\u0105d kolorystyczny. Nadaje si\u0119 do prawie wszystkich nowoczesnych fajek wodnych. Kraw\u0119d\u017a flakonu pomo\u017ce Ci wygodnie trzyma\u0107 fajk\u0119 wodn\u0105, tak aby nie wy\u015blizgn\u0119\u0142a si\u0119 z r\u0105k. Ten bidon jest pokryty wysokiej jako\u015bci farb\u0105, dzi\u0119ki kt\u00f3rej nawet po wielu u\u017cyciach b\u0119dzie wygl\u0105da\u0142 jak nowy przez d\u0142ugi czas. Ta kolba jest grubo\u015bcienna. Grube \u015bcianki zapewni\u0105 doskona\u0142\u0105 izolacj\u0119 akustyczn\u0105, co jest o tyle wa\u017cne przy paleniu bez dyfuzora.<\/p>\n<p><strong><span title=\"\">Specyfikacje:<\/span><\/strong><br \/>\nWysoko\u015b\u0107: 259 mm<br \/>\nWaga: ~ 1410 g<br \/>\n\u015arednica otworu zewn\u0119trznego: 73 mm<br \/>\n\u015arednica otworu wewn\u0119trznego: 45 mm<br \/>\nMateria\u0142 produktu: szk\u0142o<\/p>\n<p>Czy masz jakie\u015b pytania? Skontaktuj si\u0119 z nami <a href=\"https:\/\/hookahshop.lt\/pl\/lacznosc\/\">strona z kontaktami<\/a> lub napisz do nas na adres <a href=\"https:\/\/facebook.com\/HookahShop.lt\/\" target=\"_blank\" rel=\"noopener noreferrer\">konto na Facebooku<\/a> a my odpowiemy na Twoj\u0105 pro\u015bb\u0119 tego samego dnia.<\/p>","protected":false},"excerpt":{"rendered":"<p>Piersi\u00f3wka do fajki wodnej DALY Smoke Kolba ma przezroczyst\u0105 barw\u0119 z efektem dymu, a dzi\u0119ki b\u0142yszcz\u0105cej powierzchni nabiera jeszcze bardziej szykownego i ekskluzywnego wygl\u0105du kolorystycznego. Pasuje do prawie wszystkich nowoczesnych fajek wodnych. Kraw\u0119d\u017a termosu u\u0142atwi wygodne trzymanie fajki wodnej, dzi\u0119ki czemu nie wy\u015blizgnie si\u0119 ona z r\u0105k. Ta kolba jest pokryta wysokiej jako\u015bci farb\u0105, kt\u00f3ra pomo\u017ce zachowa\u0107 jej wygl\u0105d tak, jakby by\u0142a [\u2026]<\/p>","protected":false},"featured_media":12737,"comment_status":"open","ping_status":"closed","template":"","meta":[],"_links":{"self":[{"href":"https:\/\/hookahshop.lt\/pl\/wp-json\/wp\/v2\/product\/12736"}],"collection":[{"href":"https:\/\/hookahshop.lt\/pl\/wp-json\/wp\/v2\/product"}],"about":[{"href":"https:\/\/hookahshop.lt\/pl\/wp-json\/wp\/v2\/types\/product"}],"replies":[{"embeddable":true,"href":"https:\/\/hookahshop.lt\/pl\/wp-json\/wp\/v2\/comments?post=12736"}],"version-history":[{"count":5,"href":"https:\/\/hookahshop.lt\/pl\/wp-json\/wp\/v2\/product\/12736\/revisions"}],"predecessor-version":[{"id":45123,"href":"https:\/\/hookahshop.lt\/pl\/wp-json\/wp\/v2\/product\/12736\/revisions\/45123"}],"wp:featuredmedia":[{"embeddable":true,"href":"https:\/\/hookahshop.lt\/pl\/wp-json\/wp\/v2\/media\/12737"}],"wp:attachment":[{"href":"https:\/\/hookahshop.lt\/pl\/wp-json\/wp\/v2\/media?parent=12736"}],"curies":[{"name":"wp","href":"https:\/\/api.w.org\/{rel}","templated":true}]}}