{"id":12794,"date":"2020-10-20T14:55:52","date_gmt":"2020-10-20T11:55:52","guid":{"rendered":"https:\/\/hookahshop.lt\/?post_type=product&#038;p=12794"},"modified":"2026-04-17T16:32:52","modified_gmt":"2026-04-17T13:32:52","slug":"kaljanas-al-mani-moscow-silver","status":"publish","type":"product","link":"https:\/\/hookahshop.lt\/pl\/produkt\/szisza-al-mani-moskwa-srebrna\/","title":{"rendered":"Szisza Al-MANI Moskwa Srebrna"},"content":{"rendered":"<h2>Szisza Al-MANI Moskwa Srebrna<\/h2>\n<p>Jest to produkt wysokiej jako\u015bci z do\u0142\u0105czon\u0105 butelk\u0105 rzemie\u015blnicz\u0105.<\/p>\n<p>W sk\u0142ad zestawu wchodz\u0105:<\/p>\n<p>Nargile<br \/>\nKolba (uniwersalna)<br \/>\nUstnik<br \/>\nPuchar<br \/>\nJelito<br \/>\nSzczypce<br \/>\nKomin<\/p>\n<p>Specyfikacje<\/p>\n<p>Wysoko\u015b\u0107 fajki wodnej z manierk\u0105: ok. 55cm<br \/>\nMateria\u0142: Stal nierdzewna<br \/>\nPo\u0142\u0105czenie: po\u015brednie<br \/>\nKolor: czarne z\u0142oto<br \/>\nDyfuzor: Tak<br \/>\nKraj pochodzenia: Niemcy<\/p>\n<p>Czy masz jakie\u015b pytania? Skontaktuj si\u0119 z nami <a href=\"https:\/\/hookahshop.lt\/pl\/lacznosc\/\">strona z kontaktami<\/a> lub napisz do nas na adres <a href=\"https:\/\/facebook.com\/HookahShop.lt\/\" target=\"_blank\" rel=\"noopener noreferrer\">konto na Facebooku<\/a> a my odpowiemy na Twoj\u0105 pro\u015bb\u0119 tego samego dnia.<\/p>","protected":false},"excerpt":{"rendered":"<p>Fajka wodna Al-MANI Moskwa Srebrna Jest to wysokiej jako\u015bci produkt, w zestawie z r\u0119kodzielnicz\u0105 piersi\u00f3wk\u0105. Zestaw zawiera: Piersi\u00f3wk\u0119 do fajki wodnej (uniwersaln\u0105) Ustnik Kubek Szczypce do w\u0119\u017ca Dane techniczne komina Wysoko\u015b\u0107 fajki wodnej z kolb\u0105: oko\u0142o 55cm Materia\u0142: stal nierdzewna Z\u0142\u0105cze: Uszczelka Kolor: Czarne z\u0142oto Dyfuzor: Tak Kraj pochodzenia: Niemcy Masz pytania? Skontaktuj si\u0119 z nami na stronie kontaktowej lub napisz do nas na Facebooku [\u2026]<\/p>","protected":false},"featured_media":12799,"comment_status":"open","ping_status":"closed","template":"","meta":[],"_links":{"self":[{"href":"https:\/\/hookahshop.lt\/pl\/wp-json\/wp\/v2\/product\/12794"}],"collection":[{"href":"https:\/\/hookahshop.lt\/pl\/wp-json\/wp\/v2\/product"}],"about":[{"href":"https:\/\/hookahshop.lt\/pl\/wp-json\/wp\/v2\/types\/product"}],"replies":[{"embeddable":true,"href":"https:\/\/hookahshop.lt\/pl\/wp-json\/wp\/v2\/comments?post=12794"}],"version-history":[{"count":3,"href":"https:\/\/hookahshop.lt\/pl\/wp-json\/wp\/v2\/product\/12794\/revisions"}],"predecessor-version":[{"id":22652,"href":"https:\/\/hookahshop.lt\/pl\/wp-json\/wp\/v2\/product\/12794\/revisions\/22652"}],"wp:featuredmedia":[{"embeddable":true,"href":"https:\/\/hookahshop.lt\/pl\/wp-json\/wp\/v2\/media\/12799"}],"wp:attachment":[{"href":"https:\/\/hookahshop.lt\/pl\/wp-json\/wp\/v2\/media?parent=12794"}],"curies":[{"name":"wp","href":"https:\/\/api.w.org\/{rel}","templated":true}]}}