{"id":12803,"date":"2020-10-20T15:15:31","date_gmt":"2020-10-20T12:15:31","guid":{"rendered":"https:\/\/hookahshop.lt\/?post_type=product&#038;p=12803"},"modified":"2026-04-17T16:32:52","modified_gmt":"2026-04-17T13:32:52","slug":"kaljanas-al-mani-woody-xs-juodas","status":"publish","type":"product","link":"https:\/\/hookahshop.lt\/pl\/produkt\/hookah-al-mani-woody-xs-black\/","title":{"rendered":"Fajka wodna Al-MANI Woody XS Czarna"},"content":{"rendered":"<h2>Fajka wodna Al-MANI Woody XS Czarna<\/h2>\n<p>Jest to wysokiej jako\u015bci fajka wodna ze stali nierdzewnej z drewnianym trzonkiem i dekoracj\u0105 ustnika.<\/p>\n<p>W sk\u0142ad zestawu wchodz\u0105:<\/p>\n<p>Nargile<br \/>\nKolba (szk\u0142o wysokiej jako\u015bci)<br \/>\nUstnik<br \/>\nPuchar<br \/>\nJelito<br \/>\nSzczypce<br \/>\nKomin<br \/>\nW\u0105\u017c spiralny<\/p>\n<p>Specyfikacje<\/p>\n<p>Wysoko\u015b\u0107 fajki wodnej z kolb\u0105: oko\u0142o 35 cm<br \/>\nMateria\u0142: Stal nierdzewna<br \/>\nCzarny kolor<br \/>\nDyfuzor: Niedost\u0119pny<br \/>\nKraj pochodzenia: Niemcy<\/p>\n<p>Czy masz jakie\u015b pytania? Skontaktuj si\u0119 z nami <a href=\"https:\/\/hookahshop.lt\/pl\/lacznosc\/\">strona z kontaktami<\/a> lub napisz do nas na adres <a href=\"https:\/\/facebook.com\/HookahShop.lt\/\" target=\"_blank\" rel=\"noopener noreferrer\">konto na Facebooku<\/a> a my odpowiemy na Twoj\u0105 pro\u015bb\u0119 tego samego dnia.<\/p>","protected":false},"excerpt":{"rendered":"<p>Szisza Al-MANI Woody XS Black Jest to wysokiej jako\u015bci szisza ze stali nierdzewnej z drewnianym trzonkiem i dekoracj\u0105 ustnika. Zestaw zawiera: Piersi\u00f3wk\u0119 do fajki wodnej (wysokiej jako\u015bci szk\u0142o) Ustnik Kubek W\u0105\u017c Szczypce Fajka W\u0105\u017c spiralny Dane techniczne Wysoko\u015b\u0107 fajki wodnej z kolb\u0105: Oko\u0142o 35cm Materia\u0142: Stal nierdzewna Kolor: Czarny Dyfuzor: Brak Kraj pochodzenia: Niemcy Masz pytania? Skontaktuj si\u0119 z nami na stronie kontaktowej [\u2026]<\/p>","protected":false},"featured_media":12804,"comment_status":"open","ping_status":"closed","template":"","meta":[],"_links":{"self":[{"href":"https:\/\/hookahshop.lt\/pl\/wp-json\/wp\/v2\/product\/12803"}],"collection":[{"href":"https:\/\/hookahshop.lt\/pl\/wp-json\/wp\/v2\/product"}],"about":[{"href":"https:\/\/hookahshop.lt\/pl\/wp-json\/wp\/v2\/types\/product"}],"replies":[{"embeddable":true,"href":"https:\/\/hookahshop.lt\/pl\/wp-json\/wp\/v2\/comments?post=12803"}],"version-history":[{"count":7,"href":"https:\/\/hookahshop.lt\/pl\/wp-json\/wp\/v2\/product\/12803\/revisions"}],"predecessor-version":[{"id":34327,"href":"https:\/\/hookahshop.lt\/pl\/wp-json\/wp\/v2\/product\/12803\/revisions\/34327"}],"wp:featuredmedia":[{"embeddable":true,"href":"https:\/\/hookahshop.lt\/pl\/wp-json\/wp\/v2\/media\/12804"}],"wp:attachment":[{"href":"https:\/\/hookahshop.lt\/pl\/wp-json\/wp\/v2\/media?parent=12803"}],"curies":[{"name":"wp","href":"https:\/\/api.w.org\/{rel}","templated":true}]}}