{"id":12810,"date":"2020-10-20T15:28:32","date_gmt":"2020-10-20T12:28:32","guid":{"rendered":"https:\/\/hookahshop.lt\/?post_type=product&#038;p=12810"},"modified":"2026-04-14T23:28:44","modified_gmt":"2026-04-14T20:28:44","slug":"kaljanas-al-mani-moscow-gold","status":"publish","type":"product","link":"https:\/\/hookahshop.lt\/pl\/produkt\/kaljanas-al-mani-moscow-gold\/","title":{"rendered":"Fajka wodna AL-MANI Moscow Gold"},"content":{"rendered":"<h2>Fajka wodna AL-MANI Moscow Gold<\/h2>\n<p>Jest to produkt wysokiej jako\u015bci z do\u0142\u0105czon\u0105 butelk\u0105 rzemie\u015blnicz\u0105.<\/p>\n<p><strong>W sk\u0142ad zestawu wchodz\u0105:<\/strong><br \/>\nNargile<br \/>\nKolba (uniwersalna)<br \/>\nUstnik<br \/>\nPuchar<br \/>\nJelito<br \/>\nSzczypce<br \/>\nKomin<\/p>\n<p><strong>Specyfikacje:<\/strong><br \/>\nWysoko\u015b\u0107 fajki wodnej z manierk\u0105: ok. 55cm<br \/>\nMateria\u0142: Stal nierdzewna<br \/>\nPo\u0142\u0105czenie: po\u015brednie<br \/>\nKolor: czarne z\u0142oto<br \/>\nDyfuzor: Tak<br \/>\nKraj pochodzenia: Niemcy<\/p>\n<p>Czy masz pytania dotycz\u0105ce Hookah Al-Mani Moscow Gold? Skontaktuj si\u0119 z nami <a href=\"https:\/\/hookahshop.lt\/pl\/lacznosc\/\">strona z kontaktami<\/a>\u00a0lub napisz do nas na adres\u00a0<a href=\"https:\/\/facebook.com\/HookahShop.lt\/\" target=\"_blank\" rel=\"noopener noreferrer\">konto na Facebooku<\/a>\u00a0a my odpowiemy na Twoj\u0105 pro\u015bb\u0119 tego samego dnia.<\/p>","protected":false},"excerpt":{"rendered":"<p>Fajka wodna AL-MANI Moskwa Gold Jest to wysokiej jako\u015bci produkt, w zestawie z r\u0119kodzielnicz\u0105 piersi\u00f3wk\u0105. Zestaw zawiera: Kolb\u0119 do fajki wodnej (uniwersaln\u0105) Ustnik Kubek Szczypce do w\u0119\u017ca Dane techniczne trzonka: Wysoko\u015b\u0107 fajki wodnej z kolb\u0105: oko\u0142o 55cm Materia\u0142: stal nierdzewna Pod\u0142\u0105czenie: Uszczelka Kolor: Czarne z\u0142oto Dyfuzor: Tak Kraj pochodzenia: Niemcy Masz pytania dotycz\u0105ce fajki wodnej Z\u0142oto Al-Mani w Moskwie? Skontaktuj si\u0119 z nami na stronie kontaktowej lub [\u2026]<\/p>","protected":false},"featured_media":12811,"comment_status":"open","ping_status":"closed","template":"","meta":[],"_links":{"self":[{"href":"https:\/\/hookahshop.lt\/pl\/wp-json\/wp\/v2\/product\/12810"}],"collection":[{"href":"https:\/\/hookahshop.lt\/pl\/wp-json\/wp\/v2\/product"}],"about":[{"href":"https:\/\/hookahshop.lt\/pl\/wp-json\/wp\/v2\/types\/product"}],"replies":[{"embeddable":true,"href":"https:\/\/hookahshop.lt\/pl\/wp-json\/wp\/v2\/comments?post=12810"}],"version-history":[{"count":4,"href":"https:\/\/hookahshop.lt\/pl\/wp-json\/wp\/v2\/product\/12810\/revisions"}],"predecessor-version":[{"id":34561,"href":"https:\/\/hookahshop.lt\/pl\/wp-json\/wp\/v2\/product\/12810\/revisions\/34561"}],"wp:featuredmedia":[{"embeddable":true,"href":"https:\/\/hookahshop.lt\/pl\/wp-json\/wp\/v2\/media\/12811"}],"wp:attachment":[{"href":"https:\/\/hookahshop.lt\/pl\/wp-json\/wp\/v2\/media?parent=12810"}],"curies":[{"name":"wp","href":"https:\/\/api.w.org\/{rel}","templated":true}]}}