{"id":12816,"date":"2020-10-20T15:55:19","date_gmt":"2020-10-20T12:55:19","guid":{"rendered":"https:\/\/hookahshop.lt\/?post_type=product&#038;p=12816"},"modified":"2026-04-14T23:28:44","modified_gmt":"2026-04-14T20:28:44","slug":"kaljanas-al-mani-blacky-black","status":"publish","type":"product","link":"https:\/\/hookahshop.lt\/pl\/produkt\/fajka-wodna-al-mani-blacky-black\/","title":{"rendered":"Fajka wodna AL-MANI Blacky Black"},"content":{"rendered":"<h2>Fajka wodna AL-MANI Blacky Black<\/h2>\n<p>To po\u0142\u0105czenie luksusowego designu i wysokiej jako\u015bci materia\u0142\u00f3w. G\u00f3rna cz\u0119\u015b\u0107 fajki wodnej oraz uchwyt w\u0119\u017ca w\u0119dzarniczego pokryte s\u0105 drewnianym wyko\u0144czeniem. Szisza posiada trzonek ze stali nierdzewnej.<\/p>\n<p><strong>W sk\u0142ad zestawu wchodz\u0105:<\/strong><br \/>\nNargile<br \/>\nKolba<br \/>\nUstnik<br \/>\nPuchar<br \/>\nJelito<br \/>\nSzczypce<br \/>\nKomin<br \/>\nW\u0105\u017c spiralny<\/p>\n<p><strong>Specyfikacje:<\/strong><br \/>\nWysoko\u015b\u0107 fajki wodnej z kolb\u0105: oko\u0142o 46cm<br \/>\nMateria\u0142: Stal nierdzewna<br \/>\nCzarny kolor<br \/>\nDyfuzor: Niedost\u0119pny<br \/>\nKraj pochodzenia: Niemcy<\/p>\n<p>Czy masz jakie\u015b pytania? Skontaktuj si\u0119 z nami <a href=\"https:\/\/hookahshop.lt\/pl\/lacznosc\/\">strona z kontaktami<\/a> lub napisz do nas na adres <a href=\"https:\/\/facebook.com\/HookahShop.lt\/\" target=\"_blank\" rel=\"noopener noreferrer\">konto na Facebooku<\/a> a my odpowiemy na Twoj\u0105 pro\u015bb\u0119 tego samego dnia.<\/p>","protected":false},"excerpt":{"rendered":"<p>Fajka wodna AL-MANI Blacky Black To po\u0142\u0105czenie luksusowego designu i wysokiej jako\u015bci materia\u0142\u00f3w. G\u00f3rna cz\u0119\u015b\u0107 fajki wodnej oraz uchwyt w\u0119\u017ca w\u0119dzarniczego pokryte s\u0105 drewnianym wyko\u0144czeniem. Szisza posiada trzonek ze stali nierdzewnej. Zestaw zawiera: Kolb\u0119 do fajki wodnej Ustnik Kubek W\u0105\u017c Szczypce Fajka W\u0105\u017c spiralny Dane techniczne: Wysoko\u015b\u0107 fajki wodnej z kolb\u0105: oko\u0142o 46cm Materia\u0142: stal nierdzewna Kolor: Czarny Dyfuzor: Brak Kraj pochodzenia: Niemcy [\u2026]<\/p>","protected":false},"featured_media":12817,"comment_status":"open","ping_status":"closed","template":"","meta":[],"_links":{"self":[{"href":"https:\/\/hookahshop.lt\/pl\/wp-json\/wp\/v2\/product\/12816"}],"collection":[{"href":"https:\/\/hookahshop.lt\/pl\/wp-json\/wp\/v2\/product"}],"about":[{"href":"https:\/\/hookahshop.lt\/pl\/wp-json\/wp\/v2\/types\/product"}],"replies":[{"embeddable":true,"href":"https:\/\/hookahshop.lt\/pl\/wp-json\/wp\/v2\/comments?post=12816"}],"version-history":[{"count":3,"href":"https:\/\/hookahshop.lt\/pl\/wp-json\/wp\/v2\/product\/12816\/revisions"}],"predecessor-version":[{"id":22690,"href":"https:\/\/hookahshop.lt\/pl\/wp-json\/wp\/v2\/product\/12816\/revisions\/22690"}],"wp:featuredmedia":[{"embeddable":true,"href":"https:\/\/hookahshop.lt\/pl\/wp-json\/wp\/v2\/media\/12817"}],"wp:attachment":[{"href":"https:\/\/hookahshop.lt\/pl\/wp-json\/wp\/v2\/media?parent=12816"}],"curies":[{"name":"wp","href":"https:\/\/api.w.org\/{rel}","templated":true}]}}