{"id":12822,"date":"2020-10-20T16:35:49","date_gmt":"2020-10-20T13:35:49","guid":{"rendered":"https:\/\/hookahshop.lt\/?post_type=product&#038;p=12822"},"modified":"2026-04-20T23:28:56","modified_gmt":"2026-04-20T20:28:56","slug":"kaljanas-kaya-clear","status":"publish","type":"product","link":"https:\/\/hookahshop.lt\/pl\/produkt\/szisza-kaja-jasna\/","title":{"rendered":"Fajka wodna KAYA przezroczysta"},"content":{"rendered":"<h2>Fajka wodna Kaya przezroczysta<\/h2>\n<p>Po\u0142\u0105czenie luksusowego designu i wysokiej jako\u015bci materia\u0142\u00f3w. Szisza posiada trzonek ze stali nierdzewnej. Szisza charakteryzuj\u0105ca si\u0119 trwa\u0142o\u015bci\u0105 i szczelno\u015bci\u0105.<\/p>\n<p>wyprodukowano w Chinach<br \/>\nWaga opakowania [kg]: 2,35<br \/>\nWysoko\u015b\u0107 opakowania [cm]: 22<br \/>\nSzeroko\u015b\u0107 opakowania [cm]: 15<br \/>\nG\u0142\u0119boko\u015b\u0107 opakowania [cm]: 15<\/p>\n<p>Czy masz jakie\u015b pytania? Skontaktuj si\u0119 z nami <a href=\"https:\/\/hookahshop.lt\/pl\/lacznosc\/\">strona z kontaktami<\/a> lub napisz do nas na adres <a href=\"https:\/\/facebook.com\/HookahShop.lt\/\" target=\"_blank\" rel=\"noopener noreferrer\">konto na Facebooku<\/a> a my odpowiemy na Twoj\u0105 pro\u015bb\u0119 tego samego dnia.<\/p>","protected":false},"excerpt":{"rendered":"<p>Hookah Kaya Clear Po\u0142\u0105czenie luksusowego designu i wysokiej jako\u015bci materia\u0142\u00f3w. Hookah ma trzon ze stali nierdzewnej. Hookah, kt\u00f3ra jest trwa\u0142a i szczelna. Kraj pochodzenia: Chiny Waga paczki [kg]: 2,35 Wysoko\u015b\u0107 paczki [cm]: 22 Szeroko\u015b\u0107 paczki [cm]: 15 G\u0142\u0119boko\u015b\u0107 paczki [cm]: 15 Masz pytania? Skontaktuj si\u0119 z nami na stronie kontaktowej lub napisz do nas na Facebooku, a my odpowiemy [\u2026]<\/p>","protected":false},"featured_media":12824,"comment_status":"open","ping_status":"closed","template":"","meta":[],"_links":{"self":[{"href":"https:\/\/hookahshop.lt\/pl\/wp-json\/wp\/v2\/product\/12822"}],"collection":[{"href":"https:\/\/hookahshop.lt\/pl\/wp-json\/wp\/v2\/product"}],"about":[{"href":"https:\/\/hookahshop.lt\/pl\/wp-json\/wp\/v2\/types\/product"}],"replies":[{"embeddable":true,"href":"https:\/\/hookahshop.lt\/pl\/wp-json\/wp\/v2\/comments?post=12822"}],"version-history":[{"count":2,"href":"https:\/\/hookahshop.lt\/pl\/wp-json\/wp\/v2\/product\/12822\/revisions"}],"predecessor-version":[{"id":42315,"href":"https:\/\/hookahshop.lt\/pl\/wp-json\/wp\/v2\/product\/12822\/revisions\/42315"}],"wp:featuredmedia":[{"embeddable":true,"href":"https:\/\/hookahshop.lt\/pl\/wp-json\/wp\/v2\/media\/12824"}],"wp:attachment":[{"href":"https:\/\/hookahshop.lt\/pl\/wp-json\/wp\/v2\/media?parent=12822"}],"curies":[{"name":"wp","href":"https:\/\/api.w.org\/{rel}","templated":true}]}}