{"id":12829,"date":"2020-10-20T17:40:58","date_gmt":"2020-10-20T14:40:58","guid":{"rendered":"https:\/\/hookahshop.lt\/?post_type=product&#038;p=12829"},"modified":"2026-04-19T23:29:25","modified_gmt":"2026-04-19T20:29:25","slug":"taurele-kaljanui-solaris-titan","status":"publish","type":"product","link":"https:\/\/hookahshop.lt\/pl\/produkt\/kubek-szisza-solaris-titan\/","title":{"rendered":"Kubek do fajki wodnej SOLARIS Titan"},"content":{"rendered":"<h2>Kubek do fajki wodnej SOLARIS Titan<\/h2>\n<p>Kubki na fajki wodne Solaris s\u0105 w ca\u0142o\u015bci wykonane r\u0119cznie. Fili\u017canki wykonane s\u0105 z czerwonej gliny i fajansu. Do produkcji kubk\u00f3w wykorzystywane s\u0105 wy\u0142\u0105cznie naturalne i przyjazne dla \u015brodowiska materia\u0142y. R\u00f3\u017cni si\u0119 od innych misek tym, \u017ce jest bardziej odporna na wilgo\u0107. Zastosowanie technologii mlecznej do glinki czerwonej daje ciekawy efekt zewn\u0119trzny, oryginalny design.<\/p>\n<p>Czy masz jakie\u015b pytania? Skontaktuj si\u0119 z nami <a href=\"https:\/\/hookahshop.lt\/pl\/lacznosc\/\">strona z kontaktami<\/a> lub napisz do nas na adres <a href=\"https:\/\/facebook.com\/HookahShop.lt\/\" target=\"_blank\" rel=\"noopener noreferrer\">konto na Facebooku<\/a> a my odpowiemy na Twoj\u0105 pro\u015bb\u0119 tego samego dnia.<\/p>","protected":false},"excerpt":{"rendered":"<p>Kubek na fajk\u0119 wodn\u0105 SOLARIS Titan Kubki na fajk\u0119 wodn\u0105 Solaris s\u0105 wykonane w ca\u0142o\u015bci r\u0119cznie. Fili\u017canki wykonane s\u0105 z czerwonej gliny i fajansu. Do produkcji kubk\u00f3w wykorzystywane s\u0105 wy\u0142\u0105cznie naturalne i przyjazne dla \u015brodowiska materia\u0142y. R\u00f3\u017cni si\u0119 od innych misek tym, \u017ce jest bardziej odporna na wilgo\u0107. Zastosowanie technologii mlecznej do glinki czerwonej daje ciekawy efekt zewn\u0119trzny, oryginalny design. Czy masz jakie\u015b pytania? Skontaktuj si\u0119 z nami na stronie kontaktowej [\u2026]<\/p>","protected":false},"featured_media":12830,"comment_status":"open","ping_status":"closed","template":"","meta":[],"_links":{"self":[{"href":"https:\/\/hookahshop.lt\/pl\/wp-json\/wp\/v2\/product\/12829"}],"collection":[{"href":"https:\/\/hookahshop.lt\/pl\/wp-json\/wp\/v2\/product"}],"about":[{"href":"https:\/\/hookahshop.lt\/pl\/wp-json\/wp\/v2\/types\/product"}],"replies":[{"embeddable":true,"href":"https:\/\/hookahshop.lt\/pl\/wp-json\/wp\/v2\/comments?post=12829"}],"version-history":[{"count":2,"href":"https:\/\/hookahshop.lt\/pl\/wp-json\/wp\/v2\/product\/12829\/revisions"}],"predecessor-version":[{"id":23198,"href":"https:\/\/hookahshop.lt\/pl\/wp-json\/wp\/v2\/product\/12829\/revisions\/23198"}],"wp:featuredmedia":[{"embeddable":true,"href":"https:\/\/hookahshop.lt\/pl\/wp-json\/wp\/v2\/media\/12830"}],"wp:attachment":[{"href":"https:\/\/hookahshop.lt\/pl\/wp-json\/wp\/v2\/media?parent=12829"}],"curies":[{"name":"wp","href":"https:\/\/api.w.org\/{rel}","templated":true}]}}