{"id":12834,"date":"2020-10-20T17:52:43","date_gmt":"2020-10-20T14:52:43","guid":{"rendered":"https:\/\/hookahshop.lt\/?post_type=product&#038;p=12834"},"modified":"2026-04-16T10:21:19","modified_gmt":"2026-04-16T07:21:19","slug":"taurele-kaljanui-solaris-charon","status":"publish","type":"product","link":"https:\/\/hookahshop.lt\/pl\/produkt\/kubek-szisza-solaris-charon\/","title":{"rendered":"Kubek do fajki wodnej SOLARIS Charon"},"content":{"rendered":"<h2>Kubek do fajki wodnej Solaris Charon<\/h2>\n<p>Kubki na fajki wodne Solaris s\u0105 w ca\u0142o\u015bci wykonane r\u0119cznie. Fili\u017canki wykonane s\u0105 z bia\u0142ej gliny i fajansu. Do produkcji kubk\u00f3w wykorzystywane s\u0105 wy\u0142\u0105cznie naturalne i przyjazne dla \u015brodowiska materia\u0142y. R\u00f3\u017cni si\u0119 od innych misek tym, \u017ce jest bardziej odporna na wilgo\u0107. Zastosowanie technologii mlecznej do glinki czerwonej daje ciekawy efekt zewn\u0119trzny, oryginalny design.<\/p>\n<p>Czy masz jakie\u015b pytania? Skontaktuj si\u0119 z nami <a href=\"https:\/\/hookahshop.lt\/pl\/lacznosc\/\">strona z kontaktami<\/a> lub napisz do nas na adres <a href=\"https:\/\/facebook.com\/HookahShop.lt\/\" target=\"_blank\" rel=\"noopener noreferrer\">konto na Facebooku<\/a> a my odpowiemy na Twoj\u0105 pro\u015bb\u0119 tego samego dnia.<\/p>","protected":false},"excerpt":{"rendered":"<p>Fili\u017canka do fajki wodnej Solaris Charon Solaris Kubki do fajki wodnej s\u0105 w ca\u0142o\u015bci wykonane r\u0119cznie. Fili\u017canki wykonane s\u0105 z bia\u0142ej gliny i fajansu. Do produkcji kubk\u00f3w wykorzystywane s\u0105 wy\u0142\u0105cznie naturalne i przyjazne dla \u015brodowiska materia\u0142y. R\u00f3\u017cni si\u0119 od innych misek tym, \u017ce jest bardziej odporna na wilgo\u0107. Zastosowanie technologii mlecznej do glinki czerwonej daje ciekawy efekt zewn\u0119trzny, oryginalny design. Czy masz jakie\u015b pytania? Skontaktuj si\u0119 z nami na stronie kontaktowej [...]<\/p>","protected":false},"featured_media":12847,"comment_status":"open","ping_status":"closed","template":"","meta":[],"_links":{"self":[{"href":"https:\/\/hookahshop.lt\/pl\/wp-json\/wp\/v2\/product\/12834"}],"collection":[{"href":"https:\/\/hookahshop.lt\/pl\/wp-json\/wp\/v2\/product"}],"about":[{"href":"https:\/\/hookahshop.lt\/pl\/wp-json\/wp\/v2\/types\/product"}],"replies":[{"embeddable":true,"href":"https:\/\/hookahshop.lt\/pl\/wp-json\/wp\/v2\/comments?post=12834"}],"version-history":[{"count":2,"href":"https:\/\/hookahshop.lt\/pl\/wp-json\/wp\/v2\/product\/12834\/revisions"}],"predecessor-version":[{"id":26143,"href":"https:\/\/hookahshop.lt\/pl\/wp-json\/wp\/v2\/product\/12834\/revisions\/26143"}],"wp:featuredmedia":[{"embeddable":true,"href":"https:\/\/hookahshop.lt\/pl\/wp-json\/wp\/v2\/media\/12847"}],"wp:attachment":[{"href":"https:\/\/hookahshop.lt\/pl\/wp-json\/wp\/v2\/media?parent=12834"}],"curies":[{"name":"wp","href":"https:\/\/api.w.org\/{rel}","templated":true}]}}