{"id":12892,"date":"2020-10-25T15:12:02","date_gmt":"2020-10-25T13:12:02","guid":{"rendered":"https:\/\/hookahshop.lt\/?post_type=product&#038;p=12892"},"modified":"2026-04-22T23:29:12","modified_gmt":"2026-04-22T20:29:12","slug":"karscio-kamera-kalaud-replika","status":"publish","type":"product","link":"https:\/\/hookahshop.lt\/pl\/produkt\/replika-kamery-termowizyjnej-kalaud\/","title":{"rendered":"Gor\u0105ca kamera KALAUD Replika"},"content":{"rendered":"<h2 data-placeholder=\"Vertimas\">Gor\u0105ca kamera KALAUD Replika<\/h2>\n<p dir=\"ltr\" data-placeholder=\"Vertimas\">Przeznaczony jest do podgrzewania kubka do fajki wodnej w\u0119glem kokosowym. To jest replika lotosu kalaud.<\/p>\n<p id=\"tw-target-text\" class=\"tw-data-text tw-text-large tw-ta\" dir=\"ltr\" data-placeholder=\"Vertimas\"><strong><span lang=\"lt\">G\u0142\u00f3wne zalety komory grzewczej:<\/span><\/strong><\/p>\n<ul>\n<li class=\"tw-data-text tw-text-large tw-ta\" data-placeholder=\"Vertimas\"><span lang=\"lt\">Wielokrotnego u\u017cytku;<\/span><\/li>\n<li class=\"tw-data-text tw-text-large tw-ta\" data-placeholder=\"Vertimas\"><span lang=\"lt\">Nigdy wi\u0119cej folii;<\/span><\/li>\n<li class=\"tw-data-text tw-text-large tw-ta\" data-placeholder=\"Vertimas\"><span lang=\"lt\">W\u0119giel pozostaje na swoim miejscu dzi\u0119ki wygodnemu kszta\u0142towi;<\/span><\/li>\n<li class=\"tw-data-text tw-text-large tw-ta\" data-placeholder=\"Vertimas\">Poprawia cyrkulacj\u0119 powietrza;<\/li>\n<li class=\"tw-data-text tw-text-large tw-ta\" data-placeholder=\"Vertimas\"><span lang=\"lt\">Nagrzewa si\u0119 w kr\u00f3tkim czasie i utrzymuje ciep\u0142o na stabilnym poziomie.<\/span><\/li>\n<\/ul>\n<p>Czy masz jakie\u015b pytania? Skontaktuj si\u0119 z nami <a href=\"https:\/\/hookahshop.lt\/pl\/lacznosc\/\">strona z kontaktami<\/a> lub napisz do nas na adres <a href=\"https:\/\/facebook.com\/HookahShop.lt\/\" target=\"_blank\" rel=\"noopener noreferrer\">konto na Facebooku<\/a> a my odpowiemy na Twoj\u0105 pro\u015bb\u0119 tego samego dnia.<\/p>","protected":false},"excerpt":{"rendered":"<p>Komora grzewcza KALAUD Replica Jest przeznaczona do podgrzewania kubka do fajki wodnej z w\u0119glem kokosowym. Jest to replika kalaud lotus. G\u0142\u00f3wne zalety komory grzewczej: Wielokrotnego u\u017cytku; Nie ma potrzeby stosowania folii; W\u0119giel pozostaje na swoim miejscu dzi\u0119ki wygodnemu kszta\u0142towi; Poprawia cyrkulacj\u0119 powietrza; Nagrzewa si\u0119 w kr\u00f3tkim czasie i utrzymuje stabilne ciep\u0142o. Masz jakie\u015b pytania? Skontaktuj si\u0119 z nami na stronie kontaktowej lub napisz do nas na adres [\u2026]<\/p>","protected":false},"featured_media":12893,"comment_status":"open","ping_status":"closed","template":"","meta":[],"_links":{"self":[{"href":"https:\/\/hookahshop.lt\/pl\/wp-json\/wp\/v2\/product\/12892"}],"collection":[{"href":"https:\/\/hookahshop.lt\/pl\/wp-json\/wp\/v2\/product"}],"about":[{"href":"https:\/\/hookahshop.lt\/pl\/wp-json\/wp\/v2\/types\/product"}],"replies":[{"embeddable":true,"href":"https:\/\/hookahshop.lt\/pl\/wp-json\/wp\/v2\/comments?post=12892"}],"version-history":[{"count":7,"href":"https:\/\/hookahshop.lt\/pl\/wp-json\/wp\/v2\/product\/12892\/revisions"}],"predecessor-version":[{"id":42966,"href":"https:\/\/hookahshop.lt\/pl\/wp-json\/wp\/v2\/product\/12892\/revisions\/42966"}],"wp:featuredmedia":[{"embeddable":true,"href":"https:\/\/hookahshop.lt\/pl\/wp-json\/wp\/v2\/media\/12893"}],"wp:attachment":[{"href":"https:\/\/hookahshop.lt\/pl\/wp-json\/wp\/v2\/media?parent=12892"}],"curies":[{"name":"wp","href":"https:\/\/api.w.org\/{rel}","templated":true}]}}