{"id":12896,"date":"2020-10-25T16:05:22","date_gmt":"2020-10-25T14:05:22","guid":{"rendered":"https:\/\/hookahshop.lt\/?post_type=product&#038;p=12896"},"modified":"2026-04-22T23:29:17","modified_gmt":"2026-04-22T20:29:17","slug":"kolba-kaljanui-hookahtree-c3-black-transparent","status":"publish","type":"product","link":"https:\/\/hookahshop.lt\/pl\/produkt\/szisza-fajka-szisza-c3-czarna-przezroczysta\/","title":{"rendered":"Termos na \u0142ysienie HOOKAHTREE C3 Black Transparent"},"content":{"rendered":"<h2>Termos na \u0142ysienie HOOKAHTREE C3 Black Transparent<\/h2>\n<p>Ta r\u0119cznie robiona kolba wykonana jest z wysokiej jako\u015bci szk\u0142a o grubo\u015bci 5 mm. Kolba jest czarna i przezroczysta, co pozwala na regulacj\u0119 poziomu wody w kolbie.<\/p>\n<p><strong><span title=\"\">Specyfikacje:<\/span><\/strong><br \/>\nWysoko\u015b\u0107: 252 mm<br \/>\nWaga: ~ 1550 g<br \/>\n\u015arednica otworu zewn\u0119trznego: 70 mm<br \/>\nWewn\u0119trzna \u015brednica otworu: 48 mm<br \/>\nMateria\u0142 produktu: szk\u0142o<\/p>\n<p>Czy masz jakie\u015b pytania? Skontaktuj si\u0119 z nami <a href=\"https:\/\/hookahshop.lt\/pl\/lacznosc\/\">strona z kontaktami<\/a> lub napisz do nas na adres <a href=\"https:\/\/facebook.com\/HookahShop.lt\/\" target=\"_blank\" rel=\"noopener noreferrer\">konto na Facebooku<\/a> a my odpowiemy na Twoj\u0105 pro\u015bb\u0119 tego samego dnia.<\/p>","protected":false},"excerpt":{"rendered":"<p>Kolba kaljanui HOOKAHTREE C3 Black Transparent \u0160i, rank\u0173 darbo kolba pagaminta i\u0161 auk\u0161tos kokyb\u0117s 5 mm storo stiklo. Kolba yra juodai skaidrios spalvos, leid\u017eianti reguliuoti vandens lyg\u012f kolboje. Specifikacijos: Auk\u0161tis: 252 mm Svoris: ~ 1550 g I\u0161orin\u0117s skyl\u0117s skersmuo: 70 mm Vidin\u0117s skyl\u0117s skersmuo: 48 mm Produkto med\u017eiaga: stiklas Turite klausim\u0173? Susisiekite su mumis kontakt\u0173 [&hellip;]<\/p>","protected":false},"featured_media":12897,"comment_status":"open","ping_status":"closed","template":"","meta":[],"_links":{"self":[{"href":"https:\/\/hookahshop.lt\/pl\/wp-json\/wp\/v2\/product\/12896"}],"collection":[{"href":"https:\/\/hookahshop.lt\/pl\/wp-json\/wp\/v2\/product"}],"about":[{"href":"https:\/\/hookahshop.lt\/pl\/wp-json\/wp\/v2\/types\/product"}],"replies":[{"embeddable":true,"href":"https:\/\/hookahshop.lt\/pl\/wp-json\/wp\/v2\/comments?post=12896"}],"version-history":[{"count":5,"href":"https:\/\/hookahshop.lt\/pl\/wp-json\/wp\/v2\/product\/12896\/revisions"}],"predecessor-version":[{"id":45138,"href":"https:\/\/hookahshop.lt\/pl\/wp-json\/wp\/v2\/product\/12896\/revisions\/45138"}],"wp:featuredmedia":[{"embeddable":true,"href":"https:\/\/hookahshop.lt\/pl\/wp-json\/wp\/v2\/media\/12897"}],"wp:attachment":[{"href":"https:\/\/hookahshop.lt\/pl\/wp-json\/wp\/v2\/media?parent=12896"}],"curies":[{"name":"wp","href":"https:\/\/api.w.org\/{rel}","templated":true}]}}