{"id":12905,"date":"2020-10-25T16:36:04","date_gmt":"2020-10-25T14:36:04","guid":{"rendered":"https:\/\/hookahshop.lt\/?post_type=product&#038;p=12905"},"modified":"2026-04-14T23:29:19","modified_gmt":"2026-04-14T20:29:19","slug":"taurele-kaljanui-smokelab-taiga","status":"publish","type":"product","link":"https:\/\/hookahshop.lt\/pl\/produkt\/szklana-szisza-dymnalab-taiga\/","title":{"rendered":"Kubek do fajki wodnej SMOKELAB Taiga"},"content":{"rendered":"<h2>Kubek do fajki wodnej SMOKELAB Taiga<\/h2>\n<p>To nowy model w rodzinie Evil Bowl. Ca\u0142a linia tych kubk\u00f3w przeznaczona jest do jasnych i mocnych opakowa\u0144 kubk\u00f3w. Celem Tajgi jest jeszcze dalsze przesuni\u0119cie tych granic. Ma bardzo cienkie \u015bcianki o tym samym zewn\u0119trznym promieniu kielicha. Odpowiednio zwi\u0119ksza si\u0119 powierzchnia zatyczek tytoniowych, a g\u0142\u0119boko\u015b\u0107 wr\u0119cz przeciwnie, maleje. Podczas zaci\u0105gania pozwala to na \u0142atw\u0105 kontrol\u0119 ciep\u0142a (cienkie \u015bcianki misy absorbuj\u0105 mniej ciep\u0142a, gdy\u017c oddaje je do mieszanki fajki wodnej, dzi\u0119ki czemu \u0142atwo tak\u0105 misk\u0119 sch\u0142odzi\u0107), najja\u015bniejsze i najmocniejsze palenie przy nieco kr\u00f3tszym czas trwania (ca\u0142a w\u0119dzona mieszanka fajki wodnej natychmiast si\u0119 nagrzewa i dobrze si\u0119 nagrzewa przez ca\u0142y okres w\u0119dzenia).<br \/>\nJe\u017celi szukasz idealnego kubka, aby m\u00f3c cieszy\u0107 si\u0119 najszybsz\u0105 i najbardziej intensywn\u0105 przyjemno\u015bci\u0105 z mocnego opakowania kubk\u00f3w, to SmokeLab Taiga jest zdecydowanie dla Ciebie!<br \/>\nPojemno\u015b\u0107 mieszanki do fajki wodnej: 15-20 g.<\/p>\n<p>Specyfikacje:<br \/>\nWysoko\u015b\u0107: 104 mm<br \/>\n\u015arednica (zewn\u0119trzna): 74 mm<br \/>\n\u015arednica (wewn\u0119trzna): 68 mm<br \/>\nG\u0142\u0119boko\u015b\u0107: 16mm<br \/>\n\u015arednica otworu: 8 mm<br \/>\nIlo\u015b\u0107 otwor\u00f3w: 5 szt.<br \/>\nWaga: oko\u0142o 157 g.<\/p>\n<p>Czy masz jakie\u015b pytania? Skontaktuj si\u0119 z nami <a href=\"https:\/\/hookahshop.lt\/pl\/lacznosc\/\">strona z kontaktami<\/a> lub napisz do nas na adres <a href=\"https:\/\/facebook.com\/HookahShop.lt\/\" target=\"_blank\" rel=\"noopener noreferrer\">konto na Facebooku<\/a> a my odpowiemy na Twoj\u0105 pro\u015bb\u0119 tego samego dnia.<\/p>","protected":false},"excerpt":{"rendered":"<p>Miska na fajki wodne SMOKELAB Taiga To nowy model rodziny Evil Bowl. Ca\u0142a linia tych kubk\u00f3w przeznaczona jest do jasnych i mocnych opakowa\u0144 kubk\u00f3w. Tajga zamierza jeszcze bardziej przesun\u0105\u0107 te granice. Ma bardzo cienkie \u015bcianki o tym samym zewn\u0119trznym promieniu kielicha. Odpowiednio zwi\u0119ksza si\u0119 powierzchnia zatyczek tytoniowych, a g\u0142\u0119boko\u015b\u0107 wr\u0119cz przeciwnie, maleje. Pozwala to na \u0142atw\u0105 kontrol\u0119 temperatury podczas wydmuchu [...]<\/p>","protected":false},"featured_media":12910,"comment_status":"open","ping_status":"closed","template":"","meta":[],"_links":{"self":[{"href":"https:\/\/hookahshop.lt\/pl\/wp-json\/wp\/v2\/product\/12905"}],"collection":[{"href":"https:\/\/hookahshop.lt\/pl\/wp-json\/wp\/v2\/product"}],"about":[{"href":"https:\/\/hookahshop.lt\/pl\/wp-json\/wp\/v2\/types\/product"}],"replies":[{"embeddable":true,"href":"https:\/\/hookahshop.lt\/pl\/wp-json\/wp\/v2\/comments?post=12905"}],"version-history":[{"count":3,"href":"https:\/\/hookahshop.lt\/pl\/wp-json\/wp\/v2\/product\/12905\/revisions"}],"predecessor-version":[{"id":23181,"href":"https:\/\/hookahshop.lt\/pl\/wp-json\/wp\/v2\/product\/12905\/revisions\/23181"}],"wp:featuredmedia":[{"embeddable":true,"href":"https:\/\/hookahshop.lt\/pl\/wp-json\/wp\/v2\/media\/12910"}],"wp:attachment":[{"href":"https:\/\/hookahshop.lt\/pl\/wp-json\/wp\/v2\/media?parent=12905"}],"curies":[{"name":"wp","href":"https:\/\/api.w.org\/{rel}","templated":true}]}}