{"id":12914,"date":"2020-10-25T23:11:06","date_gmt":"2020-10-25T21:11:06","guid":{"rendered":"https:\/\/hookahshop.lt\/?post_type=product&#038;p=12914"},"modified":"2026-04-11T23:29:13","modified_gmt":"2026-04-11T20:29:13","slug":"taurele-kaljanui-conceptic-cd2-green","status":"publish","type":"product","link":"https:\/\/hookahshop.lt\/pl\/produkt\/filizanka-szisza-koncepcyjna-cd2-zielona\/","title":{"rendered":"Kubek do fajki wodnej CONCEPTIC CD2 Green"},"content":{"rendered":"<h2>Kubek do fajki wodnej CONCEPTIC CD2 Green<\/h2>\n<p>Misa na fajki wodne \u201eConceptic CD2\u201d to klasyczna \u201emiska zab\u00f3jcza\u201d, jednak jej wn\u0119trze jest zaokr\u0105glone, bez prostych \u015bcianek. W dolnej cz\u0119\u015bci kielicha znajduje si\u0119 sze\u015b\u0107 otwor\u00f3w u\u0142o\u017conych w okr\u0105g, bez otworu po\u015brodku. Dzi\u0119ki takiemu rozmieszczeniu otwor\u00f3w proces palenia tytoniu przebiega bardziej r\u00f3wnomiernie.<br \/>\nMiska na fajk\u0119 wodn\u0105 wykonana jest z bia\u0142ej glinki z dodatkiem szamotu i ciemnego pigmentu. Kubek pomalowany jest kolorow\u0105 glazur\u0105 z dodatkiem bia\u0142ych plam. Kubek nadaje si\u0119 do u\u017cytku zar\u00f3wno z foli\u0105, jak i z komor\u0105 grzewcz\u0105.<br \/>\nPojemno\u015b\u0107 mieszanki fajki wodnej: ok. 17 g.<\/p>\n<p>Specyfikacje:<br \/>\nWysoko\u015b\u0107: 93 mm<br \/>\n\u015arednica (zewn\u0119trzna): 74 mm<br \/>\n\u015arednica (wewn\u0119trzna): 62 mm<br \/>\nG\u0142\u0119boko\u015b\u0107: 15 mm<br \/>\n\u015arednica otworu: 8 mm<br \/>\nIlo\u015b\u0107 otwor\u00f3w: 6 szt.<br \/>\nWaga: oko\u0142o 218 g.<\/p>\n<p>Czy masz jakie\u015b pytania? Skontaktuj si\u0119 z nami <a href=\"https:\/\/hookahshop.lt\/pl\/lacznosc\/\">strona z kontaktami<\/a> lub napisz do nas na adres <a href=\"https:\/\/facebook.com\/HookahShop.lt\/\" target=\"_blank\" rel=\"noopener noreferrer\">konto na Facebooku<\/a> a my odpowiemy na Twoj\u0105 pro\u015bb\u0119 tego samego dnia.<\/p>","protected":false},"excerpt":{"rendered":"<p>Miska na fajk\u0119 wodn\u0105 CONCEPTIC CD2 Green Misa na fajk\u0119 wodn\u0105 \u201eConceptic CD2\u201d to klasyczna \u201emiska zab\u00f3jcza\u201d, jednak jej wn\u0119trze jest zaokr\u0105glone, bez prostych \u015bcianek. W dolnej cz\u0119\u015bci kielicha znajduje si\u0119 sze\u015b\u0107 otwor\u00f3w u\u0142o\u017conych w okr\u0105g, bez otworu po\u015brodku. Dzi\u0119ki takiemu rozmieszczeniu otwor\u00f3w proces palenia tytoniu jest bardziej jednolity. Miska na fajk\u0119 wodn\u0105 wykonana jest z bia\u0142ej glinki z dodatkiem szamotu i ciemnego pigmentu. Fili\u017canka malowana jest kolorow\u0105 glazur\u0105, [...]<\/p>","protected":false},"featured_media":12915,"comment_status":"open","ping_status":"closed","template":"","meta":[],"_links":{"self":[{"href":"https:\/\/hookahshop.lt\/pl\/wp-json\/wp\/v2\/product\/12914"}],"collection":[{"href":"https:\/\/hookahshop.lt\/pl\/wp-json\/wp\/v2\/product"}],"about":[{"href":"https:\/\/hookahshop.lt\/pl\/wp-json\/wp\/v2\/types\/product"}],"replies":[{"embeddable":true,"href":"https:\/\/hookahshop.lt\/pl\/wp-json\/wp\/v2\/comments?post=12914"}],"version-history":[{"count":6,"href":"https:\/\/hookahshop.lt\/pl\/wp-json\/wp\/v2\/product\/12914\/revisions"}],"predecessor-version":[{"id":37061,"href":"https:\/\/hookahshop.lt\/pl\/wp-json\/wp\/v2\/product\/12914\/revisions\/37061"}],"wp:featuredmedia":[{"embeddable":true,"href":"https:\/\/hookahshop.lt\/pl\/wp-json\/wp\/v2\/media\/12915"}],"wp:attachment":[{"href":"https:\/\/hookahshop.lt\/pl\/wp-json\/wp\/v2\/media?parent=12914"}],"curies":[{"name":"wp","href":"https:\/\/api.w.org\/{rel}","templated":true}]}}