{"id":12927,"date":"2020-10-25T23:59:53","date_gmt":"2020-10-25T21:59:53","guid":{"rendered":"https:\/\/hookahshop.lt\/?post_type=product&#038;p=12927"},"modified":"2026-04-14T23:29:21","modified_gmt":"2026-04-14T20:29:21","slug":"vienkartiniai-kandikliai-kaljanui-al-mani-6cm-100vnt-spalvoti","status":"publish","type":"product","link":"https:\/\/hookahshop.lt\/pl\/produkt\/jednorazowe-ustniki-do-fajki-wodnej-al-mani-6cm-100szt-kolorowe\/","title":{"rendered":"Jednorazowe haczyki do fajki wodnej AL-MANI 6cm 100szt Kolor"},"content":{"rendered":"<h2>Jednorazowe haczyki do fajki wodnej AL-MANI 6cm 100szt Kolor<\/h2>\n<p>Do dodatkowego mocowania do ustnika do fajki wodnej w celu higienicznego u\u017cytkowania.<br \/>\n100 sztuk w jednym opakowaniu. ustniki.<\/p>\n<p>Czy masz jakie\u015b pytania? Skontaktuj si\u0119 z nami <a href=\"https:\/\/hookahshop.lt\/pl\/lacznosc\/\">strona z kontaktami<\/a> lub napisz do nas na adres <a href=\"https:\/\/facebook.com\/HookahShop.lt\/\" target=\"_blank\" rel=\"noopener noreferrer\">konto na Facebooku<\/a> a my odpowiemy na Twoj\u0105 pro\u015bb\u0119 tego samego dnia.<\/p>","protected":false},"excerpt":{"rendered":"<p>Jednorazowe ustniki do fajki wodnej AL-MANI 6cm 100 szt. Kolorowe Do dodatkowego zastosowania na ustniku do fajki wodnej w celach higienicznych. 100 sztuk w jednym opakowaniu. ustniki. Czy masz jakie\u015b pytania? Skontaktuj si\u0119 z nami na stronie kontaktowej lub napisz do nas na Facebooku, a my odpowiemy na Twoj\u0105 pro\u015bb\u0119 jeszcze tego samego dnia.<\/p>","protected":false},"featured_media":12929,"comment_status":"open","ping_status":"closed","template":"","meta":[],"_links":{"self":[{"href":"https:\/\/hookahshop.lt\/pl\/wp-json\/wp\/v2\/product\/12927"}],"collection":[{"href":"https:\/\/hookahshop.lt\/pl\/wp-json\/wp\/v2\/product"}],"about":[{"href":"https:\/\/hookahshop.lt\/pl\/wp-json\/wp\/v2\/types\/product"}],"replies":[{"embeddable":true,"href":"https:\/\/hookahshop.lt\/pl\/wp-json\/wp\/v2\/comments?post=12927"}],"version-history":[{"count":3,"href":"https:\/\/hookahshop.lt\/pl\/wp-json\/wp\/v2\/product\/12927\/revisions"}],"predecessor-version":[{"id":25626,"href":"https:\/\/hookahshop.lt\/pl\/wp-json\/wp\/v2\/product\/12927\/revisions\/25626"}],"wp:featuredmedia":[{"embeddable":true,"href":"https:\/\/hookahshop.lt\/pl\/wp-json\/wp\/v2\/media\/12929"}],"wp:attachment":[{"href":"https:\/\/hookahshop.lt\/pl\/wp-json\/wp\/v2\/media?parent=12927"}],"curies":[{"name":"wp","href":"https:\/\/api.w.org\/{rel}","templated":true}]}}