{"id":12983,"date":"2020-10-28T21:28:20","date_gmt":"2020-10-28T19:28:20","guid":{"rendered":"https:\/\/hookahshop.lt\/?post_type=product&#038;p=12983"},"modified":"2026-04-06T23:28:52","modified_gmt":"2026-04-06T20:28:52","slug":"kaljanas-smoke-me-five-black","status":"publish","type":"product","link":"https:\/\/hookahshop.lt\/pl\/produkt\/fajka-wodna-smoke-me-five-czarna\/","title":{"rendered":"Fajka wodna SMOKE ME Five Czarna"},"content":{"rendered":"<h2>Fajka wodna SMOKE ME Five Czarna<\/h2>\n<p>Ten wyr\u00f3\u017cnia si\u0119 unikaln\u0105 kolb\u0105, kt\u00f3ra pozwala na monta\u017c wi\u0119kszego magazynu dymu ni\u017c przy zastosowaniu konwencjonalnie ukszta\u0142towanych kolb.<\/p>\n<p><strong>W sk\u0142ad zestawu wchodz\u0105:<\/strong><br \/>\nNargile<br \/>\nKolba<br \/>\nUstnik<br \/>\nPuchar<br \/>\nJelito<br \/>\nSzczypce<br \/>\nKomin<br \/>\nW\u0105\u017c spiralny<\/p>\n<p><strong>Specyfikacje:<\/strong><br \/>\nWysoko\u015b\u0107 fajki wodnej z kolb\u0105: oko\u0142o 50cm<br \/>\nMateria\u0142: anodowane aluminium<br \/>\nTyp po\u0142\u0105czenia: Kliknij<br \/>\nDyfuzor: Niedost\u0119pny<br \/>\nKraj pochodzenia: Niemcy<\/p>\n<p>Czy masz jakie\u015b pytania? Skontaktuj si\u0119 z nami <a href=\"https:\/\/hookahshop.lt\/pl\/lacznosc\/\">strona z kontaktami<\/a> lub napisz do nas na adres <a href=\"https:\/\/facebook.com\/HookahShop.lt\/\" target=\"_blank\" rel=\"noopener noreferrer\">konto na Facebooku<\/a> a my odpowiemy na Twoj\u0105 pro\u015bb\u0119 tego samego dnia.<\/p>\n<p>&nbsp;<\/p>","protected":false},"excerpt":{"rendered":"<p>Hookah SMOKE ME Five Black Wyr\u00f3\u017cnia si\u0119 wyj\u0105tkow\u0105 kolb\u0105, kt\u00f3ra pozwala na zainstalowanie wi\u0119kszego magazynu dymu ni\u017c przy zastosowaniu konwencjonalnych kolb kszta\u0142towych. Zestaw zawiera: Kolb\u0119 do fajki wodnej Ustnik Kubek W\u0105\u017c Szczypce Fajka W\u0105\u017c spiralny Dane techniczne: Wysoko\u015b\u0107 fajki wodnej z kolb\u0105: oko\u0142o 50cm Materia\u0142: Aluminium anodyzowane Rodzaj po\u0142\u0105czenia: Kliknij Dyfuzor: Brak Kraj pochodzenia: Niemcy Masz pytania? Skontaktuj si\u0119 z nami poprzez nasz kontakt [\u2026]<\/p>","protected":false},"featured_media":12984,"comment_status":"open","ping_status":"closed","template":"","meta":[],"_links":{"self":[{"href":"https:\/\/hookahshop.lt\/pl\/wp-json\/wp\/v2\/product\/12983"}],"collection":[{"href":"https:\/\/hookahshop.lt\/pl\/wp-json\/wp\/v2\/product"}],"about":[{"href":"https:\/\/hookahshop.lt\/pl\/wp-json\/wp\/v2\/types\/product"}],"replies":[{"embeddable":true,"href":"https:\/\/hookahshop.lt\/pl\/wp-json\/wp\/v2\/comments?post=12983"}],"version-history":[{"count":4,"href":"https:\/\/hookahshop.lt\/pl\/wp-json\/wp\/v2\/product\/12983\/revisions"}],"predecessor-version":[{"id":33522,"href":"https:\/\/hookahshop.lt\/pl\/wp-json\/wp\/v2\/product\/12983\/revisions\/33522"}],"wp:featuredmedia":[{"embeddable":true,"href":"https:\/\/hookahshop.lt\/pl\/wp-json\/wp\/v2\/media\/12984"}],"wp:attachment":[{"href":"https:\/\/hookahshop.lt\/pl\/wp-json\/wp\/v2\/media?parent=12983"}],"curies":[{"name":"wp","href":"https:\/\/api.w.org\/{rel}","templated":true}]}}