{"id":12988,"date":"2020-10-28T22:02:43","date_gmt":"2020-10-28T20:02:43","guid":{"rendered":"https:\/\/hookahshop.lt\/?post_type=product&#038;p=12988"},"modified":"2026-04-14T23:28:44","modified_gmt":"2026-04-14T20:28:44","slug":"kaljanas-al-mani-z-44-black","status":"publish","type":"product","link":"https:\/\/hookahshop.lt\/pl\/produkt\/fajka-al-mani-z-44-czarna\/","title":{"rendered":"Fajka wodna AL-MANI Z-44 Czarna"},"content":{"rendered":"<h2>Fajka wodna AL-MANI Z-44 Czarna<\/h2>\n<p>W sk\u0142ad zestawu wchodz\u0105:<br \/>\nNargile<br \/>\nKolba<br \/>\nUstnik<br \/>\nJelito<br \/>\nSzczypce<br \/>\nPuchar<br \/>\nKomin<\/p>\n<p>Specyfikacje:<\/p>\n<p>Wysoko\u015b\u0107 fajki wodnej z manierk\u0105: 40 cm<br \/>\nMateria\u0142: stal nierdzewna i mi\u0119kki materia\u0142<br \/>\nCzarny kolor<br \/>\nDyfuzor: Niedost\u0119pny<br \/>\nKraj pochodzenia: Niemcy<\/p>\n<p>Czy masz jakie\u015b pytania? Skontaktuj si\u0119 z nami <a href=\"https:\/\/hookahshop.lt\/pl\/lacznosc\/\">strona z kontaktami<\/a> lub napisz do nas na adres <a href=\"https:\/\/facebook.com\/HookahShop.lt\/\" target=\"_blank\" rel=\"noopener noreferrer\">konto na Facebooku<\/a> a my odpowiemy na Twoj\u0105 pro\u015bb\u0119 tego samego dnia.<\/p>","protected":false},"excerpt":{"rendered":"<p>Fajka wodna AL-MANI Z-44 Czarna Zestaw sk\u0142ada si\u0119 z: Kolby do fajki wodnej Ustnika W\u0119\u017ca Szczypce Kubek Kieliszki Dane techniczne: Wysoko\u015b\u0107 fajki wodnej z kolb\u0105: 40 cm Materia\u0142: Stal nierdzewna i mi\u0119kki w dotyku Kolor: Czarny Dyfuzor: Brak Kraj pochodzenia: Niemcy Czy masz jakie\u015b pytania? Skontaktuj si\u0119 z nami na stronie kontaktowej lub napisz do nas na naszym koncie na Facebooku, a my odpowiemy na Twoj\u0105 pro\u015bb\u0119 jeszcze tego samego dnia.<\/p>","protected":false},"featured_media":12989,"comment_status":"open","ping_status":"closed","template":"","meta":[],"_links":{"self":[{"href":"https:\/\/hookahshop.lt\/pl\/wp-json\/wp\/v2\/product\/12988"}],"collection":[{"href":"https:\/\/hookahshop.lt\/pl\/wp-json\/wp\/v2\/product"}],"about":[{"href":"https:\/\/hookahshop.lt\/pl\/wp-json\/wp\/v2\/types\/product"}],"replies":[{"embeddable":true,"href":"https:\/\/hookahshop.lt\/pl\/wp-json\/wp\/v2\/comments?post=12988"}],"version-history":[{"count":4,"href":"https:\/\/hookahshop.lt\/pl\/wp-json\/wp\/v2\/product\/12988\/revisions"}],"predecessor-version":[{"id":26442,"href":"https:\/\/hookahshop.lt\/pl\/wp-json\/wp\/v2\/product\/12988\/revisions\/26442"}],"wp:featuredmedia":[{"embeddable":true,"href":"https:\/\/hookahshop.lt\/pl\/wp-json\/wp\/v2\/media\/12989"}],"wp:attachment":[{"href":"https:\/\/hookahshop.lt\/pl\/wp-json\/wp\/v2\/media?parent=12988"}],"curies":[{"name":"wp","href":"https:\/\/api.w.org\/{rel}","templated":true}]}}