{"id":13016,"date":"2020-10-28T23:09:57","date_gmt":"2020-10-28T21:09:57","guid":{"rendered":"https:\/\/hookahshop.lt\/?post_type=product&#038;p=13016"},"modified":"2026-04-17T23:29:26","modified_gmt":"2026-04-17T20:29:26","slug":"kandiklis-kaljanui-su-zarna-amy-black","status":"publish","type":"product","link":"https:\/\/hookahshop.lt\/pl\/produkt\/ustnik-fajka-z-jelitem-amy\/","title":{"rendered":"Ustnik do fajki wodnej z w\u0119\u017cem AMY Black"},"content":{"rendered":"<h2>Ustnik do fajki wodnej z w\u0119\u017cem AMY<\/h2>\n<p>Zestaw sk\u0142ada si\u0119 z silikonowego, b\u0142yszcz\u0105cego, czarnego w\u0119\u017ca oraz ustnika wykonanego ze stali nierdzewnej.<\/p>\n<p>Specyfikacja:<br \/>\nD\u0142ugo\u015b\u0107 w\u0119\u017ca: 1,50 m<br \/>\nD\u0142ugo\u015b\u0107 ustnika: 36 cm<br \/>\nZestaw w pude\u0142ku.<br \/>\nKraj pochodzenia: Niemcy<\/p>\n<p>Czy masz jakie\u015b pytania? Skontaktuj si\u0119 z nami <a href=\"https:\/\/hookahshop.lt\/pl\/lacznosc\/\">strona z kontaktami<\/a> lub napisz do nas na adres <a href=\"https:\/\/facebook.com\/HookahShop.lt\/\" target=\"_blank\" rel=\"noopener noreferrer\">konto na Facebooku<\/a> a my odpowiemy na Twoj\u0105 pro\u015bb\u0119 tego samego dnia.<\/p>","protected":false},"excerpt":{"rendered":"<p>Ustnik do fajki wodnej z w\u0119\u017cem AMY Zestaw sk\u0142ada si\u0119 z silikonowego, b\u0142yszcz\u0105cego, czarnego w\u0119\u017ca oraz ustnika wykonanego ze stali nierdzewnej. Specyfikacja: D\u0142ugo\u015b\u0107 w\u0119\u017ca: 1,50m D\u0142ugo\u015b\u0107 ustnika: 36cm Zestaw w pude\u0142ku. Kraj pochodzenia: Niemcy Masz pytania? Skontaktuj si\u0119 z nami na stronie kontaktowej lub napisz do nas na naszym koncie na Facebooku, a my odpowiemy na Twoj\u0105 pro\u015bb\u0119 jeszcze tego samego dnia.<\/p>","protected":false},"featured_media":13018,"comment_status":"open","ping_status":"closed","template":"","meta":[],"_links":{"self":[{"href":"https:\/\/hookahshop.lt\/pl\/wp-json\/wp\/v2\/product\/13016"}],"collection":[{"href":"https:\/\/hookahshop.lt\/pl\/wp-json\/wp\/v2\/product"}],"about":[{"href":"https:\/\/hookahshop.lt\/pl\/wp-json\/wp\/v2\/types\/product"}],"replies":[{"embeddable":true,"href":"https:\/\/hookahshop.lt\/pl\/wp-json\/wp\/v2\/comments?post=13016"}],"version-history":[{"count":3,"href":"https:\/\/hookahshop.lt\/pl\/wp-json\/wp\/v2\/product\/13016\/revisions"}],"predecessor-version":[{"id":23252,"href":"https:\/\/hookahshop.lt\/pl\/wp-json\/wp\/v2\/product\/13016\/revisions\/23252"}],"wp:featuredmedia":[{"embeddable":true,"href":"https:\/\/hookahshop.lt\/pl\/wp-json\/wp\/v2\/media\/13018"}],"wp:attachment":[{"href":"https:\/\/hookahshop.lt\/pl\/wp-json\/wp\/v2\/media?parent=13016"}],"curies":[{"name":"wp","href":"https:\/\/api.w.org\/{rel}","templated":true}]}}