{"id":13021,"date":"2020-10-28T23:23:54","date_gmt":"2020-10-28T21:23:54","guid":{"rendered":"https:\/\/hookahshop.lt\/?post_type=product&#038;p=13021"},"modified":"2026-05-05T23:29:33","modified_gmt":"2026-05-05T20:29:33","slug":"karscio-kamera-amy-heat-box","status":"publish","type":"product","link":"https:\/\/hookahshop.lt\/pl\/produkt\/kamera-cieplna-amy-heat-box\/","title":{"rendered":"Komora grzewcza AMY Heat Box"},"content":{"rendered":"<h2>Komora grzewcza AMY Heat Box<\/h2>\n<p>Przeznaczony jest do podgrzewania fili\u017canki fajki wodnej z w\u0119glem kokosowym.<\/p>\n<p id=\"tw-target-text\" class=\"tw-data-text tw-text-large tw-ta\" dir=\"ltr\" data-placeholder=\"Vertimas\"><span lang=\"lt\">G\u0142\u00f3wne zalety komory grzewczej:<\/span><\/p>\n<ul>\n<li><span lang=\"lt\">Wielokrotnego u\u017cytku;<\/span><\/li>\n<li><span lang=\"lt\">Nigdy wi\u0119cej folii;<\/span><\/li>\n<li><span lang=\"lt\">W\u0119giel pozostaje na swoim miejscu dzi\u0119ki wygodnemu kszta\u0142towi;<\/span><\/li>\n<li>Poprawia cyrkulacj\u0119 powietrza;<\/li>\n<li><span lang=\"lt\">Nagrzewa si\u0119 w kr\u00f3tkim czasie i utrzymuje ciep\u0142o na stabilnym poziomie.<\/span><\/li>\n<\/ul>\n<p>Marka: AMY<br \/>\nWysoko\u015b\u0107: 5,5 cm<br \/>\n\u015arednica: 7,2 cm<br \/>\nG\u0142\u0119boko\u015b\u0107: 2,3 cm<br \/>\nMateria\u0142: aluminium, guma<br \/>\nCechy: Dwa uchwyty<br \/>\nKraj pochodzenia: Niemcy<\/p>\n<p>Czy masz jakie\u015b pytania? Skontaktuj si\u0119 z nami <a href=\"https:\/\/hookahshop.lt\/pl\/lacznosc\/\">strona z kontaktami<\/a> lub napisz do nas na adres <a href=\"https:\/\/facebook.com\/HookahShop.lt\/\" target=\"_blank\" rel=\"noopener noreferrer\">konto na Facebooku<\/a> a my odpowiemy na Twoj\u0105 pro\u015bb\u0119 tego samego dnia.<\/p>","protected":false},"excerpt":{"rendered":"<p>Komora grzewcza AMY Heat Box Przeznaczona jest do podgrzewania szklanki do fajki wodnej z w\u0119glem kokosowym. G\u0142\u00f3wne zalety komory grzewczej: Wielokrotne zastosowanie; Nie ma ju\u017c potrzeby stosowania folii; Carbon pozostaje na swoim miejscu dzi\u0119ki wygodnemu kszta\u0142towi; Poprawia si\u0119 cyrkulacja powietrza; Nagrzewa si\u0119 w kr\u00f3tkim czasie i stabilnie utrzymuje ciep\u0142o. Marka: AMY Wysoko\u015b\u0107: 5,5 cm \u015arednica: 7,2 cm G\u0142\u0119boko\u015b\u0107: 2,3 cm Materia\u0142: aluminium, guma [...]<\/p>","protected":false},"featured_media":13035,"comment_status":"open","ping_status":"closed","template":"","meta":[],"_links":{"self":[{"href":"https:\/\/hookahshop.lt\/pl\/wp-json\/wp\/v2\/product\/13021"}],"collection":[{"href":"https:\/\/hookahshop.lt\/pl\/wp-json\/wp\/v2\/product"}],"about":[{"href":"https:\/\/hookahshop.lt\/pl\/wp-json\/wp\/v2\/types\/product"}],"replies":[{"embeddable":true,"href":"https:\/\/hookahshop.lt\/pl\/wp-json\/wp\/v2\/comments?post=13021"}],"version-history":[{"count":3,"href":"https:\/\/hookahshop.lt\/pl\/wp-json\/wp\/v2\/product\/13021\/revisions"}],"predecessor-version":[{"id":29315,"href":"https:\/\/hookahshop.lt\/pl\/wp-json\/wp\/v2\/product\/13021\/revisions\/29315"}],"wp:featuredmedia":[{"embeddable":true,"href":"https:\/\/hookahshop.lt\/pl\/wp-json\/wp\/v2\/media\/13035"}],"wp:attachment":[{"href":"https:\/\/hookahshop.lt\/pl\/wp-json\/wp\/v2\/media?parent=13021"}],"curies":[{"name":"wp","href":"https:\/\/api.w.org\/{rel}","templated":true}]}}