{"id":13043,"date":"2020-10-29T11:51:39","date_gmt":"2020-10-29T09:51:39","guid":{"rendered":"https:\/\/hookahshop.lt\/?post_type=product&#038;p=13043"},"modified":"2026-04-18T23:28:51","modified_gmt":"2026-04-18T20:28:51","slug":"kaljano-komplektas-smoke-me-five","status":"publish","type":"product","link":"https:\/\/hookahshop.lt\/pl\/produkt\/zestaw-do-fajki-wodnej-smoke-me-five\/","title":{"rendered":"Zestaw fajki wodnej SMOKE ME Five"},"content":{"rendered":"<h2>Zestaw fajki wodnej SMOKE ME Five<\/h2>\n<p>Ta fajka wodna wyr\u00f3\u017cnia si\u0119 unikaln\u0105 kolb\u0105, kt\u00f3ra pozwala na zainstalowanie wi\u0119kszego zbiornika dymu ni\u017c przy zastosowaniu konwencjonalnie ukszta\u0142towanych kolb.<\/p>\n<p>Wysoko\u015b\u0107 fajki wodnej: 45 cm<\/p>\n<p>Ekwipunek:<br \/>\nWa\u0142 -1 szt.<br \/>\nTalerz do fajki wodnej - 1 szt.<br \/>\nUstnik - 1 szt.<br \/>\nW\u0105\u017c silikonowy - 1 szt.<br \/>\nUszczelki - 2 szt.<br \/>\nKolba - 1 szt.<br \/>\nSzczypce - 1 szt.<br \/>\nKomora grzewcza - 1 szt.<br \/>\nKubek - 1 szt.<br \/>\nW\u0119giel 1kg - 1szt.<br \/>\nP\u0142yta - 1szt.<\/p>\n<p>Czy masz jakie\u015b pytania? Skontaktuj si\u0119 z nami <a href=\"https:\/\/hookahshop.lt\/pl\/lacznosc\/\">strona z kontaktami<\/a> lub napisz do nas na adres <a href=\"https:\/\/facebook.com\/HookahShop.lt\/\" target=\"_blank\" rel=\"noopener noreferrer\">konto na Facebooku<\/a> a my odpowiemy na Twoj\u0105 pro\u015bb\u0119 tego samego dnia.<\/p>","protected":false},"excerpt":{"rendered":"<p>Zestaw fajek wodnych SMOKE ME Five Ta fajka wodna wyr\u00f3\u017cnia si\u0119 wyj\u0105tkow\u0105 kolb\u0105, kt\u00f3ra pozwala na zainstalowanie wi\u0119kszego zbiornika dymu ni\u017c przy u\u017cyciu konwencjonalnych kolb kszta\u0142towych. Wysoko\u015b\u0107 fajki wodnej: 45cm Kompletny zestaw: Dr\u0105\u017cek - 1 szt. Talerz do fajki wodnej - 1 szt. Ustnik - 1 szt. W\u0105\u017c silikonowy - 1 szt. Uszczelki - 2 szt. Kolba - 1 szt. Szczypce - 1 szt. Ciep\u0142o [\u2026]<\/p>","protected":false},"featured_media":28010,"comment_status":"open","ping_status":"closed","template":"","meta":[],"_links":{"self":[{"href":"https:\/\/hookahshop.lt\/pl\/wp-json\/wp\/v2\/product\/13043"}],"collection":[{"href":"https:\/\/hookahshop.lt\/pl\/wp-json\/wp\/v2\/product"}],"about":[{"href":"https:\/\/hookahshop.lt\/pl\/wp-json\/wp\/v2\/types\/product"}],"replies":[{"embeddable":true,"href":"https:\/\/hookahshop.lt\/pl\/wp-json\/wp\/v2\/comments?post=13043"}],"version-history":[{"count":4,"href":"https:\/\/hookahshop.lt\/pl\/wp-json\/wp\/v2\/product\/13043\/revisions"}],"predecessor-version":[{"id":28009,"href":"https:\/\/hookahshop.lt\/pl\/wp-json\/wp\/v2\/product\/13043\/revisions\/28009"}],"wp:featuredmedia":[{"embeddable":true,"href":"https:\/\/hookahshop.lt\/pl\/wp-json\/wp\/v2\/media\/28010"}],"wp:attachment":[{"href":"https:\/\/hookahshop.lt\/pl\/wp-json\/wp\/v2\/media?parent=13043"}],"curies":[{"name":"wp","href":"https:\/\/api.w.org\/{rel}","templated":true}]}}