{"id":13055,"date":"2020-10-29T11:57:49","date_gmt":"2020-10-29T09:57:49","guid":{"rendered":"https:\/\/hookahshop.lt\/?post_type=product&#038;p=13055"},"modified":"2026-04-18T23:28:50","modified_gmt":"2026-04-18T20:28:50","slug":"kaljano-komplektas-al-mani-z-44","status":"publish","type":"product","link":"https:\/\/hookahshop.lt\/pl\/produkt\/zestaw-do-fajki-wodnej-al-mani-z-44\/","title":{"rendered":"Zestaw hak\u00f3w AL-MANI Z-44"},"content":{"rendered":"<h2>Zestaw hak\u00f3w AL-MANI Z-44<\/h2>\n<p>Specyfikacje:<\/p>\n<p>Wysoko\u015b\u0107 fajki wodnej z manierk\u0105: 40 cm<br \/>\nMateria\u0142: stal nierdzewna i mi\u0119kki w dotyku<br \/>\nCzarny kolor<br \/>\nDyfuzor: Niedost\u0119pny<br \/>\nKraj pochodzenia: Niemcy<\/p>\n<p>Ekwipunek:<br \/>\nWa\u0142 -1 szt.<br \/>\nTalerz do fajki wodnej - 1 szt.<br \/>\nUstnik - 1 szt.<br \/>\nW\u0105\u017c silikonowy - 1 szt.<br \/>\nUszczelki - 2 szt.<br \/>\nKolba - 1 szt.<br \/>\nSzczypce - 1 szt.<br \/>\nKomora grzewcza - 1 szt.<br \/>\nKubek - 1 szt.<br \/>\nW\u0119giel 1kg - 1szt.<br \/>\nP\u0142yta - 1szt.<\/p>\n<p>Czy masz jakie\u015b pytania? Skontaktuj si\u0119 z nami <a href=\"https:\/\/hookahshop.lt\/pl\/lacznosc\/\">strona z kontaktami<\/a> lub napisz do nas na adres <a href=\"https:\/\/facebook.com\/HookahShop.lt\/\" target=\"_blank\" rel=\"noopener noreferrer\">konto na Facebooku<\/a> a my odpowiemy na Twoj\u0105 pro\u015bb\u0119 tego samego dnia.<\/p>","protected":false},"excerpt":{"rendered":"<p>Zestaw fajek wodnych AL-MANI Z-44 Dane techniczne: Wysoko\u015b\u0107 fajki wodnej z kolb\u0105: 40cm Materia\u0142: stal nierdzewna i mi\u0119kki w dotyku Kolor: Czarny Dyfuzor: Brak Kraj pochodzenia: Niemcy Kompletny zestaw: Trzonek -1 szt. Talerz do fajki wodnej - 1 szt. Ustnik - 1 szt. W\u0105\u017c silikonowy - 1 szt. Uszczelki - 2 szt. Kolba - 1 szt. Szczypce - 1 szt. Komora cieplna [\u2026]<\/p>","protected":false},"featured_media":28012,"comment_status":"open","ping_status":"closed","template":"","meta":[],"_links":{"self":[{"href":"https:\/\/hookahshop.lt\/pl\/wp-json\/wp\/v2\/product\/13055"}],"collection":[{"href":"https:\/\/hookahshop.lt\/pl\/wp-json\/wp\/v2\/product"}],"about":[{"href":"https:\/\/hookahshop.lt\/pl\/wp-json\/wp\/v2\/types\/product"}],"replies":[{"embeddable":true,"href":"https:\/\/hookahshop.lt\/pl\/wp-json\/wp\/v2\/comments?post=13055"}],"version-history":[{"count":3,"href":"https:\/\/hookahshop.lt\/pl\/wp-json\/wp\/v2\/product\/13055\/revisions"}],"predecessor-version":[{"id":28011,"href":"https:\/\/hookahshop.lt\/pl\/wp-json\/wp\/v2\/product\/13055\/revisions\/28011"}],"wp:featuredmedia":[{"embeddable":true,"href":"https:\/\/hookahshop.lt\/pl\/wp-json\/wp\/v2\/media\/28012"}],"wp:attachment":[{"href":"https:\/\/hookahshop.lt\/pl\/wp-json\/wp\/v2\/media?parent=13055"}],"curies":[{"name":"wp","href":"https:\/\/api.w.org\/{rel}","templated":true}]}}