{"id":13065,"date":"2020-10-29T12:04:24","date_gmt":"2020-10-29T10:04:24","guid":{"rendered":"https:\/\/hookahshop.lt\/?post_type=product&#038;p=13065"},"modified":"2026-04-18T23:28:50","modified_gmt":"2026-04-18T20:28:50","slug":"kaljano-komplektas-amy-deluxe-amy069-02","status":"publish","type":"product","link":"https:\/\/hookahshop.lt\/pl\/produkt\/szisza-zestaw-amy-deluxe-amy069-02\/","title":{"rendered":"Zestaw fajki wodnej AMY DELUXE AMY069.02"},"content":{"rendered":"<h2>Zestaw fajki wodnej AMY DELUXE AMY069.02<\/h2>\n<p>Jest to fajka wodna o ekskluzywnym designie, wykonana ze stali nierdzewnej i aluminium.<\/p>\n<p>Specyfikacje:<\/p>\n<p>Wysoko\u015b\u0107 fajki wodnej z kolb\u0105: oko\u0142o 50cm<br \/>\nMateria\u0142: stal nierdzewna + aluminium<br \/>\nTyp po\u0142\u0105czenia: Kliknij<br \/>\nCzarny kolor<br \/>\nDyfuzor: Niedost\u0119pny<br \/>\nwyprodukowano w Chinach<\/p>\n<p>Ekwipunek:<br \/>\nWa\u0142 -1 szt.<br \/>\nTalerz do fajki wodnej - 1 szt.<br \/>\nUstnik - 1 szt.<br \/>\nW\u0105\u017c silikonowy - 1 szt.<br \/>\nUszczelki - 2 szt.<br \/>\nKolba - 1 szt.<br \/>\nSzczypce - 1 szt.<br \/>\nKomora grzewcza - 1 szt.<br \/>\nKubek - 1 szt.<br \/>\nW\u0119giel 1kg - 1szt.<br \/>\nP\u0142yta - 1szt.<\/p>\n<p>Czy masz jakie\u015b pytania? Skontaktuj si\u0119 z nami <a href=\"https:\/\/hookahshop.lt\/pl\/lacznosc\/\">strona z kontaktami<\/a> lub napisz do nas na adres <a href=\"https:\/\/facebook.com\/HookahShop.lt\/\" target=\"_blank\" rel=\"noopener noreferrer\">konto na Facebooku<\/a> a my odpowiemy na Twoj\u0105 pro\u015bb\u0119 tego samego dnia.<\/p>","protected":false},"excerpt":{"rendered":"<p>Zestaw fajek wodnych AMY DELUXE AMY069.02 To szisza o ekskluzywnym designie, wykonana ze stali nierdzewnej i aluminium. Dane techniczne: Wysoko\u015b\u0107 fajki wodnej z kolb\u0105: oko\u0142o 50cm Materia\u0142: stal nierdzewna + aluminium Rodzaj po\u0142\u0105czenia: Kliknij Kolor: Czarny Dyfuzor: Brak Kraj pochodzenia: Chiny Kompletny zestaw: Trzonek -1 szt. Talerz do fajki wodnej - 1 szt. Ustnik - 1 szt. W\u0105\u017c silikonowy - 1 szt. [\u2026]<\/p>","protected":false},"featured_media":28006,"comment_status":"open","ping_status":"closed","template":"","meta":[],"_links":{"self":[{"href":"https:\/\/hookahshop.lt\/pl\/wp-json\/wp\/v2\/product\/13065"}],"collection":[{"href":"https:\/\/hookahshop.lt\/pl\/wp-json\/wp\/v2\/product"}],"about":[{"href":"https:\/\/hookahshop.lt\/pl\/wp-json\/wp\/v2\/types\/product"}],"replies":[{"embeddable":true,"href":"https:\/\/hookahshop.lt\/pl\/wp-json\/wp\/v2\/comments?post=13065"}],"version-history":[{"count":3,"href":"https:\/\/hookahshop.lt\/pl\/wp-json\/wp\/v2\/product\/13065\/revisions"}],"predecessor-version":[{"id":32789,"href":"https:\/\/hookahshop.lt\/pl\/wp-json\/wp\/v2\/product\/13065\/revisions\/32789"}],"wp:featuredmedia":[{"embeddable":true,"href":"https:\/\/hookahshop.lt\/pl\/wp-json\/wp\/v2\/media\/28006"}],"wp:attachment":[{"href":"https:\/\/hookahshop.lt\/pl\/wp-json\/wp\/v2\/media?parent=13065"}],"curies":[{"name":"wp","href":"https:\/\/api.w.org\/{rel}","templated":true}]}}