{"id":13075,"date":"2020-10-29T12:11:01","date_gmt":"2020-10-29T10:11:01","guid":{"rendered":"https:\/\/hookahshop.lt\/?post_type=product&#038;p=13075"},"modified":"2026-04-18T23:28:50","modified_gmt":"2026-04-18T20:28:50","slug":"kaljano-komplektas-al-mani-woody-xs","status":"publish","type":"product","link":"https:\/\/hookahshop.lt\/pl\/produkt\/fajki-zestaw-al-mani-woody-xs\/","title":{"rendered":"Zestaw haczyk\u00f3w AL-MANI Woody XS"},"content":{"rendered":"<h2>Zestaw haczyk\u00f3w AL-MANI Woody XS<\/h2>\n<p>Jest to wysokiej jako\u015bci fajka wodna ze stali nierdzewnej z drewnianym trzonkiem i dekoracj\u0105 ustnika.<\/p>\n<p>Specyfikacje<\/p>\n<p>Wysoko\u015b\u0107 fajki wodnej z kolb\u0105: oko\u0142o 35 cm<br \/>\nMateria\u0142: Stal nierdzewna<br \/>\nCzarny kolor<br \/>\nDyfuzor: Niedost\u0119pny<br \/>\nKraj pochodzenia: Niemcy<\/p>\n<p>Ekwipunek:<br \/>\nWa\u0142 -1 szt.<br \/>\nTalerz do fajki wodnej - 1 szt.<br \/>\nUstnik - 1 szt.<br \/>\nW\u0105\u017c silikonowy - 1 szt.<br \/>\nUszczelki - 2 szt.<br \/>\nKolba - 1 szt.<br \/>\nSzczypce - 1 szt.<br \/>\nKomora grzewcza - 1 szt.<br \/>\nKubek - 1 szt.<br \/>\nW\u0119giel 1kg - 1szt.<br \/>\nP\u0142yta - 1szt.<\/p>\n<p>Czy masz jakie\u015b pytania? Skontaktuj si\u0119 z nami <a href=\"https:\/\/hookahshop.lt\/pl\/lacznosc\/\">strona z kontaktami<\/a> lub napisz do nas na adres <a href=\"https:\/\/facebook.com\/HookahShop.lt\/\" target=\"_blank\" rel=\"noopener noreferrer\">konto na Facebooku<\/a> a my odpowiemy na Twoj\u0105 pro\u015bb\u0119 tego samego dnia.<\/p>","protected":false},"excerpt":{"rendered":"<p>Zestaw fajek wodnych AL-MANI Woody XS Jest to wysokiej jako\u015bci szisza ze stali nierdzewnej z drewnianym trzonkiem i dekoracj\u0105 ustnika. Dane techniczne Wysoko\u015b\u0107 fajki wodnej z kolb\u0105: Oko\u0142o 35cm Materia\u0142: Stal nierdzewna Kolor: Czarny Dyfuzor: Brak Kraj pochodzenia: Niemcy Kompletny zestaw: Trzonek -1 szt. Talerz do fajki wodnej - 1 szt. Ustnik - 1 szt. W\u0105\u017c silikonowy - 1 szt. Uszczelki - 2 [\u2026]<\/p>","protected":false},"featured_media":28018,"comment_status":"open","ping_status":"closed","template":"","meta":[],"_links":{"self":[{"href":"https:\/\/hookahshop.lt\/pl\/wp-json\/wp\/v2\/product\/13075"}],"collection":[{"href":"https:\/\/hookahshop.lt\/pl\/wp-json\/wp\/v2\/product"}],"about":[{"href":"https:\/\/hookahshop.lt\/pl\/wp-json\/wp\/v2\/types\/product"}],"replies":[{"embeddable":true,"href":"https:\/\/hookahshop.lt\/pl\/wp-json\/wp\/v2\/comments?post=13075"}],"version-history":[{"count":3,"href":"https:\/\/hookahshop.lt\/pl\/wp-json\/wp\/v2\/product\/13075\/revisions"}],"predecessor-version":[{"id":33519,"href":"https:\/\/hookahshop.lt\/pl\/wp-json\/wp\/v2\/product\/13075\/revisions\/33519"}],"wp:featuredmedia":[{"embeddable":true,"href":"https:\/\/hookahshop.lt\/pl\/wp-json\/wp\/v2\/media\/28018"}],"wp:attachment":[{"href":"https:\/\/hookahshop.lt\/pl\/wp-json\/wp\/v2\/media?parent=13075"}],"curies":[{"name":"wp","href":"https:\/\/api.w.org\/{rel}","templated":true}]}}