{"id":13081,"date":"2020-10-29T12:16:43","date_gmt":"2020-10-29T10:16:43","guid":{"rendered":"https:\/\/hookahshop.lt\/?post_type=product&#038;p=13081"},"modified":"2026-04-18T23:28:50","modified_gmt":"2026-04-18T20:28:50","slug":"kaljano-komplektas-al-mani-blacky","status":"publish","type":"product","link":"https:\/\/hookahshop.lt\/pl\/produkt\/hookah-kit-al-mani-blacky\/","title":{"rendered":"Zestaw haczyk\u00f3w AL-MANI Blacky"},"content":{"rendered":"<h2>Zestaw haczyk\u00f3w AL-MANI Blacky<\/h2>\n<p>To po\u0142\u0105czenie luksusowego designu i wysokiej jako\u015bci materia\u0142\u00f3w. G\u00f3rna cz\u0119\u015b\u0107 fajki wodnej oraz uchwyt w\u0119\u017ca w\u0119dzarniczego pokryte s\u0105 drewnianym wyko\u0144czeniem. Szisza posiada trzonek ze stali nierdzewnej.<\/p>\n<p>Specyfikacje<\/p>\n<p>Wysoko\u015b\u0107 fajki wodnej z kolb\u0105: oko\u0142o 46cm<br \/>\nMateria\u0142: Stal nierdzewna<br \/>\nCzarny kolor<br \/>\nDyfuzor: Niedost\u0119pny<br \/>\nKraj pochodzenia: Niemcy<\/p>\n<p>Ekwipunek:<br \/>\nWa\u0142 -1 szt.<br \/>\nTalerz do fajki wodnej - 1 szt.<br \/>\nUstnik - 1 szt.<br \/>\nW\u0105\u017c silikonowy - 1 szt.<br \/>\nUszczelki - 2 szt.<br \/>\nKolba - 1 szt.<br \/>\nSzczypce - 1 szt.<br \/>\nKomora grzewcza - 1 szt.<br \/>\nKubek - 1 szt.<br \/>\nW\u0119giel 1kg - 1szt.<br \/>\nP\u0142yta - 1szt.<\/p>\n<p>Czy masz jakie\u015b pytania? Skontaktuj si\u0119 z nami <a href=\"https:\/\/hookahshop.lt\/pl\/lacznosc\/\">strona z kontaktami<\/a> lub napisz do nas na adres <a href=\"https:\/\/facebook.com\/HookahShop.lt\/\" target=\"_blank\" rel=\"noopener noreferrer\">konto na Facebooku<\/a> a my odpowiemy na Twoj\u0105 pro\u015bb\u0119 tego samego dnia.<\/p>","protected":false},"excerpt":{"rendered":"<p>Zestaw fajek wodnych AL-MANI Blacky To po\u0142\u0105czenie luksusowego designu i wysokiej jako\u015bci materia\u0142\u00f3w. G\u00f3rna cz\u0119\u015b\u0107 fajki wodnej oraz uchwyt w\u0119\u017ca w\u0119dzarniczego pokryte s\u0105 drewnianym wyko\u0144czeniem. Szisza posiada trzonek ze stali nierdzewnej. Dane techniczne Wysoko\u015b\u0107 fajki wodnej z kolb\u0105: ok. 46cm Materia\u0142: stal nierdzewna Kolor: czarny Dyfuzor: brak Kraj pochodzenia: Niemcy Kompletny zestaw: Trzonek - 1 szt. Talerz do fajki wodnej - 1 szt. Ustnik - [\u2026]<\/p>","protected":false},"featured_media":28020,"comment_status":"open","ping_status":"closed","template":"","meta":[],"_links":{"self":[{"href":"https:\/\/hookahshop.lt\/pl\/wp-json\/wp\/v2\/product\/13081"}],"collection":[{"href":"https:\/\/hookahshop.lt\/pl\/wp-json\/wp\/v2\/product"}],"about":[{"href":"https:\/\/hookahshop.lt\/pl\/wp-json\/wp\/v2\/types\/product"}],"replies":[{"embeddable":true,"href":"https:\/\/hookahshop.lt\/pl\/wp-json\/wp\/v2\/comments?post=13081"}],"version-history":[{"count":4,"href":"https:\/\/hookahshop.lt\/pl\/wp-json\/wp\/v2\/product\/13081\/revisions"}],"predecessor-version":[{"id":32790,"href":"https:\/\/hookahshop.lt\/pl\/wp-json\/wp\/v2\/product\/13081\/revisions\/32790"}],"wp:featuredmedia":[{"embeddable":true,"href":"https:\/\/hookahshop.lt\/pl\/wp-json\/wp\/v2\/media\/28020"}],"wp:attachment":[{"href":"https:\/\/hookahshop.lt\/pl\/wp-json\/wp\/v2\/media?parent=13081"}],"curies":[{"name":"wp","href":"https:\/\/api.w.org\/{rel}","templated":true}]}}