{"id":13087,"date":"2020-10-29T12:25:01","date_gmt":"2020-10-29T10:25:01","guid":{"rendered":"https:\/\/hookahshop.lt\/?post_type=product&#038;p=13087"},"modified":"2026-04-15T12:29:01","modified_gmt":"2026-04-15T09:29:01","slug":"kaljano-komplektas-kaya-elox-630-boro-pyramid","status":"publish","type":"product","link":"https:\/\/hookahshop.lt\/pl\/produkt\/zestaw-do-fajki-wodnej-kaya-elox-630-boro-piramida\/","title":{"rendered":"Zestaw fajki wodnej KAYA Elox 630 Boro Pyramid"},"content":{"rendered":"<h2>Zestaw fajki wodnej KAYA Elox 630 Boro Pyramid<\/h2>\n<p>Jest to wysokiej jako\u015bci ni\u0107 do fajki wodnej Kaya z nowym trzonkiem w kszta\u0142cie piramidy. Trzonek posiada specjalne mocowanie \u201eClick\u201d, kt\u00f3re umo\u017cliwia szybkie i niezawodne zamocowanie trzonu do kolby. Przy\u0142\u0105cze i przy\u0142\u0105cze w\u0119\u017ca wykonane s\u0105 w nowym systemie CUT, kt\u00f3ry umo\u017cliwia pod\u0142\u0105czenie w\u0119\u017cy do haka bez u\u017cycia gumowych uszczelek.<\/p>\n<p>Specyfikacje:<br \/>\nWysoko\u015b\u0107 fajki wodnej z manierk\u0105: oko\u0142o 60cm<br \/>\nMateria\u0142: stal chromowana<br \/>\nTyp po\u0142\u0105czenia: Kliknij<br \/>\nCzarny kolor<br \/>\nDyfuzor: Tak<br \/>\nKraj pochodzenia: Niemcy<\/p>\n<p>Ekwipunek:<br \/>\nWa\u0142 -1 szt.<br \/>\nTalerz do fajki wodnej - 1 szt.<br \/>\nUstnik - 1 szt.<br \/>\nW\u0105\u017c silikonowy - 1 szt.<br \/>\nUszczelki - 2 szt.<br \/>\nKolba - 1 szt.<br \/>\nSzczypce - 1 szt.<br \/>\nKomora grzewcza - 1 szt.<br \/>\nKubek - 1 szt.<br \/>\nW\u0119giel 1kg - 1szt.<br \/>\nP\u0142yta - 1szt.<\/p>\n<p>Czy masz jakie\u015b pytania? Skontaktuj si\u0119 z nami <a href=\"https:\/\/hookahshop.lt\/pl\/lacznosc\/\">strona z kontaktami<\/a> lub napisz do nas na adres <a href=\"https:\/\/facebook.com\/HookahShop.lt\/\" target=\"_blank\" rel=\"noopener noreferrer\">konto na Facebooku<\/a> a my odpowiemy na Twoj\u0105 pro\u015bb\u0119 tego samego dnia.<\/p>","protected":false},"excerpt":{"rendered":"<p>Zestaw fajek wodnych KAYA Elox 630 Boro Pyramid To wysokiej jako\u015bci \u017cy\u0142ka do fajek wodnych firmy Kaya z nowym trzonkiem w kszta\u0142cie piramidy. Trzonek posiada specjalne mocowanie typu \u201eClick\u201d, kt\u00f3re pozwala szybko i pewnie przymocowa\u0107 trzonek do kolby. Z\u0142\u0105cze oraz przy\u0142\u0105cze w\u0119\u017ca wykonane s\u0105 w nowym systemie \u201eCUT\u201d, kt\u00f3ry pozwala na pod\u0142\u0105czenie w\u0119\u017cy do fajki wodnej bez konieczno\u015bci stosowania gumowych uszczelek. Dane techniczne: Wysoko\u015b\u0107 fajki wodnej z kolb\u0105: [\u2026]<\/p>","protected":false},"featured_media":28055,"comment_status":"open","ping_status":"closed","template":"","meta":[],"_links":{"self":[{"href":"https:\/\/hookahshop.lt\/pl\/wp-json\/wp\/v2\/product\/13087"}],"collection":[{"href":"https:\/\/hookahshop.lt\/pl\/wp-json\/wp\/v2\/product"}],"about":[{"href":"https:\/\/hookahshop.lt\/pl\/wp-json\/wp\/v2\/types\/product"}],"replies":[{"embeddable":true,"href":"https:\/\/hookahshop.lt\/pl\/wp-json\/wp\/v2\/comments?post=13087"}],"version-history":[{"count":4,"href":"https:\/\/hookahshop.lt\/pl\/wp-json\/wp\/v2\/product\/13087\/revisions"}],"predecessor-version":[{"id":28054,"href":"https:\/\/hookahshop.lt\/pl\/wp-json\/wp\/v2\/product\/13087\/revisions\/28054"}],"wp:featuredmedia":[{"embeddable":true,"href":"https:\/\/hookahshop.lt\/pl\/wp-json\/wp\/v2\/media\/28055"}],"wp:attachment":[{"href":"https:\/\/hookahshop.lt\/pl\/wp-json\/wp\/v2\/media?parent=13087"}],"curies":[{"name":"wp","href":"https:\/\/api.w.org\/{rel}","templated":true}]}}