{"id":13100,"date":"2020-10-29T12:38:34","date_gmt":"2020-10-29T10:38:34","guid":{"rendered":"https:\/\/hookahshop.lt\/?post_type=product&#038;p=13100"},"modified":"2026-04-21T23:29:31","modified_gmt":"2026-04-21T20:29:31","slug":"kaljano-komplektas-al-mani-moscow-gold","status":"publish","type":"product","link":"https:\/\/hookahshop.lt\/pl\/produkt\/szisza-zestaw-al-mani-moscow-gold\/","title":{"rendered":"Zestaw haczyk\u00f3w AL-MANI Moscow Gold"},"content":{"rendered":"<h2>Zestaw haczyk\u00f3w AL-MANI Moscow Gold<\/h2>\n<p>Specyfikacje<\/p>\n<p>Wysoko\u015b\u0107 fajki wodnej z manierk\u0105: ok. 55cm<br \/>\nMateria\u0142: Stal nierdzewna<br \/>\nPo\u0142\u0105czenie: po\u015brednie<br \/>\nKolor: czarne z\u0142oto<br \/>\nDyfuzor: Tak<br \/>\nKraj pochodzenia: Niemcy<\/p>\n<p>Ekwipunek:<br \/>\nWa\u0142 -1 szt.<br \/>\nTalerz do fajki wodnej - 1 szt.<br \/>\nUstnik - 1 szt.<br \/>\nW\u0105\u017c silikonowy - 1 szt.<br \/>\nUszczelki - 2 szt.<br \/>\nKolba - 1 szt.<br \/>\nSzczypce - 1 szt.<br \/>\nKomora grzewcza - 1 szt.<br \/>\nKubek - 1 szt.<br \/>\nW\u0119giel 1kg - 1szt.<br \/>\nP\u0142yta - 1szt.<\/p>\n<p>Czy masz jakie\u015b pytania? Skontaktuj si\u0119 z nami <a href=\"https:\/\/hookahshop.lt\/pl\/lacznosc\/\">strona z kontaktami<\/a> lub napisz do nas na adres <a href=\"https:\/\/facebook.com\/HookahShop.lt\/\" target=\"_blank\" rel=\"noopener noreferrer\">konto na Facebooku<\/a> a my odpowiemy na Twoj\u0105 pro\u015bb\u0119 tego samego dnia.<\/p>","protected":false},"excerpt":{"rendered":"<p>Zestaw fajek wodnych AL-MANI Moskwa Gold Dane techniczne Wysoko\u015b\u0107 fajki wodnej z kolb\u0105: ok. 55cm Materia\u0142: stal nierdzewna Pod\u0142\u0105czenie: Uszczelka Kolor: Czarne z\u0142oto Dyfuzor: Tak Kraj pochodzenia: Niemcy Kompletny zestaw: Trzonek -1 szt. Talerz do fajki wodnej - 1 szt. Ustnik - 1 szt. W\u0105\u017c silikonowy - 1 szt. Uszczelki - 2 szt. Kolba - 1 szt. Szczypce - 1 szt. [\u2026]<\/p>","protected":false},"featured_media":28024,"comment_status":"open","ping_status":"closed","template":"","meta":[],"_links":{"self":[{"href":"https:\/\/hookahshop.lt\/pl\/wp-json\/wp\/v2\/product\/13100"}],"collection":[{"href":"https:\/\/hookahshop.lt\/pl\/wp-json\/wp\/v2\/product"}],"about":[{"href":"https:\/\/hookahshop.lt\/pl\/wp-json\/wp\/v2\/types\/product"}],"replies":[{"embeddable":true,"href":"https:\/\/hookahshop.lt\/pl\/wp-json\/wp\/v2\/comments?post=13100"}],"version-history":[{"count":4,"href":"https:\/\/hookahshop.lt\/pl\/wp-json\/wp\/v2\/product\/13100\/revisions"}],"predecessor-version":[{"id":30607,"href":"https:\/\/hookahshop.lt\/pl\/wp-json\/wp\/v2\/product\/13100\/revisions\/30607"}],"wp:featuredmedia":[{"embeddable":true,"href":"https:\/\/hookahshop.lt\/pl\/wp-json\/wp\/v2\/media\/28024"}],"wp:attachment":[{"href":"https:\/\/hookahshop.lt\/pl\/wp-json\/wp\/v2\/media?parent=13100"}],"curies":[{"name":"wp","href":"https:\/\/api.w.org\/{rel}","templated":true}]}}