{"id":13110,"date":"2020-10-29T12:46:34","date_gmt":"2020-10-29T10:46:34","guid":{"rendered":"https:\/\/hookahshop.lt\/?post_type=product&#038;p=13110"},"modified":"2026-04-24T23:29:06","modified_gmt":"2026-04-24T20:29:06","slug":"kaljano-komplektas-shadows-huracan","status":"publish","type":"product","link":"https:\/\/hookahshop.lt\/pl\/produkt\/zestaw-do-fajki-wodnej-cienie-huracan\/","title":{"rendered":"Zestaw fajki wodnej SHADOWS Huracan"},"content":{"rendered":"<h2>Zestaw fajki wodnej SHADOWS Huracan<\/h2>\n<p>To fajka wodna o minimalistycznym designie Shadows Huracan o dobrym stosunku jako\u015bci do ceny!<\/p>\n<p><strong>Ekwipunek:<\/strong><br \/>\nWa\u0142 -1 szt.<br \/>\nTalerz do fajki wodnej z grawerem marki - 1 szt.<br \/>\nUstnik - 1 szt.<br \/>\nW\u0105\u017c silikonowy - 1 szt.<br \/>\nUszczelki - 2 szt.<br \/>\nPiersi\u00f3wka (R\u00f3\u017cni si\u0119 od tej na zdj\u0119ciu) - 1 szt.<br \/>\nSzczypce - 1 szt.<br \/>\nKomora grzewcza - 1 szt.<br \/>\nFili\u017canka (Mo\u017ce r\u00f3\u017cni\u0107 si\u0119 od pokazanej na zdj\u0119ciu) - 1 szt.<br \/>\nW\u0119giel 1kg - 1szt.<br \/>\nP\u0142yta - 1szt.<\/p>\n<p>Czy masz jakie\u015b pytania? Skontaktuj si\u0119 z nami <a href=\"https:\/\/hookahshop.lt\/pl\/lacznosc\/\">strona z kontaktami<\/a> lub napisz do nas na adres <a href=\"https:\/\/facebook.com\/HookahShop.lt\/\" target=\"_blank\" rel=\"noopener noreferrer\">konto na Facebooku<\/a> a my odpowiemy na Twoj\u0105 pro\u015bb\u0119 tego samego dnia.<\/p>","protected":false},"excerpt":{"rendered":"<p>Zestaw fajek wodnych SHADOWS Huracan To minimalistyczna fajka wodna Shadows Huracan o dobrym stosunku ceny do jako\u015bci! Kompletny zestaw: Wa\u0142 - 1 szt. Talerz do fajki wodnej z grawerem marki - 1 szt. Ustnik - 1 szt. W\u0105\u017c silikonowy - 1 szt. Uszczelki - 2 szt. Kolba (r\u00f3\u017cni si\u0119 od tej na zdj\u0119ciu) - 1 szt. Szczypce - 1 szt. Komora cieplna \u2013 [\u2026]<\/p>","protected":false},"featured_media":28017,"comment_status":"open","ping_status":"closed","template":"","meta":[],"_links":{"self":[{"href":"https:\/\/hookahshop.lt\/pl\/wp-json\/wp\/v2\/product\/13110"}],"collection":[{"href":"https:\/\/hookahshop.lt\/pl\/wp-json\/wp\/v2\/product"}],"about":[{"href":"https:\/\/hookahshop.lt\/pl\/wp-json\/wp\/v2\/types\/product"}],"replies":[{"embeddable":true,"href":"https:\/\/hookahshop.lt\/pl\/wp-json\/wp\/v2\/comments?post=13110"}],"version-history":[{"count":5,"href":"https:\/\/hookahshop.lt\/pl\/wp-json\/wp\/v2\/product\/13110\/revisions"}],"predecessor-version":[{"id":30681,"href":"https:\/\/hookahshop.lt\/pl\/wp-json\/wp\/v2\/product\/13110\/revisions\/30681"}],"wp:featuredmedia":[{"embeddable":true,"href":"https:\/\/hookahshop.lt\/pl\/wp-json\/wp\/v2\/media\/28017"}],"wp:attachment":[{"href":"https:\/\/hookahshop.lt\/pl\/wp-json\/wp\/v2\/media?parent=13110"}],"curies":[{"name":"wp","href":"https:\/\/api.w.org\/{rel}","templated":true}]}}