{"id":13120,"date":"2020-10-29T12:56:55","date_gmt":"2020-10-29T10:56:55","guid":{"rendered":"https:\/\/hookahshop.lt\/?post_type=product&#038;p=13120"},"modified":"2026-04-22T23:29:09","modified_gmt":"2026-04-22T20:29:09","slug":"kaljano-komplektas-shadows-agera-black","status":"publish","type":"product","link":"https:\/\/hookahshop.lt\/pl\/produkt\/zestaw-fajek-wodnych-cienie-agera-czarny\/","title":{"rendered":"Zestaw fajki wodnej SHADOWS Agera Black"},"content":{"rendered":"<h2>Zestaw fajki wodnej SHADOWS Agera Black<\/h2>\n<p>Nowy produkt od producenta. Agera to wysokiej jako\u015bci fajka wodna wykonana wy\u0142\u0105cznie ze stali nierdzewnej. Oryginalno\u015bci dodaj\u0105 ozdoby u podstawy, z ozdobn\u0105 p\u0142ytk\u0105 i stylowym metalowym k\u00f3\u0142kiem po\u015brodku.<\/p>\n<p>P\u0142yta falista zapobiega wydostawaniu si\u0119 w\u0119gla podczas w\u0119dzenia, utrzymuj\u0105c odpowiedni\u0105 temperatur\u0119 przez ca\u0142y proces.<br \/>\nZ\u0142\u0105cze w\u0119\u017ca do fajki wodnej i zaw\u00f3r odpowietrzaj\u0105cy z magnesami. Magnesy w tej fajce wodnej s\u0105 wysokiej jako\u015bci, wi\u0119c nie musisz si\u0119 martwi\u0107 o ich funkcjonalno\u015b\u0107.<br \/>\nOg\u00f3lnie rzecz bior\u0105c, jest to \u015bwietna fajka wodna z dyfuzorem, kt\u00f3ry zapewnia lekkie uderzenie<br \/>\nWysoko\u015b\u0107 fajki wodnej: 51 cm.<br \/>\nProducent: Rosja<\/p>\n<p><strong>Ekwipunek:<\/strong><br \/>\nWa\u0142 -1 szt.<br \/>\nTalerz do fajki wodnej z grawerem marki - 1 szt.<br \/>\nUstnik - 1 szt.<br \/>\nW\u0105\u017c silikonowy - 1 szt.<br \/>\nUszczelki - 2 szt.<br \/>\nPiersi\u00f3wka (R\u00f3\u017cni si\u0119 od tej na zdj\u0119ciu) - 1 szt.<br \/>\nSzczypce - 1 szt.<br \/>\nKomora grzewcza - 1 szt.<br \/>\nFili\u017canka (Mo\u017ce r\u00f3\u017cni\u0107 si\u0119 od pokazanej na zdj\u0119ciu) - 1 szt.<br \/>\nW\u0119giel 1kg - 1szt.<br \/>\nP\u0142yta - 1szt.<\/p>\n<p>Czy masz jakie\u015b pytania? Skontaktuj si\u0119 z nami <a href=\"https:\/\/hookahshop.lt\/pl\/lacznosc\/\">strona z kontaktami<\/a> lub napisz do nas na adres <a href=\"https:\/\/facebook.com\/HookahShop.lt\/\" target=\"_blank\" rel=\"noopener noreferrer\">konto na Facebooku<\/a> a my odpowiemy na Twoj\u0105 pro\u015bb\u0119 tego samego dnia.<\/p>","protected":false},"excerpt":{"rendered":"<p>Zestaw do fajek wodnych SHADOWS Agera Black Nowo\u015b\u0107 producenta. Agera to wysokiej jako\u015bci fajka wodna wykonana wy\u0142\u0105cznie ze stali nierdzewnej. Oryginalno\u015bci dodaj\u0105 ozdoby u podstawy, z ozdobn\u0105 p\u0142ytk\u0105 i stylowym metalowym k\u00f3\u0142kiem po\u015brodku. P\u0142yta falista zapobiega wydostawaniu si\u0119 w\u0119gla drzewnego podczas w\u0119dzenia, utrzymuj\u0105c odpowiedni\u0105 temperatur\u0119 przez ca\u0142y proces. Z\u0142\u0105cze w\u0119\u017ca do fajki wodnej i zaw\u00f3r odpowietrzaj\u0105cy z magnesami. [\u2026]<\/p>","protected":false},"featured_media":28051,"comment_status":"open","ping_status":"closed","template":"","meta":[],"_links":{"self":[{"href":"https:\/\/hookahshop.lt\/pl\/wp-json\/wp\/v2\/product\/13120"}],"collection":[{"href":"https:\/\/hookahshop.lt\/pl\/wp-json\/wp\/v2\/product"}],"about":[{"href":"https:\/\/hookahshop.lt\/pl\/wp-json\/wp\/v2\/types\/product"}],"replies":[{"embeddable":true,"href":"https:\/\/hookahshop.lt\/pl\/wp-json\/wp\/v2\/comments?post=13120"}],"version-history":[{"count":5,"href":"https:\/\/hookahshop.lt\/pl\/wp-json\/wp\/v2\/product\/13120\/revisions"}],"predecessor-version":[{"id":32392,"href":"https:\/\/hookahshop.lt\/pl\/wp-json\/wp\/v2\/product\/13120\/revisions\/32392"}],"wp:featuredmedia":[{"embeddable":true,"href":"https:\/\/hookahshop.lt\/pl\/wp-json\/wp\/v2\/media\/28051"}],"wp:attachment":[{"href":"https:\/\/hookahshop.lt\/pl\/wp-json\/wp\/v2\/media?parent=13120"}],"curies":[{"name":"wp","href":"https:\/\/api.w.org\/{rel}","templated":true}]}}