{"id":13143,"date":"2020-10-29T14:23:56","date_gmt":"2020-10-29T12:23:56","guid":{"rendered":"https:\/\/hookahshop.lt\/?post_type=product&#038;p=13143"},"modified":"2026-04-17T16:33:27","modified_gmt":"2026-04-17T13:33:27","slug":"zarna-silikonine-al-mani-black","status":"publish","type":"product","link":"https:\/\/hookahshop.lt\/pl\/produkt\/waz-silikonowy-al-mani-czarny\/","title":{"rendered":"W\u0105\u017c silikonowy AL-MANI Czarny"},"content":{"rendered":"<h2>W\u0105\u017c silikonowy AL-MANI Czarny<\/h2>\n<p>Wykonany z silikonu medycznego z pow\u0142ok\u0105 antystatyczn\u0105 \u201eSoft-Touch\u201d i nie posiada obcych zapach\u00f3w. Dzi\u0119ki tym w\u0142a\u015bciwo\u015bciom w\u0105\u017c pozostaje elastyczny.<br \/>\nSpecyfikacje:<br \/>\nD\u0142ugo\u015b\u0107: 1,50 m\u00b2<br \/>\n\u015arednica zewn\u0119trzna: 18mm<br \/>\n\u015arednica wewn\u0119trzna w\u0119\u017ca: 11 mm<br \/>\nPow\u0142oka: mi\u0119kki mi\u0119kki w dotyku<br \/>\nWaga: oko\u0142o 200g.<\/p>\n<p>Czy masz jakie\u015b pytania? Skontaktuj si\u0119 z nami <a href=\"https:\/\/hookahshop.lt\/pl\/lacznosc\/\">strona z kontaktami<\/a> lub napisz do nas na adres <a href=\"https:\/\/facebook.com\/HookahShop.lt\/\" target=\"_blank\" rel=\"noopener noreferrer\">konto na Facebooku<\/a> a my odpowiemy na Twoj\u0105 pro\u015bb\u0119 tego samego dnia.<\/p>","protected":false},"excerpt":{"rendered":"<p>W\u0105\u017c silikonowy AL-MANI Czarny Wykonany z silikonu medycznego z pow\u0142ok\u0105 antystatyczn\u0105 \u201eSoft-Touch\u201d i nie posiada obcych zapach\u00f3w. Dzi\u0119ki tym w\u0142a\u015bciwo\u015bciom w\u0105\u017c pozostaje elastyczny. Dane techniczne: D\u0142ugo\u015b\u0107: 1,50 m \u015arednica zewn\u0119trzna: 18 mm \u015arednica wewn\u0119trzna w\u0119\u017ca: 11 mm Pow\u0142oka: mi\u0119kka, mi\u0119kka w dotyku Waga: oko\u0142o 200 g. Czy masz jakie\u015b pytania? Skontaktuj si\u0119 z nami na stronie kontaktowej lub napisz do nas na Facebooku [\u2026]<\/p>","protected":false},"featured_media":13144,"comment_status":"open","ping_status":"closed","template":"","meta":[],"_links":{"self":[{"href":"https:\/\/hookahshop.lt\/pl\/wp-json\/wp\/v2\/product\/13143"}],"collection":[{"href":"https:\/\/hookahshop.lt\/pl\/wp-json\/wp\/v2\/product"}],"about":[{"href":"https:\/\/hookahshop.lt\/pl\/wp-json\/wp\/v2\/types\/product"}],"replies":[{"embeddable":true,"href":"https:\/\/hookahshop.lt\/pl\/wp-json\/wp\/v2\/comments?post=13143"}],"version-history":[{"count":4,"href":"https:\/\/hookahshop.lt\/pl\/wp-json\/wp\/v2\/product\/13143\/revisions"}],"predecessor-version":[{"id":29442,"href":"https:\/\/hookahshop.lt\/pl\/wp-json\/wp\/v2\/product\/13143\/revisions\/29442"}],"wp:featuredmedia":[{"embeddable":true,"href":"https:\/\/hookahshop.lt\/pl\/wp-json\/wp\/v2\/media\/13144"}],"wp:attachment":[{"href":"https:\/\/hookahshop.lt\/pl\/wp-json\/wp\/v2\/media?parent=13143"}],"curies":[{"name":"wp","href":"https:\/\/api.w.org\/{rel}","templated":true}]}}