{"id":13465,"date":"2020-11-02T14:16:38","date_gmt":"2020-11-02T12:16:38","guid":{"rendered":"https:\/\/hookahshop.lt\/?post_type=product&#038;p=13465"},"modified":"2026-04-14T23:29:08","modified_gmt":"2026-04-14T20:29:08","slug":"kolba-kaljanui-njn-hookah-rt-silver","status":"publish","type":"product","link":"https:\/\/hookahshop.lt\/pl\/produkt\/flask-for-hookah-njn-hookah-rt-silver\/","title":{"rendered":"Kolba dla \u0142ysego NJN HOOKAH RT Srebrna"},"content":{"rendered":"<h2>Kolba \u0142ysy NJN Fajka wodna RT Silver<\/h2>\n<p>NJN Hookah to rosyjska marka istniej\u0105ca od 2013 roku. zacz\u0105\u0142 robi\u0107 butelki z fajk\u0105 wodn\u0105.<br \/>\nButelka do fajki wodnej &quot;NJN Hookah RT&quot; (kolor srebrny) jest wykonana wy\u0142\u0105cznie r\u0119cznie przez najlepszych rosyjskich mistrz\u00f3w szk\u0142a. Jest to jedna z najlepszych kolb ze wzgl\u0119du na swoj\u0105 wytrzyma\u0142o\u015b\u0107, kszta\u0142t i prost\u0105 szyjk\u0119. Kolba RT z ka\u017cdym dniem zyskuje coraz wi\u0119ksz\u0105 popularno\u015b\u0107.<br \/>\nKolba RT jest w ca\u0142o\u015bci posrebrzana i jest idealna do r\u00f3\u017cnych fajek wodnych.<\/p>\n<p><strong><span title=\"\">Specyfikacje:<\/span><\/strong><br \/>\nWysoko\u015b\u0107: 267 mm<br \/>\nWaga: ~ 1890 g<br \/>\nZewn\u0119trzna \u015brednica szyjki: 65 mm<br \/>\n\u015arednica wewn\u0119trzna szyjki: 45 mm<br \/>\nMateria\u0142 produktu: szk\u0142o<\/p>\n<p>Czy masz jakie\u015b pytania? Skontaktuj si\u0119 z nami <a href=\"https:\/\/hookahshop.lt\/pl\/lacznosc\/\">strona z kontaktami<\/a> lub napisz do nas na adres <a href=\"https:\/\/facebook.com\/HookahShop.lt\/\" target=\"_blank\" rel=\"noopener noreferrer\">konto na Facebooku<\/a> a my odpowiemy na Twoj\u0105 pro\u015bb\u0119 tego samego dnia.<\/p>","protected":false},"excerpt":{"rendered":"<p>Piersi\u00f3wka do fajki wodnej NJN Hookah RT Silver \u201eNJN Hookah\u201d to rosyjska marka istniej\u0105ca od 2013 roku. zacz\u0105\u0142 robi\u0107 butelki z fajk\u0105 wodn\u0105. Kolba do fajki wodnej \u201eNJN Hookah RT\u201d (kolor srebrny) wykonywana jest wy\u0142\u0105cznie r\u0119cznie, przez najlepszych rosyjskich mistrz\u00f3w szk\u0142a. Jest to jedna z najlepszych kolb ze wzgl\u0119du na swoj\u0105 wytrzyma\u0142o\u015b\u0107, kszta\u0142t i prost\u0105 szyjk\u0119. Kolba RT z dnia na dzie\u0144 zyskuje coraz wi\u0119ksz\u0105 popularno\u015b\u0107. Kolba RT [\u2026]<\/p>","protected":false},"featured_media":13473,"comment_status":"open","ping_status":"closed","template":"","meta":[],"_links":{"self":[{"href":"https:\/\/hookahshop.lt\/pl\/wp-json\/wp\/v2\/product\/13465"}],"collection":[{"href":"https:\/\/hookahshop.lt\/pl\/wp-json\/wp\/v2\/product"}],"about":[{"href":"https:\/\/hookahshop.lt\/pl\/wp-json\/wp\/v2\/types\/product"}],"replies":[{"embeddable":true,"href":"https:\/\/hookahshop.lt\/pl\/wp-json\/wp\/v2\/comments?post=13465"}],"version-history":[{"count":4,"href":"https:\/\/hookahshop.lt\/pl\/wp-json\/wp\/v2\/product\/13465\/revisions"}],"predecessor-version":[{"id":45150,"href":"https:\/\/hookahshop.lt\/pl\/wp-json\/wp\/v2\/product\/13465\/revisions\/45150"}],"wp:featuredmedia":[{"embeddable":true,"href":"https:\/\/hookahshop.lt\/pl\/wp-json\/wp\/v2\/media\/13473"}],"wp:attachment":[{"href":"https:\/\/hookahshop.lt\/pl\/wp-json\/wp\/v2\/media?parent=13465"}],"curies":[{"name":"wp","href":"https:\/\/api.w.org\/{rel}","templated":true}]}}