{"id":13475,"date":"2020-11-02T14:38:12","date_gmt":"2020-11-02T12:38:12","guid":{"rendered":"https:\/\/hookahshop.lt\/?post_type=product&#038;p=13475"},"modified":"2026-04-18T23:28:56","modified_gmt":"2026-04-18T20:28:56","slug":"kolba-kaljanui-craft-white","status":"publish","type":"product","link":"https:\/\/hookahshop.lt\/pl\/produkt\/kolba-do-sziszy-rzemieslniczej-biala\/","title":{"rendered":"Kolba do fajki wodnej CRAFT Bia\u0142a"},"content":{"rendered":"<h2>Kolba do fajki wodnej CRAFT Bia\u0142a<\/h2>\n<p>Jest to przezroczysta szklana kolba z bia\u0142ymi detalami.<\/p>\n<p><strong><span title=\"\">Specyfikacje:<\/span><\/strong><br \/>\nWysoko\u015b\u0107: 265mm<br \/>\nWaga: ~ 1620 g<br \/>\n\u015arednica zewn\u0119trzna szyi: 74 mm<br \/>\nWewn\u0119trzna \u015brednica szyi: 47 mm<br \/>\nMateria\u0142 produktu: szk\u0142o<\/p>\n<p>Czy masz jakie\u015b pytania? Skontaktuj si\u0119 z nami <a href=\"https:\/\/hookahshop.lt\/pl\/lacznosc\/\">strona z kontaktami<\/a> lub napisz do nas na adres <a href=\"https:\/\/facebook.com\/HookahShop.lt\/\" target=\"_blank\" rel=\"noopener noreferrer\">konto na Facebooku<\/a> a my odpowiemy na Twoj\u0105 pro\u015bb\u0119 tego samego dnia.<\/p>","protected":false},"excerpt":{"rendered":"<p>Kolba kaljanui CRAFT White Tai skaidri stiklin\u0117 kolba su baltos spalvos detal\u0117mis. Specifikacijos: Auk\u0161tis: 265 mm Svoris: ~ 1620 g I\u0161orinis kaklelio skersmuo: 74 mm Vidinis kaklelio skersmuo: 47 mm Produkto med\u017eiaga: stiklas Turite klausim\u0173? Susisiekite su mumis kontakt\u0173 puslapyje arba para\u0161ykite mums \u012f Facebook paskyr\u0105 ir atsakysime \u012f j\u016bs\u0173 u\u017eklaus\u0105 dar t\u0105 pa\u010di\u0105 dien\u0105.<\/p>","protected":false},"featured_media":13476,"comment_status":"open","ping_status":"closed","template":"","meta":[],"_links":{"self":[{"href":"https:\/\/hookahshop.lt\/pl\/wp-json\/wp\/v2\/product\/13475"}],"collection":[{"href":"https:\/\/hookahshop.lt\/pl\/wp-json\/wp\/v2\/product"}],"about":[{"href":"https:\/\/hookahshop.lt\/pl\/wp-json\/wp\/v2\/types\/product"}],"replies":[{"embeddable":true,"href":"https:\/\/hookahshop.lt\/pl\/wp-json\/wp\/v2\/comments?post=13475"}],"version-history":[{"count":5,"href":"https:\/\/hookahshop.lt\/pl\/wp-json\/wp\/v2\/product\/13475\/revisions"}],"predecessor-version":[{"id":45111,"href":"https:\/\/hookahshop.lt\/pl\/wp-json\/wp\/v2\/product\/13475\/revisions\/45111"}],"wp:featuredmedia":[{"embeddable":true,"href":"https:\/\/hookahshop.lt\/pl\/wp-json\/wp\/v2\/media\/13476"}],"wp:attachment":[{"href":"https:\/\/hookahshop.lt\/pl\/wp-json\/wp\/v2\/media?parent=13475"}],"curies":[{"name":"wp","href":"https:\/\/api.w.org\/{rel}","templated":true}]}}