{"id":13483,"date":"2020-11-02T15:04:06","date_gmt":"2020-11-02T13:04:06","guid":{"rendered":"https:\/\/hookahshop.lt\/?post_type=product&#038;p=13483"},"modified":"2026-04-15T12:29:22","modified_gmt":"2026-04-15T09:29:22","slug":"valymo-iranga-kaljanui","status":"publish","type":"product","link":"https:\/\/hookahshop.lt\/pl\/produkt\/czyszczenie-sprzetu-fajki-wodne\/","title":{"rendered":"Sprz\u0119t do czyszczenia fajki wodnej"},"content":{"rendered":"<h2>Sprz\u0119t do czyszczenia fajki wodnej:<\/h2>\n<p>Umyj w\u0119\u017ce, wa\u0142ki, miski. Dezynfekuje i usuwa niepotrzebne zapachy, niezast\u0105piony pomocnik dla Twojej fajki wodnej i jej akcesori\u00f3w. Zasada dzia\u0142ania polega na tym, \u017ce odparowana woda ma temperatur\u0119 100 stopni, wi\u0119c wszystkie bakterie i mikroby s\u0105 zabijane.<\/p>\n<p>SPECYFIKACJA:<br \/>\nKolor bia\u0142y<br \/>\nMoc: 1100 W.<br \/>\nD\u0142ugo\u015b\u0107: 255 mm<br \/>\nSzeroko\u015b\u0107: 140 mm<br \/>\nWysoko\u015b\u0107: 235 mm<br \/>\nWaga: 2 kg<br \/>\nZasilanie: sieciowe<\/p>\n<p>Czy ten sprz\u0119t do czyszczenia nie jest odpowiedni dla Twojej fajki wodnej? Zobacz innych <a href=\"https:\/\/hookahshop.lt\/pl\/kategoria-produktu\/aksesuarai-kaljanui\/valymo-priemones-kaljanui\/\" data-schema-attribute=\"\">Sprz\u0119t do czyszczenia<\/a> dobra!<\/p>\n<p>Czy masz jakie\u015b pytania? Skontaktuj si\u0119 z nami <a href=\"https:\/\/hookahshop.lt\/pl\/lacznosc\/\">strona z kontaktami<\/a> lub napisz do nas na adres <a href=\"https:\/\/facebook.com\/HookahShop.lt\/\" target=\"_blank\" rel=\"noopener noreferrer\">konto na Facebooku<\/a> a my odpowiemy na Twoj\u0105 pro\u015bb\u0119 tego samego dnia.<\/p>","protected":false},"excerpt":{"rendered":"<p>Sprz\u0119t do czyszczenia fajki wodnej przeznaczony jest do: mycia w\u0119\u017cy, trzonk\u00f3w, kubk\u00f3w. Dezynfekuje i usuwa niepotrzebne zapachy, niezast\u0105piony pomocnik dla fajki wodnej i jej akcesori\u00f3w. Zasada dzia\u0142ania, woda parzona ma temperatur\u0119 100 stopni, dzi\u0119ki czemu wszystkie bakterie i drobnoustroje ulegaj\u0105 zniszczeniu. SPECYFIKACJA: Kolor: Bia\u0142y Moc: 1100 W D\u0142ugo\u015b\u0107: 255 mm Szeroko\u015b\u0107: 140 mm Wysoko\u015b\u0107: 235 mm Waga: 2 kg \u0179r\u00f3d\u0142o zasilania: Elektryczne [...]<\/p>","protected":false},"featured_media":13490,"comment_status":"open","ping_status":"closed","template":"","meta":[],"_links":{"self":[{"href":"https:\/\/hookahshop.lt\/pl\/wp-json\/wp\/v2\/product\/13483"}],"collection":[{"href":"https:\/\/hookahshop.lt\/pl\/wp-json\/wp\/v2\/product"}],"about":[{"href":"https:\/\/hookahshop.lt\/pl\/wp-json\/wp\/v2\/types\/product"}],"replies":[{"embeddable":true,"href":"https:\/\/hookahshop.lt\/pl\/wp-json\/wp\/v2\/comments?post=13483"}],"version-history":[{"count":2,"href":"https:\/\/hookahshop.lt\/pl\/wp-json\/wp\/v2\/product\/13483\/revisions"}],"predecessor-version":[{"id":29582,"href":"https:\/\/hookahshop.lt\/pl\/wp-json\/wp\/v2\/product\/13483\/revisions\/29582"}],"wp:featuredmedia":[{"embeddable":true,"href":"https:\/\/hookahshop.lt\/pl\/wp-json\/wp\/v2\/media\/13490"}],"wp:attachment":[{"href":"https:\/\/hookahshop.lt\/pl\/wp-json\/wp\/v2\/media?parent=13483"}],"curies":[{"name":"wp","href":"https:\/\/api.w.org\/{rel}","templated":true}]}}