{"id":1351,"date":"2020-03-26T13:17:46","date_gmt":"2020-03-26T11:17:46","guid":{"rendered":"http:\/\/hookahshop.lt\/?post_type=product&#038;p=1351"},"modified":"2026-04-10T12:51:07","modified_gmt":"2026-04-10T09:51:07","slug":"anglys-kaljanui-one-nation-26mm-1kg","status":"publish","type":"product","link":"https:\/\/hookahshop.lt\/pl\/produkt\/wegiel-do-fajki-wodnej-one-nation-26mm-1kg\/","title":{"rendered":"W\u0119giel do fajki wodnej ONE NATION 26mm 1kg"},"content":{"rendered":"<h2>W\u0119giel do fajki wodnej ONE NATION 26mm 1kg<\/h2>\n<p>Wytwarzany wy\u0142\u0105cznie z \u0142upin orzecha kokosowego 100%, jest produktem naturalnym. Spalanie d\u0142u\u017csze i bardziej intensywne daje mniej popio\u0142u ni\u017c przy u\u017cyciu konwencjonalnego w\u0119gla kokosowego.<br \/>\nWymiary jednego w\u0142\u00f3kna w\u0119glowego: 26x26x26mm<br \/>\nPude\u0142ko zawiera 64 w\u0119gle.<br \/>\nNie zawiera dodatk\u00f3w chemicznych.<br \/>\nPodczas palenia nie zmienia si\u0119 zapach ani smak.<br \/>\nAby spali\u0107 w\u0119giel, potrzebujesz elektrycznej p\u0142yty grzejnej do fajki wodnej, turystycznej kuchenki gazowej lub podobnej.<br \/>\nKraj pochodzenia: Indonezja<\/p>\n<p>Czy masz jakie\u015b pytania? Skontaktuj si\u0119 z nami\u00a0<a href=\"https:\/\/hookahshop.lt\/pl\/lacznosc\/\">strona z kontaktami<\/a>\u00a0lub napisz do nas na adres\u00a0<a href=\"https:\/\/facebook.com\/HookahShop.lt\/\" target=\"_blank\" rel=\"noopener noreferrer\">konto na Facebooku<\/a>\u00a0a my odpowiemy na Twoj\u0105 pro\u015bb\u0119 tego samego dnia.<\/p>\n<p>&nbsp;<\/p>","protected":false},"excerpt":{"rendered":"<p>Pude\u0142ko zawiera 64 w\u0119gle<\/p>\n<p>Wymiary jednego w\u0142\u00f3kna w\u0119glowego: 26x26x26mm<\/p>\n<p>&nbsp;<\/p>","protected":false},"featured_media":21288,"comment_status":"open","ping_status":"closed","template":"","meta":[],"_links":{"self":[{"href":"https:\/\/hookahshop.lt\/pl\/wp-json\/wp\/v2\/product\/1351"}],"collection":[{"href":"https:\/\/hookahshop.lt\/pl\/wp-json\/wp\/v2\/product"}],"about":[{"href":"https:\/\/hookahshop.lt\/pl\/wp-json\/wp\/v2\/types\/product"}],"replies":[{"embeddable":true,"href":"https:\/\/hookahshop.lt\/pl\/wp-json\/wp\/v2\/comments?post=1351"}],"version-history":[{"count":11,"href":"https:\/\/hookahshop.lt\/pl\/wp-json\/wp\/v2\/product\/1351\/revisions"}],"predecessor-version":[{"id":20453,"href":"https:\/\/hookahshop.lt\/pl\/wp-json\/wp\/v2\/product\/1351\/revisions\/20453"}],"wp:featuredmedia":[{"embeddable":true,"href":"https:\/\/hookahshop.lt\/pl\/wp-json\/wp\/v2\/media\/21288"}],"wp:attachment":[{"href":"https:\/\/hookahshop.lt\/pl\/wp-json\/wp\/v2\/media?parent=1351"}],"curies":[{"name":"wp","href":"https:\/\/api.w.org\/{rel}","templated":true}]}}