{"id":13519,"date":"2020-11-02T22:15:39","date_gmt":"2020-11-02T20:15:39","guid":{"rendered":"https:\/\/hookahshop.lt\/?post_type=product&#038;p=13519"},"modified":"2026-04-16T10:21:18","modified_gmt":"2026-04-16T07:21:18","slug":"taurele-kaljanui-oblako-phunnel-l-glazed-flower-power","status":"publish","type":"product","link":"https:\/\/hookahshop.lt\/pl\/produkt\/szklana-szisza-chmura-lejek-l-przeszklona-flower-power\/","title":{"rendered":"Kubek do fajki wodnej OBLAKO Phunnel L Glazed Flower Power"},"content":{"rendered":"<h2>Kubek do fajki wodnej OBLAKO Phunnel L Glazed Flower Power<\/h2>\n<p>Kubek King Size, odpowiedni do palenia w towarzystwie dw\u00f3ch lub wi\u0119kszej liczby os\u00f3b, dzi\u0119ki swojej pojemno\u015bci wyd\u0142u\u017ca czas palenia!<\/p>\n<p>Kubeczek pokryty jest szkliwem, dzi\u0119ki czemu przez d\u0142ugi czas mo\u017ce zachowa\u0107 swoje pierwotne w\u0142a\u015bciwo\u015bci i wygl\u0105d. OBLAKO u\u017cywa tylko przyjaznej dla cz\u0142owieka glazury spo\u017cywczej opracowanej przez partner\u00f3w w wyspecjalizowanych laboratoriach zlokalizowanych w Gzhelskoye, jednym z tradycyjnych o\u015brodk\u00f3w produkcji ceramiki w Rosji.<\/p>\n<p>Fili\u017canka tytoniu mie\u015bci 25-30 gram\u00f3w.<\/p>\n<p>Specyfikacje:<br \/>\nWysoko\u015b\u0107: 117 mm<br \/>\n\u015arednica (zewn\u0119trzna): 77 mm<br \/>\n\u015arednica (wewn\u0119trzna): 70mm<br \/>\nG\u0142\u0119boko\u015b\u0107: 13mm<br \/>\n\u015arednica otworu: 18mm<br \/>\nLiczba otwor\u00f3w: 1<br \/>\nWaga: oko\u0142o 180 gram\u00f3w<\/p>\n<p>Czy masz jakie\u015b pytania? Skontaktuj si\u0119 z nami <a href=\"https:\/\/hookahshop.lt\/pl\/lacznosc\/\">strona z kontaktami<\/a> lub napisz do nas na adres <a href=\"https:\/\/facebook.com\/HookahShop.lt\/\" target=\"_blank\" rel=\"noopener noreferrer\">konto na Facebooku<\/a> a my odpowiemy na Twoj\u0105 pro\u015bb\u0119 tego samego dnia.<\/p>","protected":false},"excerpt":{"rendered":"<p>Kubek do fajki wodnej OBLAKO Phunnel L Glazed Flower Power Kubek \u201eKing Size\u201d, odpowiedni do palenia w towarzystwie dw\u00f3ch i wi\u0119cej os\u00f3b, dzi\u0119ki swojej pojemno\u015bci wyd\u0142u\u017ca czas palenia! Fili\u017canka pokryta jest szkliwem, dzi\u0119ki czemu przez d\u0142ugi czas zachowuje swoje pierwotne w\u0142a\u015bciwo\u015bci i wygl\u0105d. OBLAKO wykorzystuje wy\u0142\u0105cznie jadaln\u0105 glazur\u0119 bezpieczn\u0105 dla cz\u0142owieka, opracowan\u0105 przez partner\u00f3w w wyspecjalizowanych laboratoriach zlokalizowanych w jednym z tradycyjnych rosyjskich [\u2026]<\/p>","protected":false},"featured_media":13520,"comment_status":"open","ping_status":"closed","template":"","meta":[],"_links":{"self":[{"href":"https:\/\/hookahshop.lt\/pl\/wp-json\/wp\/v2\/product\/13519"}],"collection":[{"href":"https:\/\/hookahshop.lt\/pl\/wp-json\/wp\/v2\/product"}],"about":[{"href":"https:\/\/hookahshop.lt\/pl\/wp-json\/wp\/v2\/types\/product"}],"replies":[{"embeddable":true,"href":"https:\/\/hookahshop.lt\/pl\/wp-json\/wp\/v2\/comments?post=13519"}],"version-history":[{"count":4,"href":"https:\/\/hookahshop.lt\/pl\/wp-json\/wp\/v2\/product\/13519\/revisions"}],"predecessor-version":[{"id":29547,"href":"https:\/\/hookahshop.lt\/pl\/wp-json\/wp\/v2\/product\/13519\/revisions\/29547"}],"wp:featuredmedia":[{"embeddable":true,"href":"https:\/\/hookahshop.lt\/pl\/wp-json\/wp\/v2\/media\/13520"}],"wp:attachment":[{"href":"https:\/\/hookahshop.lt\/pl\/wp-json\/wp\/v2\/media?parent=13519"}],"curies":[{"name":"wp","href":"https:\/\/api.w.org\/{rel}","templated":true}]}}