{"id":13523,"date":"2020-11-02T22:28:50","date_gmt":"2020-11-02T20:28:50","guid":{"rendered":"https:\/\/hookahshop.lt\/?post_type=product&#038;p=13523"},"modified":"2026-04-15T23:29:08","modified_gmt":"2026-04-15T20:29:08","slug":"sepetelis-kaljano-sachtai-arma-white","status":"publish","type":"product","link":"https:\/\/hookahshop.lt\/pl\/produkt\/sepetelis-szisza-zamki-arma-biala\/","title":{"rendered":"Szczotka do sziszy ARMA Bia\u0142a"},"content":{"rendered":"<h2>Szczotka do sziszy ARMA Bia\u0142a<\/h2>\n<p>Szczotka przeznaczona jest do czyszczenia trzonu fajki wodnej, zaleca si\u0119 u\u017cywa\u0107 jej razem ze \u015brodkami czyszcz\u0105cymi. Si\u0119ga i pomaga w usuwaniu wszelkich zabrudze\u0144.<\/p>\n<p>Dlaczego czyszczenie trzonu fajki wodnej jest wa\u017cne?<br \/>\nPodczas u\u017cywania fajki wodnej szkodliwe substancje zawarte w dymie osadzaj\u0105 si\u0119 na \u015bciankach szybu. Nikotyna, produkty spalania w\u0119gla, zapach pozosta\u0142o\u015bci tytoniu, kt\u00f3ry by\u0142 u\u017cywany w poprzednich sesjach palenia i tak dalej. Substancje szkodliwe nie s\u0105 dobre dla zdrowia. A obce aromaty nie pozwol\u0105 ci w pe\u0142ni cieszy\u0107 si\u0119 fajk\u0105 wodn\u0105. Dlatego wa\u017cne jest, aby za ka\u017cdym razem czy\u015bci\u0107 trzonek do fajki wodnej.<br \/>\nNajlepiej czy\u015bci\u0107 trzonek fajki wodnej \u2013 po ka\u017cdym u\u017cyciu fajki wodnej.<\/p>\n<p><strong>Wymiary:<\/strong><br \/>\nD\u0142ugo\u015b\u0107: 90 cm<\/p>\n<p>Czy masz jakie\u015b pytania? Skontaktuj si\u0119 z nami <a href=\"https:\/\/hookahshop.lt\/pl\/lacznosc\/\">strona z kontaktami<\/a> lub napisz do nas na adres <a href=\"https:\/\/facebook.com\/HookahShop.lt\/\" target=\"_blank\" rel=\"noopener noreferrer\">konto na Facebooku<\/a> a my odpowiemy na Twoj\u0105 pro\u015bb\u0119 tego samego dnia.<\/p>","protected":false},"excerpt":{"rendered":"<p>P\u0119dzel do trzonka fajki wodnej ARMA White Szczotka przeznaczona jest do czyszczenia trzonka fajki wodnej, zaleca si\u0119 stosowa\u0107 razem ze \u015brodkami czyszcz\u0105cymi. Dociera i pomaga oczy\u015bci\u0107 wszelkie zanieczyszczenia. Dlaczego czyszczenie trzonka fajki wodnej jest wa\u017cne? Podczas u\u017cywania fajki wodnej szkodliwe substancje zawarte w dymie osadzaj\u0105 si\u0119 na \u015bciankach szybu. Aromat nikotyny, produkt\u00f3w spalania w\u0119gla, pozosta\u0142o\u015bci tytoniu u\u017cytego podczas poprzednich sesji palenia itp. Substancje szkodliwe nie s\u0105 [\u2026]<\/p>","protected":false},"featured_media":33881,"comment_status":"open","ping_status":"closed","template":"","meta":[],"_links":{"self":[{"href":"https:\/\/hookahshop.lt\/pl\/wp-json\/wp\/v2\/product\/13523"}],"collection":[{"href":"https:\/\/hookahshop.lt\/pl\/wp-json\/wp\/v2\/product"}],"about":[{"href":"https:\/\/hookahshop.lt\/pl\/wp-json\/wp\/v2\/types\/product"}],"replies":[{"embeddable":true,"href":"https:\/\/hookahshop.lt\/pl\/wp-json\/wp\/v2\/comments?post=13523"}],"version-history":[{"count":6,"href":"https:\/\/hookahshop.lt\/pl\/wp-json\/wp\/v2\/product\/13523\/revisions"}],"predecessor-version":[{"id":45631,"href":"https:\/\/hookahshop.lt\/pl\/wp-json\/wp\/v2\/product\/13523\/revisions\/45631"}],"wp:featuredmedia":[{"embeddable":true,"href":"https:\/\/hookahshop.lt\/pl\/wp-json\/wp\/v2\/media\/33881"}],"wp:attachment":[{"href":"https:\/\/hookahshop.lt\/pl\/wp-json\/wp\/v2\/media?parent=13523"}],"curies":[{"name":"wp","href":"https:\/\/api.w.org\/{rel}","templated":true}]}}