{"id":13533,"date":"2020-11-02T22:44:29","date_gmt":"2020-11-02T20:44:29","guid":{"rendered":"https:\/\/hookahshop.lt\/?post_type=product&#038;p=13533"},"modified":"2026-04-18T23:29:06","modified_gmt":"2026-04-18T20:29:06","slug":"oblako-killer-glazed-blackberry","status":"publish","type":"product","link":"https:\/\/hookahshop.lt\/pl\/produkt\/zabojca-chmur-glazurowana-jezyna\/","title":{"rendered":"Fajka wodna OBLAKO Killer Glazed Blackberry"},"content":{"rendered":"<h2>SZISA SZKLANA OBLAKO KILLER Glazurowana Je\u017cyna<\/h2>\n<p>Oblak&#039;s Killer - To klasyczny kubek przeszklony, odpowiedni do wszystkich rodzaj\u00f3w tytoniu, minimalna kontrola ciep\u0142a!<\/p>\n<p>Kubek pokryty jest szkliwem, dzi\u0119ki czemu zachowuje swoje pierwotne w\u0142a\u015bciwo\u015bci i wygl\u0105d przez d\u0142ugi czas. OBLAKO u\u017cywa wy\u0142\u0105cznie przyjaznej dla cz\u0142owieka glazury spo\u017cywczej opracowanej przez partner\u00f3w w wyspecjalizowanych laboratoriach zlokalizowanych w Gzhelskoye, jednym z tradycyjnych o\u015brodk\u00f3w produkcji ceramiki w Rosji.<\/p>\n<p>Fili\u017canka tytoniu mie\u015bci 25-30 gram\u00f3w.<\/p>\n<p>Specyfikacje:<br \/>\nWysoko\u015b\u0107: 120 mm<br \/>\n\u015arednica (zewn\u0119trzna): 72 mm<br \/>\n\u015arednica (wewn\u0119trzna): 62 mm<br \/>\nG\u0142\u0119boko\u015b\u0107: 15 mm<br \/>\n\u015arednica otworu: 8 mm<br \/>\nLiczba otwor\u00f3w: 5<br \/>\nWaga: oko\u0142o 197 gram\u00f3w<\/p>\n<p>Czy masz jakie\u015b pytania? Skontaktuj si\u0119 z nami <a href=\"https:\/\/hookahshop.lt\/pl\/lacznosc\/\">strona z kontaktami<\/a> lub napisz do nas na adres <a href=\"https:\/\/facebook.com\/HookahShop.lt\/\" target=\"_blank\" rel=\"noopener noreferrer\">konto na Facebooku<\/a> a my odpowiemy na Twoj\u0105 pro\u015bb\u0119 tego samego dnia.<\/p>","protected":false},"excerpt":{"rendered":"<p>PRZEGL\u0104DANE BLACKBERRY OBLAKO KILLER PRZEGL\u0104DANE BLACKBERRY OBLAKO KILLER - To klasyczne szk\u0142o szkliwione, odpowiednie do wszystkich rodzaj\u00f3w tytoniu, minimalna kontrola ciep\u0142a! Fili\u017canka pokryta jest szkliwem, dzi\u0119ki czemu przez d\u0142ugi czas zachowuje swoje pierwotne w\u0142a\u015bciwo\u015bci i wygl\u0105d. OBLAKO wykorzystuje wy\u0142\u0105cznie jadalne szkliwo bezpieczne dla cz\u0142owieka, opracowane przez partner\u00f3w w wyspecjalizowanych laboratoriach zlokalizowanych w G\u017celskoje, jednym z tradycyjnych o\u015brodk\u00f3w rosyjskiej produkcji ceramiki. [\u2026]<\/p>","protected":false},"featured_media":13534,"comment_status":"open","ping_status":"closed","template":"","meta":[],"_links":{"self":[{"href":"https:\/\/hookahshop.lt\/pl\/wp-json\/wp\/v2\/product\/13533"}],"collection":[{"href":"https:\/\/hookahshop.lt\/pl\/wp-json\/wp\/v2\/product"}],"about":[{"href":"https:\/\/hookahshop.lt\/pl\/wp-json\/wp\/v2\/types\/product"}],"replies":[{"embeddable":true,"href":"https:\/\/hookahshop.lt\/pl\/wp-json\/wp\/v2\/comments?post=13533"}],"version-history":[{"count":4,"href":"https:\/\/hookahshop.lt\/pl\/wp-json\/wp\/v2\/product\/13533\/revisions"}],"predecessor-version":[{"id":18326,"href":"https:\/\/hookahshop.lt\/pl\/wp-json\/wp\/v2\/product\/13533\/revisions\/18326"}],"wp:featuredmedia":[{"embeddable":true,"href":"https:\/\/hookahshop.lt\/pl\/wp-json\/wp\/v2\/media\/13534"}],"wp:attachment":[{"href":"https:\/\/hookahshop.lt\/pl\/wp-json\/wp\/v2\/media?parent=13533"}],"curies":[{"name":"wp","href":"https:\/\/api.w.org\/{rel}","templated":true}]}}