{"id":13537,"date":"2020-11-02T22:52:54","date_gmt":"2020-11-02T20:52:54","guid":{"rendered":"https:\/\/hookahshop.lt\/?post_type=product&#038;p=13537"},"modified":"2026-04-15T12:29:19","modified_gmt":"2026-04-15T09:29:19","slug":"taurele-kaljanui-oblako-phunnel-l-glazed-rose-gold","status":"publish","type":"product","link":"https:\/\/hookahshop.lt\/pl\/produkt\/filizanka-szisza-chmura-lejek-l-glazurowana-rozowo-zlota\/","title":{"rendered":"Fajka wodna OBLAKO Phunnel L Glazed Rose Gold"},"content":{"rendered":"<h2>Fajka wodna OBLAKO Phunnel L Glazed Rose Gold<\/h2>\n<p>Jest szkliwiony do codziennego palenia, idealny do lekkiego i ci\u0119\u017ckiego tytoniu!<\/p>\n<p>Kubeczek pokryty jest szkliwem, dzi\u0119ki czemu przez d\u0142ugi czas mo\u017ce zachowa\u0107 swoje pierwotne w\u0142a\u015bciwo\u015bci i wygl\u0105d. OBLAKO u\u017cywa tylko przyjaznej dla cz\u0142owieka glazury spo\u017cywczej opracowanej przez partner\u00f3w w wyspecjalizowanych laboratoriach zlokalizowanych w Gzhelskoye, jednym z tradycyjnych o\u015brodk\u00f3w produkcji ceramiki w Rosji.<\/p>\n<p>Kubek tytoniu mie\u015bci od 20 do 23 gram\u00f3w.<\/p>\n<p>Specyfikacje:<br \/>\nWysoko\u015b\u0107: 118mm<br \/>\n\u015arednica (zewn\u0119trzna): 74 mm<br \/>\n\u015arednica (wewn\u0119trzna): 68 mm<br \/>\nG\u0142\u0119boko\u015b\u0107: 12 mm<br \/>\n\u015arednica otworu: 12 mm<br \/>\nLiczba otwor\u00f3w: 1<br \/>\nWaga: oko\u0142o 182g.<\/p>\n<p>Czy masz jakie\u015b pytania? Skontaktuj si\u0119 z nami <a href=\"https:\/\/hookahshop.lt\/pl\/lacznosc\/\">strona z kontaktami<\/a> lub napisz do nas na adres <a href=\"https:\/\/facebook.com\/HookahShop.lt\/\" target=\"_blank\" rel=\"noopener noreferrer\">konto na Facebooku<\/a> a my odpowiemy na Twoj\u0105 pro\u015bb\u0119 tego samego dnia.<\/p>","protected":false},"excerpt":{"rendered":"<p>Fili\u017canka do fajki wodnej OBLAKO Phunnel L Glazed Rose Gold Jest szkliwiona, do codziennego palenia, idealna do lekkich i ci\u0119\u017ckich tytoni! Fili\u017canka pokryta jest szkliwem, dzi\u0119ki czemu przez d\u0142ugi czas zachowuje swoje pierwotne w\u0142a\u015bciwo\u015bci i wygl\u0105d. OBLAKO wykorzystuje wy\u0142\u0105cznie jadalne szkliwo bezpieczne dla cz\u0142owieka, opracowane przez partner\u00f3w w wyspecjalizowanych laboratoriach zlokalizowanych w jednym z tradycyjnych rosyjskich o\u015brodk\u00f3w produkcji ceramiki [\u2026]<\/p>","protected":false},"featured_media":21256,"comment_status":"open","ping_status":"closed","template":"","meta":[],"_links":{"self":[{"href":"https:\/\/hookahshop.lt\/pl\/wp-json\/wp\/v2\/product\/13537"}],"collection":[{"href":"https:\/\/hookahshop.lt\/pl\/wp-json\/wp\/v2\/product"}],"about":[{"href":"https:\/\/hookahshop.lt\/pl\/wp-json\/wp\/v2\/types\/product"}],"replies":[{"embeddable":true,"href":"https:\/\/hookahshop.lt\/pl\/wp-json\/wp\/v2\/comments?post=13537"}],"version-history":[{"count":4,"href":"https:\/\/hookahshop.lt\/pl\/wp-json\/wp\/v2\/product\/13537\/revisions"}],"predecessor-version":[{"id":33621,"href":"https:\/\/hookahshop.lt\/pl\/wp-json\/wp\/v2\/product\/13537\/revisions\/33621"}],"wp:featuredmedia":[{"embeddable":true,"href":"https:\/\/hookahshop.lt\/pl\/wp-json\/wp\/v2\/media\/21256"}],"wp:attachment":[{"href":"https:\/\/hookahshop.lt\/pl\/wp-json\/wp\/v2\/media?parent=13537"}],"curies":[{"name":"wp","href":"https:\/\/api.w.org\/{rel}","templated":true}]}}