{"id":13541,"date":"2020-11-02T23:03:04","date_gmt":"2020-11-02T21:03:04","guid":{"rendered":"https:\/\/hookahshop.lt\/?post_type=product&#038;p=13541"},"modified":"2026-04-15T23:29:14","modified_gmt":"2026-04-15T20:29:14","slug":"taurele-kaljanui-oblako-phunnel-l-glazed-quickblue","status":"publish","type":"product","link":"https:\/\/hookahshop.lt\/pl\/produkt\/kubek-szisza-chmura-lejek-l-glazurowany-quickblue\/","title":{"rendered":"Kubek do fajki wodnej OBLAKO Phunnel L Glazed Quickblue"},"content":{"rendered":"<h2>Kubek do fajki wodnej OBLAKO Phunnel L Glazed Quickblue<\/h2>\n<p>Jest szkliwiony do codziennego palenia, idealny zar\u00f3wno do lekkich, jak i ci\u0119\u017ckich tytoni!<\/p>\n<p>Kubeczek pokryty jest szkliwem, dzi\u0119ki czemu przez d\u0142ugi czas mo\u017ce zachowa\u0107 swoje pierwotne w\u0142a\u015bciwo\u015bci i wygl\u0105d. OBLAKO u\u017cywa tylko przyjaznej dla cz\u0142owieka glazury spo\u017cywczej opracowanej przez partner\u00f3w w wyspecjalizowanych laboratoriach zlokalizowanych w Gzhelskoye, jednym z tradycyjnych o\u015brodk\u00f3w produkcji ceramiki w Rosji.<\/p>\n<p>Kubek tytoniu mie\u015bci od 20 do 23 gram\u00f3w.<\/p>\n<p>Specyfikacje:<br \/>\nWysoko\u015b\u0107: 118mm<br \/>\n\u015arednica (zewn\u0119trzna): 74 mm<br \/>\n\u015arednica (wewn\u0119trzna): 68 mm<br \/>\nG\u0142\u0119boko\u015b\u0107: 12 mm<br \/>\n\u015arednica otworu: 12 mm<br \/>\nLiczba otwor\u00f3w: 1<br \/>\nWaga: oko\u0142o 182g.<\/p>\n<p>Czy masz jakie\u015b pytania? Skontaktuj si\u0119 z nami <a href=\"https:\/\/hookahshop.lt\/pl\/lacznosc\/\">strona z kontaktami<\/a> lub napisz do nas na adres <a href=\"https:\/\/facebook.com\/HookahShop.lt\/\" target=\"_blank\" rel=\"noopener noreferrer\">konto na Facebooku<\/a> a my odpowiemy na Twoj\u0105 pro\u015bb\u0119 tego samego dnia.<\/p>","protected":false},"excerpt":{"rendered":"<p>Cybuch do fajki wodnej OBLAKO Phunnel L Glazed Quickblue To szkliwiony cybuch do codziennego palenia, idealny zar\u00f3wno do lekkich, jak i ci\u0119\u017ckich tytoni! Cybuch pokryty jest szkliwem, dzi\u0119ki czemu przez d\u0142ugi czas zachowuje swoje oryginalne w\u0142a\u015bciwo\u015bci i wygl\u0105d. W OBLAKO stosuje si\u0119 wy\u0142\u0105cznie szkliwo spo\u017cywcze, nieszkodliwe dla ludzi, kt\u00f3re zosta\u0142o opracowane przez partner\u00f3w w specjalistycznych laboratoriach zlokalizowanych w G\u017celskoje, jednym z tradycyjnych o\u015brodk\u00f3w rosyjskiej produkcji ceramicznej. Cybuch [\u2026]<\/p>","protected":false},"featured_media":13542,"comment_status":"open","ping_status":"closed","template":"","meta":[],"_links":{"self":[{"href":"https:\/\/hookahshop.lt\/pl\/wp-json\/wp\/v2\/product\/13541"}],"collection":[{"href":"https:\/\/hookahshop.lt\/pl\/wp-json\/wp\/v2\/product"}],"about":[{"href":"https:\/\/hookahshop.lt\/pl\/wp-json\/wp\/v2\/types\/product"}],"replies":[{"embeddable":true,"href":"https:\/\/hookahshop.lt\/pl\/wp-json\/wp\/v2\/comments?post=13541"}],"version-history":[{"count":3,"href":"https:\/\/hookahshop.lt\/pl\/wp-json\/wp\/v2\/product\/13541\/revisions"}],"predecessor-version":[{"id":23143,"href":"https:\/\/hookahshop.lt\/pl\/wp-json\/wp\/v2\/product\/13541\/revisions\/23143"}],"wp:featuredmedia":[{"embeddable":true,"href":"https:\/\/hookahshop.lt\/pl\/wp-json\/wp\/v2\/media\/13542"}],"wp:attachment":[{"href":"https:\/\/hookahshop.lt\/pl\/wp-json\/wp\/v2\/media?parent=13541"}],"curies":[{"name":"wp","href":"https:\/\/api.w.org\/{rel}","templated":true}]}}